{"id":1001,"date":"2026-03-13T16:59:10","date_gmt":"2026-03-13T16:59:10","guid":{"rendered":"https:\/\/www.lawreform.ie\/dliteanas-comhlachas-neamhchorpraithe\/"},"modified":"2026-05-08T14:16:56","modified_gmt":"2026-05-08T14:16:56","slug":"dliteanas-comhlachas-neamhchorpraithe","status":"publish","type":"page","link":"https:\/\/www.lawreform.ie\/ga\/dliteanas-comhlachas-neamhchorpraithe\/","title":{"rendered":"Dliteanas Comhlachas Neamhchorpraithe"},"content":{"rendered":"<div class=\"wrapper-section wrapper-section--light block--section-heading-block\">\n  <div class=\"ui-grid align-center\">\n    <div class=\"cell medium-10 large-8 text-center\">\n      <div class=\"flex-container flex-gap-20 flex-column\">\n          <p class=\"subheading\">Tionscadail Reatha<\/p>\n          <h2>Dliteanas Comhlachas Neamhchorpraithe<\/h2>\n      <\/div>\n    <\/div>\n  <\/div>\n<\/div>\n\n<div class=\"wrapper-section wrapper-section--white\">\n    <div class=\"ui-grid\">\n        <div class=\"cell medium-12\">\n            <article class=\"content-flow wysiwyg\">\n                <h3>C\u00falra<\/h3>\n<p>Sa bhliain 2019, thosaigh an Coimisi\u00fan ag obair ar dhliteanas comhlachas neamhchorpraithe faoina Ch\u00faigi\u00fa Cl\u00e1r um Athch\u00f3iri\u00fa an Dl\u00ed. Leagadh b\u00e9im ar an ng\u00e1 at\u00e1 le hathch\u00f3iri\u00fa sa bhreithi\u00fanas \u00f3n gC\u00fairt Uachtarach in Hickey v McGowan (2017), rud inar nochtadh na teorainneacha a bhaineann le comhlachais neamhchorpraithe a choinne\u00e1il cuntasach i leith \u00e9ag\u00f3racha sibhialta.<\/p>\n<p>&nbsp;<\/p>\n<h3>Tionscadal<\/h3>\n<p>Scr\u00fada\u00edtear an m\u00e9id seo a leanas sa tionscadal:<\/p>\n<ul>\n<li>Saincheisteanna Dliteanais Shibhialta: In Hickey v McGowan, chinn an Ch\u00fairt Uachtarach nach bhf\u00e9adfadh gear\u00e1na\u00ed breithi\u00fanas a fh\u00e1il in aghaidh s\u00f3cmhainn\u00ed oird rialta neamhchorpraithe, \u00e1 r\u00e1 nach bhf\u00e9adfadh s\u00e9\/s\u00ed breithi\u00fanas a fh\u00e1il ach amh\u00e1in in aghaidh comhalta\u00ed aonair ag an am iomchu\u00ed. Is l\u00e9iri\u00fa \u00e9 sin ar an bprionsabal dl\u00ed choitinn nach bhfuil aon phearsantacht dhl\u00edtheanach ar leith ag comhlachta\u00ed neamhchorpraithe.<\/li>\n<li>C\u00e1sdl\u00ed Eile: In Murphy v Roche, rialaigh an Ard-Ch\u00fairt nach bhf\u00e9adfadh ball de chlub CLG a gorta\u00edodh ar \u00e1itreabh an chlub an dl\u00ed a chur ar an gclub, toisc gurbh ionann \u00e9 sin agus an dl\u00ed a chur air f\u00e9in. Tagann \u00e1bhair imn\u00ed bhunreacht\u00fala faoi Airteagal 40 (c\u00f3ir chomhionann agus rochtain ar ch\u00fairteanna) agus faoi Airteagal 6 den Choinbhinsi\u00fan Eorpach um Chearta an Duine as c\u00e1sanna den s\u00f3rt sin.<\/li>\n<li>Dliteanas Coiri\u00fail: I gcodarsnacht leis sin, f\u00e9adfaidh feidhm a bheith ag dliteanas coiri\u00fail maidir le comhlachta\u00ed neamhchorpraithe. In An Sti\u00farth\u00f3ir Ionch\u00faiseamh Poibl\u00ed v Wexford Farmers Club, dheimhnigh an Ard-Ch\u00fairt go bhf\u00e9adfa\u00ed comhlachta\u00ed den s\u00f3rt sin a chiont\u00fa faoi reachtanna amhail an tAcht Deochanna Meisci\u00fala, toisc go bhfola\u00edonn \u201cduine\u201d comhlachais neamhchorpraithe faoin Acht L\u00e9iri\u00fach\u00e1in.<\/li>\n<li>Eochaircheisteanna: Ar cheart pearsantacht dhl\u00edtheanach ar leith a thabhairt do chomhlachais neamhchorpraithe? Ar cheart do bhaill a bheith in ann an dl\u00ed a chur ar a gcomhlachais f\u00e9in? An bhfuil tuilleadh soil\u00e9ire ag teast\u00e1il maidir le dliteanas coiri\u00fail?<\/li>\n<\/ul>\n<p>&nbsp;<\/p>\n<h3>Na ch\u00e9ad ch\u00e9imeanna eile<\/h3>\n<p>D\u00e9anfaidh an Coimisi\u00fan ini\u00fachadh ar na roghanna reachtacha at\u00e1 ann maidir le haghaidh a thabhairt ar dhliteanas sibhialta agus ar dhliteanas coiri\u00fail agus ar c\u00e9 acu a fh\u00e9adfar n\u00f3 nach bhf\u00e9adfar pearsantacht dhl\u00edtheanach a thabhairt do chomhlachais \u00e1irithe mar chuid d\u2019athch\u00f3irithe agus ar c\u00e9 acu ba cheart n\u00f3 n\u00e1r cheart d\u00e9anamh amhlaidh.<\/p>\n<p>&nbsp;<\/p>\n<h3><strong>Doicim\u00e9id<\/strong><\/h3>\n<p><a href=\"https:\/\/publications.lawreform.ie\/Portal\/External\/en-GB\/RecordView\/Index\/63037\">P\u00e1ip\u00e9ar Comhairli\u00fach\u00e1in ar Dhliteanas Clubanna, Cumann agus Comhlachas Neamhchorpraithe Eile<\/a>, a foils\u00edodh sa bhliain 2022.<\/p>\n<p>&nbsp;<\/p>\n<h3><strong>An tEolas is Deireana\u00ed<\/strong><\/h3>\n\n            <\/article>\n        <\/div>\n    <\/div>\n<\/div>","protected":false},"excerpt":{"rendered":"","protected":false},"author":12,"featured_media":0,"parent":0,"menu_order":0,"comment_status":"closed","ping_status":"closed","template":"","meta":{"_acf_changed":true,"footnotes":""},"class_list":["post-1001","page","type-page","status-publish","hentry"],"acf":[],"yoast_head":"<!-- This site is optimized with the Yoast SEO plugin v27.6 - https:\/\/yoast.com\/product\/yoast-seo-wordpress\/ -->\n<title>Dliteanas Comhlachas Neamhchorpraithe - Law Reform<\/title>\n<meta name=\"robots\" content=\"index, follow, max-snippet:-1, max-image-preview:large, max-video-preview:-1\" \/>\n<link rel=\"canonical\" href=\"https:\/\/www.lawreform.ie\/ga\/dliteanas-comhlachas-neamhchorpraithe\/\" \/>\n<meta property=\"og:locale\" content=\"en_US\" \/>\n<meta property=\"og:type\" content=\"article\" \/>\n<meta property=\"og:title\" content=\"Dliteanas Comhlachas Neamhchorpraithe - Law Reform\" \/>\n<meta property=\"og:url\" content=\"https:\/\/www.lawreform.ie\/ga\/dliteanas-comhlachas-neamhchorpraithe\/\" \/>\n<meta property=\"og:site_name\" content=\"Law Reform\" \/>\n<meta property=\"article:modified_time\" content=\"2026-05-08T14:16:56+00:00\" \/>\n<meta name=\"twitter:card\" content=\"summary_large_image\" \/>\n<script type=\"application\/ld+json\" class=\"yoast-schema-graph\">{\"@context\":\"https:\\\/\\\/schema.org\",\"@graph\":[{\"@type\":\"WebPage\",\"@id\":\"https:\\\/\\\/www.lawreform.ie\\\/ga\\\/dliteanas-comhlachas-neamhchorpraithe\\\/\",\"url\":\"https:\\\/\\\/www.lawreform.ie\\\/ga\\\/dliteanas-comhlachas-neamhchorpraithe\\\/\",\"name\":\"Dliteanas Comhlachas Neamhchorpraithe - Law Reform\",\"isPartOf\":{\"@id\":\"https:\\\/\\\/www.lawreform.ie\\\/#website\"},\"datePublished\":\"2026-03-13T16:59:10+00:00\",\"dateModified\":\"2026-05-08T14:16:56+00:00\",\"breadcrumb\":{\"@id\":\"https:\\\/\\\/www.lawreform.ie\\\/ga\\\/dliteanas-comhlachas-neamhchorpraithe\\\/#breadcrumb\"},\"inLanguage\":\"ga\",\"potentialAction\":[{\"@type\":\"ReadAction\",\"target\":[\"https:\\\/\\\/www.lawreform.ie\\\/ga\\\/dliteanas-comhlachas-neamhchorpraithe\\\/\"]}]},{\"@type\":\"BreadcrumbList\",\"@id\":\"https:\\\/\\\/www.lawreform.ie\\\/ga\\\/dliteanas-comhlachas-neamhchorpraithe\\\/#breadcrumb\",\"itemListElement\":[{\"@type\":\"ListItem\",\"position\":1,\"name\":\"Home\",\"item\":\"https:\\\/\\\/www.lawreform.ie\\\/ga\\\/\"},{\"@type\":\"ListItem\",\"position\":2,\"name\":\"Dliteanas Comhlachas Neamhchorpraithe\"}]},{\"@type\":\"WebSite\",\"@id\":\"https:\\\/\\\/www.lawreform.ie\\\/#website\",\"url\":\"https:\\\/\\\/www.lawreform.ie\\\/\",\"name\":\"Law Reform\",\"description\":\"\",\"publisher\":{\"@id\":\"https:\\\/\\\/www.lawreform.ie\\\/#organization\"},\"potentialAction\":[{\"@type\":\"SearchAction\",\"target\":{\"@type\":\"EntryPoint\",\"urlTemplate\":\"https:\\\/\\\/www.lawreform.ie\\\/?s={search_term_string}\"},\"query-input\":{\"@type\":\"PropertyValueSpecification\",\"valueRequired\":true,\"valueName\":\"search_term_string\"}}],\"inLanguage\":\"ga\"},{\"@type\":\"Organization\",\"@id\":\"https:\\\/\\\/www.lawreform.ie\\\/#organization\",\"name\":\"Law Reform\",\"url\":\"https:\\\/\\\/www.lawreform.ie\\\/\",\"logo\":{\"@type\":\"ImageObject\",\"inLanguage\":\"ga\",\"@id\":\"https:\\\/\\\/www.lawreform.ie\\\/#\\\/schema\\\/logo\\\/image\\\/\",\"url\":\"https:\\\/\\\/www.lawreform.ie\\\/wp-content\\\/uploads\\\/2026\\\/02\\\/logo_LRC.svg\",\"contentUrl\":\"https:\\\/\\\/www.lawreform.ie\\\/wp-content\\\/uploads\\\/2026\\\/02\\\/logo_LRC.svg\",\"width\":1,\"height\":1,\"caption\":\"Law Reform\"},\"image\":{\"@id\":\"https:\\\/\\\/www.lawreform.ie\\\/#\\\/schema\\\/logo\\\/image\\\/\"}}]}<\/script>\n<!-- \/ Yoast SEO plugin. -->","yoast_head_json":{"title":"Dliteanas Comhlachas Neamhchorpraithe - Law Reform","robots":{"index":"index","follow":"follow","max-snippet":"max-snippet:-1","max-image-preview":"max-image-preview:large","max-video-preview":"max-video-preview:-1"},"canonical":"https:\/\/www.lawreform.ie\/ga\/dliteanas-comhlachas-neamhchorpraithe\/","og_locale":"en_US","og_type":"article","og_title":"Dliteanas Comhlachas Neamhchorpraithe - Law Reform","og_url":"https:\/\/www.lawreform.ie\/ga\/dliteanas-comhlachas-neamhchorpraithe\/","og_site_name":"Law Reform","article_modified_time":"2026-05-08T14:16:56+00:00","twitter_card":"summary_large_image","schema":{"@context":"https:\/\/schema.org","@graph":[{"@type":"WebPage","@id":"https:\/\/www.lawreform.ie\/ga\/dliteanas-comhlachas-neamhchorpraithe\/","url":"https:\/\/www.lawreform.ie\/ga\/dliteanas-comhlachas-neamhchorpraithe\/","name":"Dliteanas Comhlachas Neamhchorpraithe - Law Reform","isPartOf":{"@id":"https:\/\/www.lawreform.ie\/#website"},"datePublished":"2026-03-13T16:59:10+00:00","dateModified":"2026-05-08T14:16:56+00:00","breadcrumb":{"@id":"https:\/\/www.lawreform.ie\/ga\/dliteanas-comhlachas-neamhchorpraithe\/#breadcrumb"},"inLanguage":"ga","potentialAction":[{"@type":"ReadAction","target":["https:\/\/www.lawreform.ie\/ga\/dliteanas-comhlachas-neamhchorpraithe\/"]}]},{"@type":"BreadcrumbList","@id":"https:\/\/www.lawreform.ie\/ga\/dliteanas-comhlachas-neamhchorpraithe\/#breadcrumb","itemListElement":[{"@type":"ListItem","position":1,"name":"Home","item":"https:\/\/www.lawreform.ie\/ga\/"},{"@type":"ListItem","position":2,"name":"Dliteanas Comhlachas Neamhchorpraithe"}]},{"@type":"WebSite","@id":"https:\/\/www.lawreform.ie\/#website","url":"https:\/\/www.lawreform.ie\/","name":"Law Reform","description":"","publisher":{"@id":"https:\/\/www.lawreform.ie\/#organization"},"potentialAction":[{"@type":"SearchAction","target":{"@type":"EntryPoint","urlTemplate":"https:\/\/www.lawreform.ie\/?s={search_term_string}"},"query-input":{"@type":"PropertyValueSpecification","valueRequired":true,"valueName":"search_term_string"}}],"inLanguage":"ga"},{"@type":"Organization","@id":"https:\/\/www.lawreform.ie\/#organization","name":"Law Reform","url":"https:\/\/www.lawreform.ie\/","logo":{"@type":"ImageObject","inLanguage":"ga","@id":"https:\/\/www.lawreform.ie\/#\/schema\/logo\/image\/","url":"https:\/\/www.lawreform.ie\/wp-content\/uploads\/2026\/02\/logo_LRC.svg","contentUrl":"https:\/\/www.lawreform.ie\/wp-content\/uploads\/2026\/02\/logo_LRC.svg","width":1,"height":1,"caption":"Law Reform"},"image":{"@id":"https:\/\/www.lawreform.ie\/#\/schema\/logo\/image\/"}}]}},"_links":{"self":[{"href":"https:\/\/www.lawreform.ie\/ga\/wp-json\/wp\/v2\/pages\/1001","targetHints":{"allow":["GET"]}}],"collection":[{"href":"https:\/\/www.lawreform.ie\/ga\/wp-json\/wp\/v2\/pages"}],"about":[{"href":"https:\/\/www.lawreform.ie\/ga\/wp-json\/wp\/v2\/types\/page"}],"author":[{"embeddable":true,"href":"https:\/\/www.lawreform.ie\/ga\/wp-json\/wp\/v2\/users\/12"}],"replies":[{"embeddable":true,"href":"https:\/\/www.lawreform.ie\/ga\/wp-json\/wp\/v2\/comments?post=1001"}],"version-history":[{"count":0,"href":"https:\/\/www.lawreform.ie\/ga\/wp-json\/wp\/v2\/pages\/1001\/revisions"}],"wp:attachment":[{"href":"https:\/\/www.lawreform.ie\/ga\/wp-json\/wp\/v2\/media?parent=1001"}],"curies":[{"name":"wp","href":"https:\/\/api.w.org\/{rel}","templated":true}]}}