{"id":1002,"date":"2026-03-13T17:00:52","date_gmt":"2026-03-13T17:00:52","guid":{"rendered":"https:\/\/www.lawreform.ie\/gneithe-den-dli-teaghlaigh-aithint-dhlithiuil-colscarthai-coigriche\/"},"modified":"2026-05-12T11:15:48","modified_gmt":"2026-05-12T11:15:48","slug":"gneithe-den-dli-teaghlaigh-aithint-dhlithiuil-colscarthai-coigriche","status":"publish","type":"page","link":"https:\/\/www.lawreform.ie\/ga\/gneithe-den-dli-teaghlaigh-aithint-dhlithiuil-colscarthai-coigriche\/","title":{"rendered":"Gn\u00e9ithe den Dl\u00ed Teaghlaigh (Aithint dhl\u00edthi\u00fail colscartha\u00ed coigr\u00edche)"},"content":{"rendered":"<div class=\"wrapper-section wrapper-section--light block--section-heading-block\">\n  <div class=\"ui-grid align-center\">\n    <div class=\"cell medium-10 large-8 text-center\">\n      <div class=\"flex-container flex-gap-20 flex-column\">\n          <p class=\"subheading\">Tionscadail Reatha<\/p>\n          <h2>Gn\u00e9ithe den Dl\u00ed Teaghlaigh (Aithint dhl\u00edthi\u00fail colscartha\u00ed coigr\u00edche) <\/h2>\n      <\/div>\n    <\/div>\n  <\/div>\n<\/div>\n\n<div class=\"wrapper-section wrapper-section--white\">\n    <div class=\"ui-grid\">\n        <div class=\"cell medium-12\">\n            <article class=\"content-flow wysiwyg\">\n                <h3><strong>C\u00falra<\/strong><\/h3>\n<p>I roinnt aighneachta\u00ed a rinneadh chuig an gCoimisi\u00fan, cuireadh \u00e1bhair imn\u00ed in i\u00fal maidir le h\u00e9iginnteacht i nd\u00e1il le haithint colscartha\u00ed coigr\u00edche. T\u00e1 an t\u00e1st\u00e1il reatha, ar dheimhnigh an Ch\u00fairt Uachtarach \u00ed in H v H, bunaithe ar c\u00e9 acu a bh\u00ed n\u00f3 nach raibh sainch\u00f3na\u00ed ar ch\u00e9ile amh\u00e1in sa dl\u00ednse eachtrach, seachas ar c\u00e9 acu a bh\u00ed n\u00f3 nach raibh gn\u00e1thch\u00f3na\u00ed air\/uirthi inti.<\/p>\n<p>&nbsp;<\/p>\n<h3>Tionscadal<\/h3>\n<p>Bearta\u00edtear an m\u00e9id seo a leanas a scr\u00fad\u00fa sa tionscadal seo:<\/p>\n<ul>\n<li><strong>An T\u00e1st\u00e1il Reatha le haghaidh Aithint Colscartha\u00ed Coigr\u00edche:<\/strong> In H v H, chinn an Ch\u00fairt Uachtarach gurb \u00ed sainch\u00f3na\u00ed, agus n\u00ed gn\u00e1thch\u00f3na\u00ed, a chinneann an aithint. I gc\u00e1s sainch\u00f3naithe, is g\u00e1 meas\u00fan\u00fa a dh\u00e9anamh ar an r\u00fan at\u00e1 ag duine fanacht i ndl\u00ednse, rud ar f\u00e9idir leis a bheith casta. I gcompar\u00e1id leis sin, t\u00e1 gn\u00e1thch\u00f3na\u00ed bunaithe ar imthosca f\u00edorasacha agus is f\u00e9idir leis a bheith n\u00edos simpl\u00ed.<\/li>\n<li><strong>Athch\u00f3iri\u00fa F\u00e9ideartha:<\/strong> Thug an Ch\u00fairt Uachtarach le fios go bhf\u00e9adfa\u00ed an t\u00e1st\u00e1il a athr\u00fa go gn\u00e1thch\u00f3na\u00ed le reachta\u00edocht. Breithneofar sa tionscadal c\u00e9 acu at\u00e1 n\u00f3 nach bhfuil athch\u00f3iri\u00fa den s\u00f3rt sin cu\u00ed.<\/li>\n<li><strong>Saincheisteanna Gaolmhara:<\/strong> Is f\u00e9idir go n-athbhreithneofar sa tionscadal freisin aithint p\u00f3sta\u00ed polagamacha agus seachph\u00f3sta\u00ed, mar a mhol an Ch\u00fairt Uachtarach in HAH v SAA agus Daoine Eile, agus \u00ed ag r\u00e1 go mbainfeadh na r\u00e9ims\u00ed sin tairbhe as scr\u00fad\u00fa breise.<\/li>\n<\/ul>\n<p>&nbsp;<\/p>\n<h3>Na ch\u00e9ad ch\u00e9imeanna eile<\/h3>\n<p>D\u00e9anfaidh an Coimisi\u00fan raon feidhme an tionscadail a mheas go cr\u00edochn\u00fail chun na pr\u00edomh-shaincheisteanna a shainaithint, agus seolfaidh s\u00e9 comhairli\u00fach\u00e1n ar thogra\u00ed le haghaidh athch\u00f3irithe<\/p>\n<p>&nbsp;<\/p>\n<h3>Doicim\u00e9id<\/h3>\n<p><span data-olk-copy-source=\"MessageBody\">Cuirfear nuashonruithe leis ag d\u00e1ta n\u00edos d\u00e9ana\u00ed.<\/span><\/p>\n<p>&nbsp;<\/p>\n<h3>An tEolas is Deireana\u00ed<\/h3>\n<p><span data-olk-copy-source=\"MessageBody\">Cuirfear nuashonruithe leis ag d\u00e1ta n\u00edos d\u00e9ana\u00ed.<\/span><\/p>\n\n            <\/article>\n        <\/div>\n    <\/div>\n<\/div>","protected":false},"excerpt":{"rendered":"","protected":false},"author":12,"featured_media":0,"parent":0,"menu_order":0,"comment_status":"closed","ping_status":"closed","template":"","meta":{"_acf_changed":true,"footnotes":""},"class_list":["post-1002","page","type-page","status-publish","hentry"],"acf":[],"yoast_head":"<!-- This site is optimized with the Yoast SEO plugin v27.6 - https:\/\/yoast.com\/product\/yoast-seo-wordpress\/ -->\n<title>Gn\u00e9ithe den Dl\u00ed Teaghlaigh (Aithint dhl\u00edthi\u00fail colscartha\u00ed coigr\u00edche) - Law Reform<\/title>\n<meta name=\"robots\" content=\"index, follow, max-snippet:-1, max-image-preview:large, max-video-preview:-1\" \/>\n<link rel=\"canonical\" href=\"https:\/\/www.lawreform.ie\/ga\/gneithe-den-dli-teaghlaigh-aithint-dhlithiuil-colscarthai-coigriche\/\" \/>\n<meta property=\"og:locale\" content=\"en_US\" \/>\n<meta property=\"og:type\" content=\"article\" \/>\n<meta property=\"og:title\" content=\"Gn\u00e9ithe den Dl\u00ed Teaghlaigh (Aithint dhl\u00edthi\u00fail colscartha\u00ed coigr\u00edche) - Law Reform\" \/>\n<meta property=\"og:url\" content=\"https:\/\/www.lawreform.ie\/ga\/gneithe-den-dli-teaghlaigh-aithint-dhlithiuil-colscarthai-coigriche\/\" \/>\n<meta property=\"og:site_name\" content=\"Law Reform\" \/>\n<meta property=\"article:modified_time\" content=\"2026-05-12T11:15:48+00:00\" \/>\n<meta name=\"twitter:card\" content=\"summary_large_image\" \/>\n<script type=\"application\/ld+json\" class=\"yoast-schema-graph\">{\"@context\":\"https:\\\/\\\/schema.org\",\"@graph\":[{\"@type\":\"WebPage\",\"@id\":\"https:\\\/\\\/www.lawreform.ie\\\/ga\\\/gneithe-den-dli-teaghlaigh-aithint-dhlithiuil-colscarthai-coigriche\\\/\",\"url\":\"https:\\\/\\\/www.lawreform.ie\\\/ga\\\/gneithe-den-dli-teaghlaigh-aithint-dhlithiuil-colscarthai-coigriche\\\/\",\"name\":\"Gn\u00e9ithe den Dl\u00ed Teaghlaigh (Aithint dhl\u00edthi\u00fail colscartha\u00ed coigr\u00edche) - Law Reform\",\"isPartOf\":{\"@id\":\"https:\\\/\\\/www.lawreform.ie\\\/#website\"},\"datePublished\":\"2026-03-13T17:00:52+00:00\",\"dateModified\":\"2026-05-12T11:15:48+00:00\",\"breadcrumb\":{\"@id\":\"https:\\\/\\\/www.lawreform.ie\\\/ga\\\/gneithe-den-dli-teaghlaigh-aithint-dhlithiuil-colscarthai-coigriche\\\/#breadcrumb\"},\"inLanguage\":\"ga\",\"potentialAction\":[{\"@type\":\"ReadAction\",\"target\":[\"https:\\\/\\\/www.lawreform.ie\\\/ga\\\/gneithe-den-dli-teaghlaigh-aithint-dhlithiuil-colscarthai-coigriche\\\/\"]}]},{\"@type\":\"BreadcrumbList\",\"@id\":\"https:\\\/\\\/www.lawreform.ie\\\/ga\\\/gneithe-den-dli-teaghlaigh-aithint-dhlithiuil-colscarthai-coigriche\\\/#breadcrumb\",\"itemListElement\":[{\"@type\":\"ListItem\",\"position\":1,\"name\":\"Home\",\"item\":\"https:\\\/\\\/www.lawreform.ie\\\/ga\\\/\"},{\"@type\":\"ListItem\",\"position\":2,\"name\":\"Gn\u00e9ithe den Dl\u00ed Teaghlaigh (Aithint dhl\u00edthi\u00fail colscartha\u00ed coigr\u00edche)\"}]},{\"@type\":\"WebSite\",\"@id\":\"https:\\\/\\\/www.lawreform.ie\\\/#website\",\"url\":\"https:\\\/\\\/www.lawreform.ie\\\/\",\"name\":\"Law Reform\",\"description\":\"\",\"publisher\":{\"@id\":\"https:\\\/\\\/www.lawreform.ie\\\/#organization\"},\"potentialAction\":[{\"@type\":\"SearchAction\",\"target\":{\"@type\":\"EntryPoint\",\"urlTemplate\":\"https:\\\/\\\/www.lawreform.ie\\\/?s={search_term_string}\"},\"query-input\":{\"@type\":\"PropertyValueSpecification\",\"valueRequired\":true,\"valueName\":\"search_term_string\"}}],\"inLanguage\":\"ga\"},{\"@type\":\"Organization\",\"@id\":\"https:\\\/\\\/www.lawreform.ie\\\/#organization\",\"name\":\"Law Reform\",\"url\":\"https:\\\/\\\/www.lawreform.ie\\\/\",\"logo\":{\"@type\":\"ImageObject\",\"inLanguage\":\"ga\",\"@id\":\"https:\\\/\\\/www.lawreform.ie\\\/#\\\/schema\\\/logo\\\/image\\\/\",\"url\":\"https:\\\/\\\/www.lawreform.ie\\\/wp-content\\\/uploads\\\/2026\\\/02\\\/logo_LRC.svg\",\"contentUrl\":\"https:\\\/\\\/www.lawreform.ie\\\/wp-content\\\/uploads\\\/2026\\\/02\\\/logo_LRC.svg\",\"width\":1,\"height\":1,\"caption\":\"Law Reform\"},\"image\":{\"@id\":\"https:\\\/\\\/www.lawreform.ie\\\/#\\\/schema\\\/logo\\\/image\\\/\"}}]}<\/script>\n<!-- \/ Yoast SEO plugin. -->","yoast_head_json":{"title":"Gn\u00e9ithe den Dl\u00ed Teaghlaigh (Aithint dhl\u00edthi\u00fail colscartha\u00ed coigr\u00edche) - Law Reform","robots":{"index":"index","follow":"follow","max-snippet":"max-snippet:-1","max-image-preview":"max-image-preview:large","max-video-preview":"max-video-preview:-1"},"canonical":"https:\/\/www.lawreform.ie\/ga\/gneithe-den-dli-teaghlaigh-aithint-dhlithiuil-colscarthai-coigriche\/","og_locale":"en_US","og_type":"article","og_title":"Gn\u00e9ithe den Dl\u00ed Teaghlaigh (Aithint dhl\u00edthi\u00fail colscartha\u00ed coigr\u00edche) - Law Reform","og_url":"https:\/\/www.lawreform.ie\/ga\/gneithe-den-dli-teaghlaigh-aithint-dhlithiuil-colscarthai-coigriche\/","og_site_name":"Law Reform","article_modified_time":"2026-05-12T11:15:48+00:00","twitter_card":"summary_large_image","schema":{"@context":"https:\/\/schema.org","@graph":[{"@type":"WebPage","@id":"https:\/\/www.lawreform.ie\/ga\/gneithe-den-dli-teaghlaigh-aithint-dhlithiuil-colscarthai-coigriche\/","url":"https:\/\/www.lawreform.ie\/ga\/gneithe-den-dli-teaghlaigh-aithint-dhlithiuil-colscarthai-coigriche\/","name":"Gn\u00e9ithe den Dl\u00ed Teaghlaigh (Aithint dhl\u00edthi\u00fail colscartha\u00ed coigr\u00edche) - Law Reform","isPartOf":{"@id":"https:\/\/www.lawreform.ie\/#website"},"datePublished":"2026-03-13T17:00:52+00:00","dateModified":"2026-05-12T11:15:48+00:00","breadcrumb":{"@id":"https:\/\/www.lawreform.ie\/ga\/gneithe-den-dli-teaghlaigh-aithint-dhlithiuil-colscarthai-coigriche\/#breadcrumb"},"inLanguage":"ga","potentialAction":[{"@type":"ReadAction","target":["https:\/\/www.lawreform.ie\/ga\/gneithe-den-dli-teaghlaigh-aithint-dhlithiuil-colscarthai-coigriche\/"]}]},{"@type":"BreadcrumbList","@id":"https:\/\/www.lawreform.ie\/ga\/gneithe-den-dli-teaghlaigh-aithint-dhlithiuil-colscarthai-coigriche\/#breadcrumb","itemListElement":[{"@type":"ListItem","position":1,"name":"Home","item":"https:\/\/www.lawreform.ie\/ga\/"},{"@type":"ListItem","position":2,"name":"Gn\u00e9ithe den Dl\u00ed Teaghlaigh (Aithint dhl\u00edthi\u00fail colscartha\u00ed coigr\u00edche)"}]},{"@type":"WebSite","@id":"https:\/\/www.lawreform.ie\/#website","url":"https:\/\/www.lawreform.ie\/","name":"Law Reform","description":"","publisher":{"@id":"https:\/\/www.lawreform.ie\/#organization"},"potentialAction":[{"@type":"SearchAction","target":{"@type":"EntryPoint","urlTemplate":"https:\/\/www.lawreform.ie\/?s={search_term_string}"},"query-input":{"@type":"PropertyValueSpecification","valueRequired":true,"valueName":"search_term_string"}}],"inLanguage":"ga"},{"@type":"Organization","@id":"https:\/\/www.lawreform.ie\/#organization","name":"Law Reform","url":"https:\/\/www.lawreform.ie\/","logo":{"@type":"ImageObject","inLanguage":"ga","@id":"https:\/\/www.lawreform.ie\/#\/schema\/logo\/image\/","url":"https:\/\/www.lawreform.ie\/wp-content\/uploads\/2026\/02\/logo_LRC.svg","contentUrl":"https:\/\/www.lawreform.ie\/wp-content\/uploads\/2026\/02\/logo_LRC.svg","width":1,"height":1,"caption":"Law Reform"},"image":{"@id":"https:\/\/www.lawreform.ie\/#\/schema\/logo\/image\/"}}]}},"_links":{"self":[{"href":"https:\/\/www.lawreform.ie\/ga\/wp-json\/wp\/v2\/pages\/1002","targetHints":{"allow":["GET"]}}],"collection":[{"href":"https:\/\/www.lawreform.ie\/ga\/wp-json\/wp\/v2\/pages"}],"about":[{"href":"https:\/\/www.lawreform.ie\/ga\/wp-json\/wp\/v2\/types\/page"}],"author":[{"embeddable":true,"href":"https:\/\/www.lawreform.ie\/ga\/wp-json\/wp\/v2\/users\/12"}],"replies":[{"embeddable":true,"href":"https:\/\/www.lawreform.ie\/ga\/wp-json\/wp\/v2\/comments?post=1002"}],"version-history":[{"count":0,"href":"https:\/\/www.lawreform.ie\/ga\/wp-json\/wp\/v2\/pages\/1002\/revisions"}],"wp:attachment":[{"href":"https:\/\/www.lawreform.ie\/ga\/wp-json\/wp\/v2\/media?parent=1002"}],"curies":[{"name":"wp","href":"https:\/\/api.w.org\/{rel}","templated":true}]}}