{"id":1074,"date":"2026-05-13T10:27:10","date_gmt":"2026-05-13T10:27:10","guid":{"rendered":"https:\/\/www.lawreform.ie\/raiteas-inrochtaineachta\/"},"modified":"2026-05-13T15:31:18","modified_gmt":"2026-05-13T15:31:18","slug":"raiteas-inrochtaineachta","status":"publish","type":"page","link":"https:\/\/www.lawreform.ie\/ga\/raiteas-inrochtaineachta\/","title":{"rendered":"R\u00e1iteas Inrochtaineachta"},"content":{"rendered":"<div class=\"wrapper-section wrapper-section--light block--section-heading-block\">\n  <div class=\"ui-grid align-center\">\n    <div class=\"cell medium-10 large-8 text-center\">\n      <div class=\"flex-container flex-gap-20 flex-column\">\n          <h2>R\u00e1iteas Inrochtaineachta<\/h2>\n      <\/div>\n    <\/div>\n  <\/div>\n<\/div>\n\n<div class=\"wrapper-section wrapper-section--white\">\n    <div class=\"ui-grid\">\n        <div class=\"cell medium-12\">\n            <article class=\"content-flow wysiwyg\">\n                <h4>Raon feidhme<\/h4>\n<p>Baineann an r\u00e1iteas seo le h\u00e1bhar ar <a href=\"https:\/\/www.lawreform.ie\">https:\/\/www.lawreform.ie<\/a> (\u201can su\u00edomh gr\u00e9as\u00e1in\u201d).<\/p>\n<p>&nbsp;<\/p>\n<h4>\u00c1r dtiomantas<\/h4>\n<p><strong>T\u00e1 Coimisi\u00fan na h\u00c9ireann um Athch\u00f3iri\u00fa an Dl\u00ed <\/strong>tiomanta d\u00e1r su\u00edomh gr\u00e9as\u00e1in a dh\u00e9anamh inrochtana agus in\u00fas\u00e1idte do ch\u00e1ch. T\u00e1 an su\u00edomh gr\u00e9as\u00e1in seo deartha chun an caighde\u00e1n<a href=\"https:\/\/www.etsi.org\/deliver\/etsi_en\/301500_301599\/301549\/03.02.01_60\/en_301549v030201p.pdf\" target=\"_blank\" rel=\"noopener\"> teicni\u00fail le haghaidh su\u00edomhanna gr\u00e9as\u00e1in agus aipeanna mh\u00f3ib\u00edleacha a chomhl\u00edonadh, EN 301 549 v.3.2.1.<\/a> Leanann s\u00e9 seo go dl\u00fath leibh\u00e9al \u2018AA\u2019 de <a href=\"https:\/\/www.w3.org\/TR\/WCAG22\/\" target=\"_blank\" rel=\"noopener\">na Treoirl\u00ednte um Inrochtaineacht \u00c1bhar Gr\u00e9as\u00e1in (TIAG) leagan 2.2.<\/a><\/p>\n<h4>Cad ba cheart duit a bheith in ann a dh\u00e9anamh ar an su\u00edomh seo<\/h4>\n<p>Ba ch\u00f3ir go mbeife\u00e1 in ann:<\/p>\n<ul>\n<li>z\u00fam\u00e1il suas le 200% gan t\u00e9acs a dhoirteadh den sc\u00e1ile\u00e1n<\/li>\n<li>nasclean\u00faint a dh\u00e9anamh ar an gcuid is m\u00f3 den su\u00edomh gr\u00e9as\u00e1in ag baint \u00fas\u00e1ide as m\u00e9archl\u00e1r amh\u00e1in<\/li>\n<li>nasclean\u00faint a dh\u00e9anamh ar an gcuid is m\u00f3 den su\u00edomh gr\u00e9as\u00e1in ag baint \u00fas\u00e1ide as l\u00e9itheoir sc\u00e1ile\u00e1in nua-aimseartha agus bogearra\u00ed aitheantais urlabhra (ar do r\u00edomhaire n\u00f3 ar do ghuth\u00e1n)<\/li>\n<\/ul>\n<p>&nbsp;<\/p>\n<h4>Compliance status<\/h4>\n<p>Bunaithe ar \u00e1r meas\u00fan\u00fa is d\u00e9ana\u00ed, t\u00e1 an su\u00edomh gr\u00e9as\u00e1in seo i gcomhr\u00e9ir<strong> le TIAG 2.2 Leibh\u00e9al AA.<\/strong><\/p>\n<p>&nbsp;<\/p>\n<h4><strong>Fadhbanna inrochtaineachta aitheanta\u00a0<\/strong><\/h4>\n<p><strong>\u00c1bhar neamhchomhl\u00edontach\u00a0<\/strong><\/p>\n<p><span style=\"font-weight: 400;\">N\u00edl a fhios againn faoi aon neamhchomhl\u00edonta sonracha faoi l\u00e1thair. Mar sin f\u00e9in, l\u00e9ir\u00edonn an r\u00e1iteas seo tortha\u00ed ini\u00fachta a rinneadh an 30 Aibre\u00e1n 2026 agus n\u00ed fh\u00e9adfaidh s\u00e9 gach bacainn inrochtaineachta a ghabh\u00e1il.<\/span><b><\/b><\/p>\n<p><span style=\"font-weight: 400;\">Leanfaimid orainn ag d\u00e9anamh monat\u00f3ireachta agus ag feabhs\u00fa inrochtaineachta ar bhonn lean\u00fanach.<\/span><b>\u00a0<\/b><\/p>\n<p><strong>\u00c1bhar nach bhfuil faoi raon feidhme na reachta\u00edochta\u00a0<\/strong><\/p>\n<p><span style=\"font-weight: 400;\">T\u00e1 an t-\u00e1bhar seo a leanas d\u00edolmhaithe:<\/span><b>\u00a0<\/b><\/p>\n<ul>\n<li><span style=\"font-weight: 400;\"> PDFanna a foils\u00edodh roimh an 23 Me\u00e1n F\u00f3mhair 2018.<\/span><\/li>\n<li><span style=\"font-weight: 400;\"> Comhph\u00e1irteanna tr\u00ed\u00fa p\u00e1irt\u00ed nach bhfuil a gc\u00f3d bun\u00fasach faoi smacht againn, lena n-\u00e1ir\u00edtear \u00e1r mbainisteoir toilithe fian\u00e1n (CookiePro), aschur \u00e1irithe \u00f3 Fhoirm Teagmh\u00e1la 7, MapGeo, agus breise\u00e1in tr\u00ed\u00fa p\u00e1irt\u00ed eile.<\/span><\/li>\n<\/ul>\n<p>&nbsp;<\/p>\n<h4><strong>Sonra\u00edochta\u00ed teicni\u00fala<\/strong><\/h4>\n<p><span style=\"font-weight: 400;\">Braitheann an su\u00edomh gr\u00e9as\u00e1in seo ar na teicneola\u00edochta\u00ed seo a leanas chun oibri\u00fa leis an measc\u00e1n de bhrabhs\u00e1la\u00ed gr\u00e9as\u00e1in agus aon teicneola\u00edochta\u00ed c\u00fanta n\u00f3 breise\u00e1in ar do r\u00edomhaire: HTML, WAI-ARIA, CSS, JavaScript, SVG, PDF.<\/span><\/p>\n<h4><\/h4>\n<h4><strong>Conas a dh\u00e9anaimid t\u00e1st\u00e1il ar an su\u00edomh seo<\/strong><\/h4>\n<p><span style=\"font-weight: 400;\">D\u00e9anaimid meas\u00fan\u00fa ar an su\u00edomh gr\u00e9as\u00e1in i gcoinne TIAG 2.2 Leibh\u00e9al AA tr\u00ed \u00fas\u00e1id a bhaint as measc\u00e1n de th\u00e1st\u00e1il uathoibrithe agus l\u00e1imhe, lena n-\u00e1ir\u00edtear seice\u00e1lacha m\u00e9archl\u00e1ir amh\u00e1in agus t\u00e1st\u00e1il l\u00e9itheoir\u00ed sc\u00e1ile\u00e1in. Leanann \u00e1r gcur chuige modheola\u00edocht <\/span><a href=\"https:\/\/www.w3.org\/WAI\/test-evaluate\/conformance\/wcag-em\/\"><span style=\"font-weight: 400;\">WCAG-EM W3C<\/span><\/a><span style=\"font-weight: 400;\">.<\/span><\/p>\n<h4><\/h4>\n<h4><strong>Aiseolas agus faisn\u00e9is teagmh\u00e1la<\/strong><\/h4>\n<p><span style=\"font-weight: 400;\">Cuirimid f\u00e1ilte roimh aiseolas maidir le hinrochtaineacht an tsu\u00edmh ghr\u00e9as\u00e1in seo agus iarratais ar fhaisn\u00e9is i bhform\u00e1id\u00ed malartacha.\u00a0<\/span><\/p>\n<ul>\n<li><span style=\"font-weight: 400;\"> R\u00edomhphost: AccessOfficer@lawreform.ie<\/span><\/li>\n<li><span style=\"font-weight: 400;\">Seoladh poist: Teach Styne, Sr\u00e1id Upper Hatch, Baile \u00c1tha Cliath 2, D02 DY27, \u00c9ire<\/span><\/li>\n<li><span style=\"font-weight: 400;\">Teagmh\u00e1la\u00ed inrochtaineachta: Katie Conlon (Taca\u00edocht Dhl\u00edthi\u00fail agus Chorpar\u00e1ideach: Oifigeach Rochtana)<\/span><\/li>\n<\/ul>\n<p><span style=\"font-weight: 400;\">T\u00e1 s\u00e9 mar aidhm againn freagra a thabhairt laistigh de 5 l\u00e1 gn\u00f3 agus rogha eile inrochtana a shol\u00e1thar nuair is f\u00e9idir. <\/span><\/p>\n<p><span style=\"font-weight: 400;\">Mura bhfuil t\u00fa in ann teagmh\u00e1il a dh\u00e9anamh le Katie, seol r\u00edomhphost chuig <\/span><a href=\"mailto:info@lawreform.ie\"><span style=\"font-weight: 400;\">info@lawreform.ie<\/span><\/a><\/p>\n<p>&nbsp;<\/p>\n<h4><strong>Iarratais ar \u00e1bhar i bhform\u00e1id mhalartach<\/strong><\/h4>\n<p><span style=\"font-weight: 400;\">M\u00e1s mian leat \u00e1bhar ar leith i bhform\u00e1id inrochtana, seol r\u00edomhphost chuig <\/span><a href=\"mailto:AccessOfficer@lawreform.ie\"><span style=\"font-weight: 400;\">AccessOfficer@lawreform.ie<\/span><\/a><span style=\"font-weight: 400;\"> agus cuir san \u00e1ireamh:<\/span><\/p>\n<ul>\n<li><span style=\"font-weight: 400;\"> An fhorm\u00e1id at\u00e1 uait<\/span><\/li>\n<li><span style=\"font-weight: 400;\"> An t-\u00e1bhar is mian leat a fh\u00e1il (cuir an seoladh gr\u00e9as\u00e1in san \u00e1ireamh le do thoil)\u00a0<\/span><\/li>\n<li><span style=\"font-weight: 400;\"> D&#8217;ainm agus do shonra\u00ed teagmh\u00e1la\u00a0<\/span><\/li>\n<\/ul>\n<p><span style=\"font-weight: 400;\">D\u00e9anfaimid gach iarracht r\u00e9as\u00fanta chun d&#8217;iarratas a chomhl\u00edonadh.<\/span><\/p>\n<p>&nbsp;<\/p>\n<h4><strong>Cad at\u00e1 \u00e1 dh\u00e9anamh againn chun inrochtaineacht a fheabhs\u00fa\u00a0<\/strong><\/h4>\n<ul>\n<li><span style=\"font-weight: 400;\"> Tugann muid t\u00fas \u00e1ite d\u2019aon r\u00e9itigh ar fhadhbanna agus riana\u00edmid iad in\u00e1r gc\u00falghairm gr\u00e9as\u00e1in.<\/span><\/li>\n<li><span style=\"font-weight: 400;\"> T\u00e1imid ag comhoibri\u00fa go lean\u00fanach len\u00e1r sol\u00e1thra\u00ed chun treoirl\u00ednte TIAG 2.2 Leibh\u00e9al AA a fheabhs\u00fa agus a chomhl\u00edonadh.\u00a0<\/span><\/li>\n<li><span style=\"font-weight: 400;\"> D\u00e9anaimid ini\u00fachta\u00ed inrochtaineachta gach bliain agus d\u00e9anaimid t\u00e1st\u00e1il ar leathanaigh th\u00e1bhachtacha tar \u00e9is eisi\u00faint\u00ed m\u00f3ra.<\/span><\/li>\n<\/ul>\n<p>&nbsp;<\/p>\n<h4><strong>N\u00f3s imeachta forfheidhmithe<\/strong><\/h4>\n<p><span style=\"font-weight: 400;\">Mura bhfuil t\u00fa s\u00e1sta len\u00e1r bhfreagra agus m\u00e1 chreideann t\u00fa gur deineadh idirdheal\u00fa i do choinne agus t\u00fa ag rochtain earra\u00ed n\u00f3 seirbh\u00eds\u00ed, is f\u00e9idir leat gear\u00e1n a dh\u00e9anamh faoi na hAchtanna um St\u00e1das Comhionann leis an gCoimisi\u00fan um Chaidreamh san \u00c1it Oibre (WRC).\u00a0<\/span><\/p>\n<ul>\n<li><a href=\"https:\/\/www.workplacerelations.ie\/en\/contact_us\/contact-details\/\"><span style=\"font-weight: 400;\">Eolas teagmh\u00e1la don Choimisi\u00fan um Chaidreamh san \u00c1it Oibre<\/span><\/a><\/li>\n<li><a href=\"https:\/\/www.workplacerelations.ie\/en\/what_you_should_know\/equal-status-and-employment-equality\/equal-status\/\"><span style=\"font-weight: 400;\">Comhairle maidir le gear\u00e1n a dh\u00e9anamh faoin Acht um St\u00e1das Comhionann<\/span><\/a><\/li>\n<\/ul>\n<p>&nbsp;<\/p>\n<h4><strong>Ullmh\u00fa an r\u00e1itis inrochtaineachta seo<\/strong><\/h4>\n<p><span style=\"font-weight: 400;\">Ullmha\u00edodh an r\u00e1iteas seo an <\/span><b>01 Bealtaine 2026.\u00a0<\/b><\/p>\n<p><span style=\"font-weight: 400;\">Rinneadh an su\u00edomh gr\u00e9as\u00e1in a ini\u00fachadh go deireanach an <\/span><b>30 Aibre\u00e1n 2026<\/b><span style=\"font-weight: 400;\"> ag baint \u00fas\u00e1ide as f\u00e9inmheas\u00fan\u00fa agus meast\u00f3ireacht tr\u00ed\u00fa p\u00e1irt\u00ed araon.\u00a0 <\/span><\/p>\n<p><span style=\"font-weight: 400;\">D\u00e9anaimid athbhreithni\u00fa ar an r\u00e1iteas seo gach bliain.<\/span><\/p>\n<p>&nbsp;<\/p>\n<h4><b>Barra Uirlis\u00ed ReachDeck<\/b><\/h4>\n<p><span style=\"font-weight: 400;\">Chuireamar <\/span><a href=\"https:\/\/www.everway.com\/products\/reachdeck\/\"><b>Barra Uirlis\u00ed ReachDeck<\/b><\/a><span style=\"font-weight: 400;\"> len\u00e1r su\u00edomh. M\u00e1 bh\u00edonn deacrachta\u00ed agat leis an l\u00e9itheoireacht, m\u00e1 t\u00e1 lag\u00fa radhairc ort, n\u00f3 m\u00e1s fearr leat l\u00e9amh i dteanga seachas B\u00e9arla, is f\u00e9idir le Barra Uirlis\u00ed ReachDeck cabhr\u00fa leat.\u00a0<\/span><\/p>\n<p>&nbsp;<\/p>\n<h6><b>Conas a oibr\u00edonn Barra Uirlis\u00ed ReachDeck?<\/b><span style=\"font-weight: 400;\">\u00a0<\/span><\/h6>\n<p><span style=\"font-weight: 400;\">Clice\u00e1il ar an gcnaipe seo at\u00e1 suite sa ch\u00fainne uachtarach ar chl\u00e9 d\u00e1r su\u00edomh gr\u00e9as\u00e1in.\u00a0 <\/span><span style=\"font-weight: 400;\">Seolfaidh s\u00e9 seo Barra Uirlis\u00ed ReachDeck. Feicfidh t\u00fa a roghanna ag barr do sc\u00e1ile\u00e1in.\u00a0<\/span><\/p>\n<p>&nbsp;<\/p>\n<h6><b>Conas a chabhra\u00edonn Barra Uirlis\u00ed ReachDeck?<\/b><span style=\"font-weight: 400;\">\u00a0<\/span><\/h6>\n<p><span style=\"font-weight: 400;\">Cabhr\u00f3idh feidhmeanna Barra Uirlis\u00ed ReachDeck leat an t-\u00e1bhar ar \u00e1r su\u00edomh gr\u00e9as\u00e1in a l\u00e9amh agus a aistri\u00fa. \u00c1ir\u00edtear ar a ghn\u00e9ithe:<\/span><\/p>\n<p>&nbsp;<\/p>\n<h6><b>Ainligh chun labhairt<\/b><span style=\"font-weight: 400;\">\u00a0<\/span><\/h6>\n<p><span style=\"font-weight: 400;\">L\u00e9ifidh an uirlis seo os ard gach abairt a ainl\u00edonn t\u00fa os a chionn. Leanfaidh s\u00ed ar aghaidh ansin, abairt ar abairt, go dt\u00ed go sroicheann s\u00ed an deireadh n\u00f3 go nd\u00fanann t\u00fa an uirlis.\u00a0<\/span><\/p>\n<p>&nbsp;<\/p>\n<h6><b>Abair an rogha reatha<\/b><\/h6>\n<p><span style=\"font-weight: 400;\">T\u00e1 s\u00e9 seo cos\u00fail leis an uirlis &#8216;Ainligh chun labhairt&#8217;. Is \u00e9 an difr\u00edocht n\u00e1 go l\u00e9ifidh an uirlis seo cuid den t\u00e9acs at\u00e1 aibhsithe. Mura roghna\u00edonn t\u00fa t\u00e9acs, l\u00e9ifidh s\u00ed an leathanach ar fad amach.\u00a0<\/span><\/p>\n<p>&nbsp;<\/p>\n<h6><b>Stop ag seinm\u00a0<\/b><\/h6>\n<p><span style=\"font-weight: 400;\">Ligeann s\u00e9 seo duit stop a chur le seinm an t\u00e9acs roghnaithe.<\/span><\/p>\n<p>&nbsp;<\/p>\n<h6><b>Aistrigh leathanach<\/b><span style=\"font-weight: 400;\">\u00a0<\/span><\/h6>\n<p><span style=\"font-weight: 400;\">Aistr\u00edonn an uirlis seo an t\u00e9acs ar an leathanach go teangacha \u00e9ags\u00fala. Nuair a chlice\u00e1lann t\u00fa ar an uirlis, feicfear liosta teangacha i roghchl\u00e1r anuas. Roghnaigh teanga agus aistreoidh s\u00e9 an leathanach.<\/span><\/p>\n<p><span style=\"font-weight: 400;\">\u00a0<\/span><\/p>\n<h6><b>Focl\u00f3ir picti\u00far\u00a0<\/b><\/h6>\n<p><span style=\"font-weight: 400;\">Ligeann an uirlis seo duit focal a aibhsi\u00fa agus \u00edomh\u00e1nna a fh\u00e1il chun cabhr\u00fa le focail a shaini\u00fa.\u00a0<\/span><\/p>\n<p>&nbsp;<\/p>\n<h6><b>D\u00e9ant\u00f3ir MP3<\/b><span style=\"font-weight: 400;\">\u00a0<\/span><\/h6>\n<p><span style=\"font-weight: 400;\">Cruth\u00f3idh s\u00e9 seo comhad fuaime MP3 ar f\u00e9idir leat a \u00edosl\u00f3d\u00e1il agus a sheinm ar do sheinnteoir MP3, ar do ghuth\u00e1n cliste n\u00f3 ar do r\u00edomhaire. Beidh ort an t\u00e9acs is mian leat a thiont\u00fa ina chomhad MP3 a roghn\u00fa, agus ansin clice\u00e1il ar an uirlis.\u00a0<\/span><\/p>\n<p>&nbsp;<\/p>\n<h6><b>Masc sc\u00e1ile\u00e1in<\/b><\/h6>\n<p><span style=\"font-weight: 400;\">Aibhs\u00edonn an masc sc\u00e1ile\u00e1in cuid dronuilleogach den sc\u00e1ile\u00e1n chun cabhr\u00fa le daoine a bhfuil cine\u00e1lacha \u00e1irithe disl\u00e9icse n\u00f3 deacrachta\u00ed foghlama acu. T\u00e1 dh\u00e1 rogha ann don uirlis seo ar f\u00e9idir leat a athr\u00fa sa roghchl\u00e1r socruithe. <\/span><span style=\"font-weight: 400;\">Dorcha\u00edonn an rial\u00f3ir an chuid dronuilleogach agus t\u00e1 s\u00e9 cos\u00fail le leathanach a l\u00e9amh ag baint \u00fas\u00e1ide as rial\u00f3ir chun l\u00edne ar l\u00edne a lean\u00faint.<\/span><\/p>\n<p><span style=\"font-weight: 400;\">T\u00e1 an bosca litreacha ar a mhalairt: t\u00e1 an chuid eile den leathanach dorcha agus t\u00e1 an chuid dronuilleogach n\u00edos \u00e9adroime.<\/span><\/p>\n<p>&nbsp;<\/p>\n<h6><span style=\"font-weight: 400;\">\u00a0<\/span><b>Formh\u00e9adaitheoir t\u00e9acs<\/b><span style=\"font-weight: 400;\">\u00a0<\/span><\/h6>\n<p><span style=\"font-weight: 400;\">T\u00e1 an formh\u00e9adaitheoir t\u00e9acs ag barr an leathanaigh agus beidh t\u00fa in ann an t\u00e9acs a chloiste\u00e1il \u00e1 l\u00e9amh os ard. Is f\u00e9idir leat m\u00e9id an t\u00e9acs formh\u00e9adaithe a athr\u00fa sa roghchl\u00e1r socruithe \u00f3 rogha c\u00faig rogha.\u00a0<\/span><\/p>\n<p>&nbsp;<\/p>\n<h6><b>Simpligh\u00a0<\/b><\/h6>\n<p><span style=\"font-weight: 400;\">Bainfidh an uirlis seo na roghchl\u00e1ir agus na bosca\u00ed go l\u00e9ir a chuireann isteach ar leathanach, agus n\u00ed fh\u00e1gfaidh s\u00ed ach an t-alt. T\u00e1 s\u00e9 \u00fas\u00e1ideach chun leathanaigh fhada t\u00e9acs a l\u00e9amh chomh maith le leathanaigh a phriont\u00e1il. Is f\u00e9idir leat na gn\u00e9ithe &#8216;Dath an t\u00e9acs&#8217; i &#8216;M\u00f3d Simpligh&#8217; a \u00fas\u00e1id freisin m\u00e1s fearr leat dath c\u00falra difri\u00fail.\u00a0<\/span><\/p>\n<p><span style=\"font-weight: 400;\">An bhfuil taca\u00edocht uait? T\u00e1 Texthelp ann duit. T<\/span><span style=\"font-weight: 400;\">\u00e9igh chuig <\/span><a href=\"https:\/\/support.texthelp.com\/help\/reachdeck\/\"><b>Su\u00edomh Taca\u00edochta<\/b><\/a><span style=\"font-weight: 400;\"> tiomnaithe Texthelp chun neart alt \u00fas\u00e1ideach a fh\u00e1il ar ReachDeck.<\/span><\/p>\n\n            <\/article>\n        <\/div>\n    <\/div>\n<\/div>","protected":false},"excerpt":{"rendered":"","protected":false},"author":19,"featured_media":0,"parent":0,"menu_order":0,"comment_status":"closed","ping_status":"closed","template":"","meta":{"_acf_changed":true,"footnotes":""},"class_list":["post-1074","page","type-page","status-publish","hentry"],"acf":[],"yoast_head":"<!-- This site is optimized with the Yoast SEO plugin v27.6 - https:\/\/yoast.com\/product\/yoast-seo-wordpress\/ -->\n<title>R\u00e1iteas Inrochtaineachta - Law Reform<\/title>\n<meta name=\"robots\" content=\"index, follow, max-snippet:-1, max-image-preview:large, max-video-preview:-1\" \/>\n<link rel=\"canonical\" href=\"https:\/\/www.lawreform.ie\/accessibility-statement\/\" \/>\n<meta property=\"og:locale\" content=\"en_US\" \/>\n<meta property=\"og:type\" content=\"article\" \/>\n<meta property=\"og:title\" content=\"R\u00e1iteas Inrochtaineachta - Law Reform\" \/>\n<meta property=\"og:url\" content=\"https:\/\/www.lawreform.ie\/accessibility-statement\/\" \/>\n<meta property=\"og:site_name\" content=\"Law Reform\" \/>\n<meta property=\"article:modified_time\" content=\"2026-05-13T15:31:18+00:00\" \/>\n<meta name=\"twitter:card\" content=\"summary_large_image\" \/>\n<script type=\"application\/ld+json\" class=\"yoast-schema-graph\">{\"@context\":\"https:\\\/\\\/schema.org\",\"@graph\":[{\"@type\":\"WebPage\",\"@id\":\"https:\\\/\\\/www.lawreform.ie\\\/accessibility-statement\\\/\",\"url\":\"https:\\\/\\\/www.lawreform.ie\\\/accessibility-statement\\\/\",\"name\":\"R\u00e1iteas Inrochtaineachta - Law Reform\",\"isPartOf\":{\"@id\":\"https:\\\/\\\/www.lawreform.ie\\\/#website\"},\"datePublished\":\"2026-05-13T10:27:10+00:00\",\"dateModified\":\"2026-05-13T15:31:18+00:00\",\"breadcrumb\":{\"@id\":\"https:\\\/\\\/www.lawreform.ie\\\/accessibility-statement\\\/#breadcrumb\"},\"inLanguage\":\"ga\",\"potentialAction\":[{\"@type\":\"ReadAction\",\"target\":[\"https:\\\/\\\/www.lawreform.ie\\\/accessibility-statement\\\/\"]}]},{\"@type\":\"BreadcrumbList\",\"@id\":\"https:\\\/\\\/www.lawreform.ie\\\/accessibility-statement\\\/#breadcrumb\",\"itemListElement\":[{\"@type\":\"ListItem\",\"position\":1,\"name\":\"Home\",\"item\":\"https:\\\/\\\/www.lawreform.ie\\\/ga\\\/\"},{\"@type\":\"ListItem\",\"position\":2,\"name\":\"R\u00e1iteas Inrochtaineachta\"}]},{\"@type\":\"WebSite\",\"@id\":\"https:\\\/\\\/www.lawreform.ie\\\/#website\",\"url\":\"https:\\\/\\\/www.lawreform.ie\\\/\",\"name\":\"Law Reform\",\"description\":\"\",\"publisher\":{\"@id\":\"https:\\\/\\\/www.lawreform.ie\\\/#organization\"},\"potentialAction\":[{\"@type\":\"SearchAction\",\"target\":{\"@type\":\"EntryPoint\",\"urlTemplate\":\"https:\\\/\\\/www.lawreform.ie\\\/?s={search_term_string}\"},\"query-input\":{\"@type\":\"PropertyValueSpecification\",\"valueRequired\":true,\"valueName\":\"search_term_string\"}}],\"inLanguage\":\"ga\"},{\"@type\":\"Organization\",\"@id\":\"https:\\\/\\\/www.lawreform.ie\\\/#organization\",\"name\":\"Law Reform\",\"url\":\"https:\\\/\\\/www.lawreform.ie\\\/\",\"logo\":{\"@type\":\"ImageObject\",\"inLanguage\":\"ga\",\"@id\":\"https:\\\/\\\/www.lawreform.ie\\\/#\\\/schema\\\/logo\\\/image\\\/\",\"url\":\"https:\\\/\\\/www.lawreform.ie\\\/wp-content\\\/uploads\\\/2026\\\/02\\\/logo_LRC.svg\",\"contentUrl\":\"https:\\\/\\\/www.lawreform.ie\\\/wp-content\\\/uploads\\\/2026\\\/02\\\/logo_LRC.svg\",\"width\":1,\"height\":1,\"caption\":\"Law Reform\"},\"image\":{\"@id\":\"https:\\\/\\\/www.lawreform.ie\\\/#\\\/schema\\\/logo\\\/image\\\/\"}}]}<\/script>\n<!-- \/ Yoast SEO plugin. -->","yoast_head_json":{"title":"R\u00e1iteas Inrochtaineachta - Law Reform","robots":{"index":"index","follow":"follow","max-snippet":"max-snippet:-1","max-image-preview":"max-image-preview:large","max-video-preview":"max-video-preview:-1"},"canonical":"https:\/\/www.lawreform.ie\/accessibility-statement\/","og_locale":"en_US","og_type":"article","og_title":"R\u00e1iteas Inrochtaineachta - Law Reform","og_url":"https:\/\/www.lawreform.ie\/accessibility-statement\/","og_site_name":"Law Reform","article_modified_time":"2026-05-13T15:31:18+00:00","twitter_card":"summary_large_image","schema":{"@context":"https:\/\/schema.org","@graph":[{"@type":"WebPage","@id":"https:\/\/www.lawreform.ie\/accessibility-statement\/","url":"https:\/\/www.lawreform.ie\/accessibility-statement\/","name":"R\u00e1iteas Inrochtaineachta - Law Reform","isPartOf":{"@id":"https:\/\/www.lawreform.ie\/#website"},"datePublished":"2026-05-13T10:27:10+00:00","dateModified":"2026-05-13T15:31:18+00:00","breadcrumb":{"@id":"https:\/\/www.lawreform.ie\/accessibility-statement\/#breadcrumb"},"inLanguage":"ga","potentialAction":[{"@type":"ReadAction","target":["https:\/\/www.lawreform.ie\/accessibility-statement\/"]}]},{"@type":"BreadcrumbList","@id":"https:\/\/www.lawreform.ie\/accessibility-statement\/#breadcrumb","itemListElement":[{"@type":"ListItem","position":1,"name":"Home","item":"https:\/\/www.lawreform.ie\/ga\/"},{"@type":"ListItem","position":2,"name":"R\u00e1iteas Inrochtaineachta"}]},{"@type":"WebSite","@id":"https:\/\/www.lawreform.ie\/#website","url":"https:\/\/www.lawreform.ie\/","name":"Law Reform","description":"","publisher":{"@id":"https:\/\/www.lawreform.ie\/#organization"},"potentialAction":[{"@type":"SearchAction","target":{"@type":"EntryPoint","urlTemplate":"https:\/\/www.lawreform.ie\/?s={search_term_string}"},"query-input":{"@type":"PropertyValueSpecification","valueRequired":true,"valueName":"search_term_string"}}],"inLanguage":"ga"},{"@type":"Organization","@id":"https:\/\/www.lawreform.ie\/#organization","name":"Law Reform","url":"https:\/\/www.lawreform.ie\/","logo":{"@type":"ImageObject","inLanguage":"ga","@id":"https:\/\/www.lawreform.ie\/#\/schema\/logo\/image\/","url":"https:\/\/www.lawreform.ie\/wp-content\/uploads\/2026\/02\/logo_LRC.svg","contentUrl":"https:\/\/www.lawreform.ie\/wp-content\/uploads\/2026\/02\/logo_LRC.svg","width":1,"height":1,"caption":"Law Reform"},"image":{"@id":"https:\/\/www.lawreform.ie\/#\/schema\/logo\/image\/"}}]}},"_links":{"self":[{"href":"https:\/\/www.lawreform.ie\/ga\/wp-json\/wp\/v2\/pages\/1074","targetHints":{"allow":["GET"]}}],"collection":[{"href":"https:\/\/www.lawreform.ie\/ga\/wp-json\/wp\/v2\/pages"}],"about":[{"href":"https:\/\/www.lawreform.ie\/ga\/wp-json\/wp\/v2\/types\/page"}],"author":[{"embeddable":true,"href":"https:\/\/www.lawreform.ie\/ga\/wp-json\/wp\/v2\/users\/19"}],"replies":[{"embeddable":true,"href":"https:\/\/www.lawreform.ie\/ga\/wp-json\/wp\/v2\/comments?post=1074"}],"version-history":[{"count":0,"href":"https:\/\/www.lawreform.ie\/ga\/wp-json\/wp\/v2\/pages\/1074\/revisions"}],"wp:attachment":[{"href":"https:\/\/www.lawreform.ie\/ga\/wp-json\/wp\/v2\/media?parent=1074"}],"curies":[{"name":"wp","href":"https:\/\/api.w.org\/{rel}","templated":true}]}}