{"id":842,"date":"2026-03-12T16:27:00","date_gmt":"2026-03-12T16:27:00","guid":{"rendered":"https:\/\/www.lawreform.ie\/access-to-legislation\/"},"modified":"2026-05-08T14:27:49","modified_gmt":"2026-05-08T14:27:49","slug":"access-to-legislation","status":"publish","type":"page","link":"https:\/\/www.lawreform.ie\/ga\/access-to-legislation\/","title":{"rendered":"Rochtain ar Reachta\u00edocht"},"content":{"rendered":"<div class=\"wrapper-hero bg-circles bg-circles--hero-triple block--hero-block\" data-aos=\"fade-in\" data-aos-duration=\"800\">\n  <div class=\"ui-grid\">\n    <div class=\"cell medium-12\">\n      <div class=\"media-block media-block--text-content\">\n        <div class=\"text-content\">\n            <h1>Rochtain ar Reachta\u00edocht <\/h1>\n            <div class=\"summary\">\n              <p>Gn\u00e9 r\u00edth\u00e1bhachtach d\u2019obair an Choimisi\u00fain is ea reachta\u00edocht a dh\u00e9anamh n\u00edos inrochtana don phobal. T\u00e1irgeann an Coimisi\u00fan roinnt bunachar sonra\u00ed \u00e9ags\u00fail agus roinnt uirlis\u00ed \u00e9ags\u00fala, agus coinn\u00edonn s\u00e9 ar bun iad, chun \u00e9 sin a \u00e9asc\u00fa. T\u00e1 gach ceann d\u00edobh ar f\u00e1il saor in aisce ar l\u00edne.  <\/p>\n\n            <\/div>\n        <\/div>\n      <\/div>\n    <\/div>\n  <\/div>\n<\/div>\n\n<div class=\"wrapper-section wrapper-section--white block--media-text-block\">\n  <div class=\"ui-grid\">\n    <div class=\"medium-12 cell\">\n      <div class=\"media-block media-block--reversed\">\n        <div class=\"text-content\" data-aos=\"fade-up-small\">\n            <h2>An tEolaire Reachta\u00edochta<\/h2>\n            <p>Is \u00e9 at\u00e1 san Eolaire Reachta\u00edochta n\u00e1 inn\u00e9acs at\u00e1 ar f\u00e1il go poibl\u00ed agus lena riana\u00edtear athruithe ar reachta\u00edocht phr\u00edomha \u00f3n tr\u00e9imhse r\u00e9amh-1922 agus \u00f3n tr\u00e9imhse iar-1922 agus athruithe ar reachta\u00edocht th\u00e1naisteach \u00f3n mbliain 1972 i leith.<\/p>\n\n            <div class=\"flex-container flex-gap-20\">\n                  <a href=\"https:\/\/www.lawreform.ie\/ga\/an-teolaire-reachtaiochta\/\" \n                     target=\"_blank\"\n                     class=\"btn-main btn-main--ghost\">\n                    <span aria-hidden=\"true\" class=\"szicon-arrow-right\"><\/span>\n                    Faigh tuilleadh faisn\u00e9ise faoin Eolaire Reachta\u00edochta \n                  <\/a>\n            <\/div>\n        <\/div>\n        <div class=\"media-content\">\n            <img decoding=\"async\" \n              alt=\"\"\n             \n              class=\"media-text-block__image-optimized lazyload\"\n              data-src=\"https:\/\/www.lawreform.ie\/wp-content\/uploads\/2026\/03\/Legislation-Directory-Page-picture-1024x683.jpg\"\n              data-srcset=\"https:\/\/www.lawreform.ie\/wp-content\/uploads\/2026\/03\/Legislation-Directory-Page-picture-300x200.jpg 600w,\n                https:\/\/www.lawreform.ie\/wp-content\/uploads\/2026\/03\/Legislation-Directory-Page-picture-1024x683.jpg 1920w,\n                https:\/\/www.lawreform.ie\/wp-content\/uploads\/2026\/03\/Legislation-Directory-Page-picture-scaled.jpg 2000w\"\n              data-sizes=\"(max-width: 1920px) 100vw, 1920px\"\n            src=\"data:image\/svg+xml;base64,PHN2ZyB3aWR0aD0iMSIgaGVpZ2h0PSIxIiB4bWxucz0iaHR0cDovL3d3dy53My5vcmcvMjAwMC9zdmciPjwvc3ZnPg==\" style=\"--smush-placeholder-width: 1024px; --smush-placeholder-aspect-ratio: 1024\/683;\">\n        <\/div>\n      <\/div>\n    <\/div>\n  <\/div>\n<\/div>\n\n<div class=\"wrapper-section wrapper-section--white block--media-text-block\">\n  <div class=\"ui-grid\">\n    <div class=\"medium-12 cell\">\n      <div class=\"media-block\">\n        <div class=\"text-content\" data-aos=\"fade-up-small\">\n            <h2>Achtanna Athbhreithnithe<\/h2>\n            <p>Is \u00e9 is Acht Athbhreithnithe ann comhdhl\u00fath\u00fa riarach\u00e1in ar an Acht lena mbaineann. Leis an Acht Athbhreithnithe, tugtar na leasuithe agus na hathruithe uile ar Acht ar leith le ch\u00e9ile ina dt\u00e9acs aonair, rud a dh\u00e9anann an dl\u00ed n\u00edos inrochtana do gach \u00fas\u00e1ideoir. <\/p>\n\n            <div class=\"flex-container flex-gap-20\">\n                  <a href=\"https:\/\/revisedacts.lawreform.ie\/revacts\/intro\" \n                     target=\"_blank\"\n                     class=\"btn-main btn-main--ghost\">\n                    <span aria-hidden=\"true\" class=\"szicon-arrow-right\"><\/span>\n                    Faigh tuilleadh faisn\u00e9ise faoi na hAchtanna Athbhreithnithe \n                  <\/a>\n            <\/div>\n        <\/div>\n        <div class=\"media-content\">\n            <img decoding=\"async\" \n              alt=\"\"\n             \n              class=\"media-text-block__image-optimized lazyload\"\n              data-src=\"https:\/\/www.lawreform.ie\/wp-content\/uploads\/2026\/03\/Revised-Acts-for-Access-to-Legislation-Page-1024x835.jpg\"\n              data-srcset=\"https:\/\/www.lawreform.ie\/wp-content\/uploads\/2026\/03\/Revised-Acts-for-Access-to-Legislation-Page-300x245.jpg 600w,\n                https:\/\/www.lawreform.ie\/wp-content\/uploads\/2026\/03\/Revised-Acts-for-Access-to-Legislation-Page-1024x835.jpg 1920w,\n                https:\/\/www.lawreform.ie\/wp-content\/uploads\/2026\/03\/Revised-Acts-for-Access-to-Legislation-Page-scaled.jpg 2000w\"\n              data-sizes=\"(max-width: 1920px) 100vw, 1920px\"\n            src=\"data:image\/svg+xml;base64,PHN2ZyB3aWR0aD0iMSIgaGVpZ2h0PSIxIiB4bWxucz0iaHR0cDovL3d3dy53My5vcmcvMjAwMC9zdmciPjwvc3ZnPg==\" style=\"--smush-placeholder-width: 1024px; --smush-placeholder-aspect-ratio: 1024\/835;\">\n        <\/div>\n      <\/div>\n    <\/div>\n  <\/div>\n<\/div>\n\n<div class=\"wrapper-section wrapper-section--white block--media-text-block\">\n  <div class=\"ui-grid\">\n    <div class=\"medium-12 cell\">\n      <div class=\"media-block media-block--reversed\">\n        <div class=\"text-content\" data-aos=\"fade-up-small\">\n            <h2>An Liosta Aicmithe de na hAchtanna at\u00e1 i bhFeidhm <\/h2>\n            <p>Is \u00e9 at\u00e1 sa Liosta Aicmithe n\u00e1 liosta inchuardaithe de na hAchtanna agus de na hionstraim\u00ed reacht\u00fala at\u00e1 i bhfeidhm, agus iad eagraithe faoi 36 cheannteideal \u00e1bhair, amhail an Dl\u00ed Tr\u00e1cht\u00e1la, an Dl\u00ed Coiri\u00fail, an Dl\u00ed Fosta\u00edochta, an Comhshaol, an Dl\u00ed Teaghlaigh, an Dl\u00ed Tal\u00fan, agus C\u00e1nachas.<\/p>\n\n            <div class=\"flex-container flex-gap-20\">\n                  <a href=\"https:\/\/revisedacts.lawreform.ie\/classlist\/intro\" \n                     \n                     class=\"btn-main btn-main--ghost\">\n                    <span aria-hidden=\"true\" class=\"szicon-arrow-right\"><\/span>\n                    Faigh tuilleadh faisn\u00e9ise faoin Liosta Aicmithe de na hAchtanna at\u00e1 i bhFeidhm\n                  <\/a>\n            <\/div>\n        <\/div>\n        <div class=\"media-content\">\n            <img decoding=\"async\" \n              alt=\"\"\n             \n              class=\"media-text-block__image-optimized lazyload\"\n              data-src=\"https:\/\/www.lawreform.ie\/wp-content\/uploads\/2026\/03\/Classified-list-for-Access-to-Legislation-Page-1024x828.jpg\"\n              data-srcset=\"https:\/\/www.lawreform.ie\/wp-content\/uploads\/2026\/03\/Classified-list-for-Access-to-Legislation-Page-300x243.jpg 600w,\n                https:\/\/www.lawreform.ie\/wp-content\/uploads\/2026\/03\/Classified-list-for-Access-to-Legislation-Page-1024x828.jpg 1920w,\n                https:\/\/www.lawreform.ie\/wp-content\/uploads\/2026\/03\/Classified-list-for-Access-to-Legislation-Page-scaled.jpg 2000w\"\n              data-sizes=\"(max-width: 1920px) 100vw, 1920px\"\n            src=\"data:image\/svg+xml;base64,PHN2ZyB3aWR0aD0iMSIgaGVpZ2h0PSIxIiB4bWxucz0iaHR0cDovL3d3dy53My5vcmcvMjAwMC9zdmciPjwvc3ZnPg==\" style=\"--smush-placeholder-width: 1024px; --smush-placeholder-aspect-ratio: 1024\/828;\">\n        <\/div>\n      <\/div>\n    <\/div>\n  <\/div>\n<\/div>\n\n<div class=\"wrapper-section wrapper-section--white block--media-text-block\">\n  <div class=\"ui-grid\">\n    <div class=\"medium-12 cell\">\n      <div class=\"media-block\">\n        <div class=\"text-content\" data-aos=\"fade-up-small\">\n            <h2>An Cl\u00e1r um Athch\u00f3iri\u00fa an Dl\u00ed Reacht\u00fail<\/h2>\n            <p>Leis an gCl\u00e1r um Athch\u00f3iri\u00fa an Dl\u00ed Reacht\u00fail, d\u00e9antar athbhreithni\u00fa ar reachta\u00edocht r\u00e9amh-1922 chun a chinneadh c\u00e9 na dl\u00edthe ba cheart a choime\u00e1d agus c\u00e9 na dl\u00edthe ba cheart a ch\u00falghairm. Cinnt\u00edonn s\u00e9 sin go mb\u00edonn leabhar reachtanna na h\u00c9ireann cothrom le d\u00e1ta, cruinn agus inrochtana don phobal. <\/p>\n\n            <div class=\"flex-container flex-gap-20\">\n                  <a href=\"https:\/\/www.lawreform.ie\/ga\/an-clar-um-athchoiriu-an-dli-reachtuil\/\" \n                     target=\"_blank\"\n                     class=\"btn-main btn-main--ghost\">\n                    <span aria-hidden=\"true\" class=\"szicon-arrow-right\"><\/span>\n                    Faigh tuilleadh faisn\u00e9ise faoin gCl\u00e1r um Athch\u00f3iri\u00fa an Dl\u00ed Reacht\u00fail\n                  <\/a>\n            <\/div>\n        <\/div>\n        <div class=\"media-content\">\n            <img decoding=\"async\" \n              alt=\"\"\n             \n              class=\"media-text-block__image-optimized lazyload\"\n              data-src=\"https:\/\/www.lawreform.ie\/wp-content\/uploads\/2026\/03\/Access-to-Legislation-page_Statute-Law-Revision-Programme-1024x683.jpg\"\n              data-srcset=\"https:\/\/www.lawreform.ie\/wp-content\/uploads\/2026\/03\/Access-to-Legislation-page_Statute-Law-Revision-Programme-300x200.jpg 600w,\n                https:\/\/www.lawreform.ie\/wp-content\/uploads\/2026\/03\/Access-to-Legislation-page_Statute-Law-Revision-Programme-1024x683.jpg 1920w,\n                https:\/\/www.lawreform.ie\/wp-content\/uploads\/2026\/03\/Access-to-Legislation-page_Statute-Law-Revision-Programme-scaled.jpg 2000w\"\n              data-sizes=\"(max-width: 1920px) 100vw, 1920px\"\n            src=\"data:image\/svg+xml;base64,PHN2ZyB3aWR0aD0iMSIgaGVpZ2h0PSIxIiB4bWxucz0iaHR0cDovL3d3dy53My5vcmcvMjAwMC9zdmciPjwvc3ZnPg==\" style=\"--smush-placeholder-width: 1024px; --smush-placeholder-aspect-ratio: 1024\/683;\">\n        <\/div>\n      <\/div>\n    <\/div>\n  <\/div>\n<\/div>","protected":false},"excerpt":{"rendered":"","protected":false},"author":12,"featured_media":0,"parent":0,"menu_order":0,"comment_status":"closed","ping_status":"closed","template":"","meta":{"_acf_changed":true,"footnotes":""},"class_list":["post-842","page","type-page","status-publish","hentry"],"acf":[],"yoast_head":"<!-- This site is optimized with the Yoast SEO plugin v27.6 - https:\/\/yoast.com\/product\/yoast-seo-wordpress\/ -->\n<title>Rochtain ar Reachta\u00edocht - Law Reform<\/title>\n<meta name=\"robots\" content=\"index, follow, max-snippet:-1, max-image-preview:large, max-video-preview:-1\" \/>\n<link rel=\"canonical\" href=\"https:\/\/www.lawreform.ie\/access-to-legislation\/\" \/>\n<meta property=\"og:locale\" content=\"en_US\" \/>\n<meta property=\"og:type\" content=\"article\" \/>\n<meta property=\"og:title\" content=\"Rochtain ar Reachta\u00edocht - Law Reform\" \/>\n<meta property=\"og:url\" content=\"https:\/\/www.lawreform.ie\/access-to-legislation\/\" \/>\n<meta property=\"og:site_name\" content=\"Law Reform\" \/>\n<meta property=\"article:modified_time\" content=\"2026-05-08T14:27:49+00:00\" \/>\n<meta name=\"twitter:card\" content=\"summary_large_image\" \/>\n<script type=\"application\/ld+json\" class=\"yoast-schema-graph\">{\"@context\":\"https:\\\/\\\/schema.org\",\"@graph\":[{\"@type\":\"WebPage\",\"@id\":\"https:\\\/\\\/www.lawreform.ie\\\/access-to-legislation\\\/\",\"url\":\"https:\\\/\\\/www.lawreform.ie\\\/access-to-legislation\\\/\",\"name\":\"Rochtain ar Reachta\u00edocht - Law Reform\",\"isPartOf\":{\"@id\":\"https:\\\/\\\/www.lawreform.ie\\\/#website\"},\"datePublished\":\"2026-03-12T16:27:00+00:00\",\"dateModified\":\"2026-05-08T14:27:49+00:00\",\"breadcrumb\":{\"@id\":\"https:\\\/\\\/www.lawreform.ie\\\/access-to-legislation\\\/#breadcrumb\"},\"inLanguage\":\"ga\",\"potentialAction\":[{\"@type\":\"ReadAction\",\"target\":[\"https:\\\/\\\/www.lawreform.ie\\\/access-to-legislation\\\/\"]}]},{\"@type\":\"BreadcrumbList\",\"@id\":\"https:\\\/\\\/www.lawreform.ie\\\/access-to-legislation\\\/#breadcrumb\",\"itemListElement\":[{\"@type\":\"ListItem\",\"position\":1,\"name\":\"Home\",\"item\":\"https:\\\/\\\/www.lawreform.ie\\\/ga\\\/\"},{\"@type\":\"ListItem\",\"position\":2,\"name\":\"Rochtain ar Reachta\u00edocht\"}]},{\"@type\":\"WebSite\",\"@id\":\"https:\\\/\\\/www.lawreform.ie\\\/#website\",\"url\":\"https:\\\/\\\/www.lawreform.ie\\\/\",\"name\":\"Law Reform\",\"description\":\"\",\"publisher\":{\"@id\":\"https:\\\/\\\/www.lawreform.ie\\\/#organization\"},\"potentialAction\":[{\"@type\":\"SearchAction\",\"target\":{\"@type\":\"EntryPoint\",\"urlTemplate\":\"https:\\\/\\\/www.lawreform.ie\\\/?s={search_term_string}\"},\"query-input\":{\"@type\":\"PropertyValueSpecification\",\"valueRequired\":true,\"valueName\":\"search_term_string\"}}],\"inLanguage\":\"ga\"},{\"@type\":\"Organization\",\"@id\":\"https:\\\/\\\/www.lawreform.ie\\\/#organization\",\"name\":\"Law Reform\",\"url\":\"https:\\\/\\\/www.lawreform.ie\\\/\",\"logo\":{\"@type\":\"ImageObject\",\"inLanguage\":\"ga\",\"@id\":\"https:\\\/\\\/www.lawreform.ie\\\/#\\\/schema\\\/logo\\\/image\\\/\",\"url\":\"https:\\\/\\\/www.lawreform.ie\\\/wp-content\\\/uploads\\\/2026\\\/02\\\/logo_LRC.svg\",\"contentUrl\":\"https:\\\/\\\/www.lawreform.ie\\\/wp-content\\\/uploads\\\/2026\\\/02\\\/logo_LRC.svg\",\"width\":1,\"height\":1,\"caption\":\"Law Reform\"},\"image\":{\"@id\":\"https:\\\/\\\/www.lawreform.ie\\\/#\\\/schema\\\/logo\\\/image\\\/\"}}]}<\/script>\n<!-- \/ Yoast SEO plugin. -->","yoast_head_json":{"title":"Rochtain ar Reachta\u00edocht - Law Reform","robots":{"index":"index","follow":"follow","max-snippet":"max-snippet:-1","max-image-preview":"max-image-preview:large","max-video-preview":"max-video-preview:-1"},"canonical":"https:\/\/www.lawreform.ie\/access-to-legislation\/","og_locale":"en_US","og_type":"article","og_title":"Rochtain ar Reachta\u00edocht - Law Reform","og_url":"https:\/\/www.lawreform.ie\/access-to-legislation\/","og_site_name":"Law Reform","article_modified_time":"2026-05-08T14:27:49+00:00","twitter_card":"summary_large_image","schema":{"@context":"https:\/\/schema.org","@graph":[{"@type":"WebPage","@id":"https:\/\/www.lawreform.ie\/access-to-legislation\/","url":"https:\/\/www.lawreform.ie\/access-to-legislation\/","name":"Rochtain ar Reachta\u00edocht - Law Reform","isPartOf":{"@id":"https:\/\/www.lawreform.ie\/#website"},"datePublished":"2026-03-12T16:27:00+00:00","dateModified":"2026-05-08T14:27:49+00:00","breadcrumb":{"@id":"https:\/\/www.lawreform.ie\/access-to-legislation\/#breadcrumb"},"inLanguage":"ga","potentialAction":[{"@type":"ReadAction","target":["https:\/\/www.lawreform.ie\/access-to-legislation\/"]}]},{"@type":"BreadcrumbList","@id":"https:\/\/www.lawreform.ie\/access-to-legislation\/#breadcrumb","itemListElement":[{"@type":"ListItem","position":1,"name":"Home","item":"https:\/\/www.lawreform.ie\/ga\/"},{"@type":"ListItem","position":2,"name":"Rochtain ar Reachta\u00edocht"}]},{"@type":"WebSite","@id":"https:\/\/www.lawreform.ie\/#website","url":"https:\/\/www.lawreform.ie\/","name":"Law Reform","description":"","publisher":{"@id":"https:\/\/www.lawreform.ie\/#organization"},"potentialAction":[{"@type":"SearchAction","target":{"@type":"EntryPoint","urlTemplate":"https:\/\/www.lawreform.ie\/?s={search_term_string}"},"query-input":{"@type":"PropertyValueSpecification","valueRequired":true,"valueName":"search_term_string"}}],"inLanguage":"ga"},{"@type":"Organization","@id":"https:\/\/www.lawreform.ie\/#organization","name":"Law Reform","url":"https:\/\/www.lawreform.ie\/","logo":{"@type":"ImageObject","inLanguage":"ga","@id":"https:\/\/www.lawreform.ie\/#\/schema\/logo\/image\/","url":"https:\/\/www.lawreform.ie\/wp-content\/uploads\/2026\/02\/logo_LRC.svg","contentUrl":"https:\/\/www.lawreform.ie\/wp-content\/uploads\/2026\/02\/logo_LRC.svg","width":1,"height":1,"caption":"Law Reform"},"image":{"@id":"https:\/\/www.lawreform.ie\/#\/schema\/logo\/image\/"}}]}},"_links":{"self":[{"href":"https:\/\/www.lawreform.ie\/ga\/wp-json\/wp\/v2\/pages\/842","targetHints":{"allow":["GET"]}}],"collection":[{"href":"https:\/\/www.lawreform.ie\/ga\/wp-json\/wp\/v2\/pages"}],"about":[{"href":"https:\/\/www.lawreform.ie\/ga\/wp-json\/wp\/v2\/types\/page"}],"author":[{"embeddable":true,"href":"https:\/\/www.lawreform.ie\/ga\/wp-json\/wp\/v2\/users\/12"}],"replies":[{"embeddable":true,"href":"https:\/\/www.lawreform.ie\/ga\/wp-json\/wp\/v2\/comments?post=842"}],"version-history":[{"count":0,"href":"https:\/\/www.lawreform.ie\/ga\/wp-json\/wp\/v2\/pages\/842\/revisions"}],"wp:attachment":[{"href":"https:\/\/www.lawreform.ie\/ga\/wp-json\/wp\/v2\/media?parent=842"}],"curies":[{"name":"wp","href":"https:\/\/api.w.org\/{rel}","templated":true}]}}