{"id":848,"date":"2026-02-28T07:15:40","date_gmt":"2026-02-28T07:15:40","guid":{"rendered":"https:\/\/www.lawreform.ie\/maidir-linne\/"},"modified":"2026-05-13T14:02:57","modified_gmt":"2026-05-13T14:02:57","slug":"maidir-linne","status":"publish","type":"page","link":"https:\/\/www.lawreform.ie\/ga\/maidir-linne\/","title":{"rendered":"Maidir Linne"},"content":{"rendered":"<div class=\"wrapper-hero bg-circles bg-circles--single block--hero-block\" data-aos=\"fade-in\" data-aos-duration=\"800\">\n  <div class=\"ui-grid\">\n    <div class=\"cell medium-12\">\n      <div class=\"media-block media-block--hero\">\n        <div class=\"text-content\">\n            <h1>Maidir Linne<\/h1>\n            <div class=\"summary\">\n              <p>\u201cBa cheart do rialtais i ndomhan dinimici\u00fail a bh\u00edonn ag athr\u00fa go mear a chinnti\u00fa go gcoinn\u00edtear na dl\u00edthe faoi athbhreithni\u00fa lean\u00fanach agus go n-athch\u00f3ir\u00edtear iad go tr\u00e1thrialta agus go c\u00f3rasach\u201d &#8211; Declan Costello TD (D\u00edosp\u00f3ireachta\u00ed D\u00e1la ar an mBille f\u00e1n gCoimisi\u00fan um Athch\u00f3iri\u00fa an Dl\u00ed, 1975)<\/p>\n\n            <\/div>\n            <div class=\"flex-container flex-gap-10\">\n            <\/div>\n        <\/div>\n        <div class=\"media-content\">\n          <img decoding=\"async\"\n            class=\"hero-block__image-optimized\"\n            src=\"https:\/\/www.lawreform.ie\/wp-content\/uploads\/2026\/04\/FP001166-0155a-1024x584.jpg\"\n            alt=\"\"\n            loading=\"eager\"\n            fetchpriority=\"high\"\n            srcset=\"\n              https:\/\/www.lawreform.ie\/wp-content\/uploads\/2026\/04\/FP001166-0155a-300x171.jpg 600w,\n              https:\/\/www.lawreform.ie\/wp-content\/uploads\/2026\/04\/FP001166-0155a-1024x584.jpg 1920w,\n              https:\/\/www.lawreform.ie\/wp-content\/uploads\/2026\/04\/FP001166-0155a-scaled.jpg 2000w\n            \"\n            sizes=\"(max-width: 1920px) 100vw, 1920px\"\n         >\n        <\/div>\n      <\/div>\n    <\/div>\n  <\/div>\n<\/div>\n\n<div class=\"wrapper-breadcrumbs wrapper-section--b\u00e1n block--breadcrumbs-block\">\n    <div class=\"ui-grid\">\n        <div class=\"cell medium-12\">\n        <nav aria-label=\"Breadcrumb\" id=\"breadcrumbs\" class=\"menu menu--breadcrumb\"><span><span><a href=\"https:\/\/www.lawreform.ie\/ga\/\">Home<\/a><\/span><\/span><\/nav>\n        <\/div>\n    <\/div>\n<\/div>\n\n<div class=\"wrapper-section wrapper-section--white block--media-text-block\">\n  <div class=\"ui-grid\">\n    <div class=\"medium-12 cell\">\n      <div class=\"media-block\">\n        <div class=\"text-content\" data-aos=\"fade-up-small\">\n            <h2>C\u00e9 sinne<\/h2>\n            <p>Comhlacht reacht\u00fail neamhsple\u00e1ch a buna\u00edodh faoin Acht f\u00e1n gCoimisi\u00fan um Athch\u00f3iri\u00fa an Dl\u00ed, 1975, is ea an Coimisi\u00fan um Athch\u00f3iri\u00fa an Dl\u00ed. Is \u00e9 an r\u00f3l at\u00e1 againn an dl\u00ed a choime\u00e1d faoi bhreithni\u00fa agus athch\u00f3irithe a mholadh chun a chinnti\u00fa go bhfuil s\u00e9 soil\u00e9ir, nua-aimseartha agus c\u00f3ir. \u00c1ir\u00edtear na nithe seo a leanas le hathch\u00f3iri\u00fa an dl\u00ed:  <\/p>\n<ul>\n<li>an dl\u00ed a fhorbairt<\/li>\n<li>an dl\u00ed a ch\u00f3d\u00fa (lena n-\u00e1ir\u00edtear \u00e9 a shimpli\u00fa agus a fhreacnairci\u00fa), agus<\/li>\n<li>an dl\u00ed reacht\u00fail a athbhreithni\u00fa agus a chomhdhl\u00fath\u00fa.<\/li>\n<\/ul>\n\n            <div class=\"flex-container flex-gap-20\">\n                  <a href=\"https:\/\/www.lawreform.ie\/ga\/coimisineiri\/\" \n                     target=\"_blank\"\n                     class=\"btn-main btn-main--ghost\">\n                    <span aria-hidden=\"true\" class=\"szicon-arrow-right\"><\/span>\n                    Coimisin\u00e9ir\u00ed\n                  <\/a>\n                  <a href=\"https:\/\/www.lawreform.ie\/ga\/baill-foirne-an-choimisiuin\/\" \n                     \n                     class=\"btn-main btn-main--ghost\">\n                    <span aria-hidden=\"true\" class=\"szicon-arrow-right\"><\/span>\n                    Baill Foirne an Choimisi\u00fain\n                  <\/a>\n            <\/div>\n        <\/div>\n        <div class=\"media-content\">\n            <img decoding=\"async\" \n              alt=\"\"\n             \n              class=\"media-text-block__image-optimized lazyload\"\n              data-src=\"https:\/\/www.lawreform.ie\/wp-content\/uploads\/2026\/03\/Commissioner-Picture-for-Landing-Page-and-About-Us-Page-1024x862.jpg\"\n              data-srcset=\"https:\/\/www.lawreform.ie\/wp-content\/uploads\/2026\/03\/Commissioner-Picture-for-Landing-Page-and-About-Us-Page-300x253.jpg 600w,\n                https:\/\/www.lawreform.ie\/wp-content\/uploads\/2026\/03\/Commissioner-Picture-for-Landing-Page-and-About-Us-Page-1024x862.jpg 1920w,\n                https:\/\/www.lawreform.ie\/wp-content\/uploads\/2026\/03\/Commissioner-Picture-for-Landing-Page-and-About-Us-Page-scaled.jpg 2000w\"\n              data-sizes=\"(max-width: 1920px) 100vw, 1920px\"\n            src=\"data:image\/svg+xml;base64,PHN2ZyB3aWR0aD0iMSIgaGVpZ2h0PSIxIiB4bWxucz0iaHR0cDovL3d3dy53My5vcmcvMjAwMC9zdmciPjwvc3ZnPg==\" style=\"--smush-placeholder-width: 1024px; --smush-placeholder-aspect-ratio: 1024\/862;\">\n        <\/div>\n      <\/div>\n    <\/div>\n  <\/div>\n<\/div>\n\n<div class=\"wrapper-section wrapper-section--white block--media-text-block\">\n  <div class=\"ui-grid\">\n    <div class=\"medium-12 cell\">\n      <div class=\"media-block media-block--reversed\">\n        <div class=\"text-content\" data-aos=\"fade-up-small\">\n            <h2>Na Nithe a Dh\u00e9anaimid<\/h2>\n            <p>D\u00e9anaimid taighde agus athbhreithni\u00fa ar dhl\u00edthe, t\u00e9imid i gcomhairle go forleathan, agus foils\u00edmid tuarasc\u00e1lacha ina bhfuil molta\u00ed le haghaidh athruithe. Treora\u00edonn na nithe seo a leanas \u00e1r gcuid oibre:<\/p>\n<ul>\n<li>Cl\u00e1ir um Athch\u00f3iri\u00fa an Dl\u00ed a gceada\u00edonn an Rialtas iad agus a leagtar faoi bhr\u00e1id an Oireachtais.<\/li>\n<li>Iarrata\u00ed \u00f3n Ard-Aighne maidir le r\u00e9ims\u00ed sonracha den dl\u00ed.<\/li>\n<\/ul>\n<p>Is pr\u00f3iseas ionchuimsitheach \u00e9 athch\u00f3iri\u00fa an dl\u00ed. T\u00e9imid i gcomhairle go forleathan tr\u00ed ph\u00e1ip\u00e9ir, tr\u00ed sheimine\u00e1ir agus tr\u00ed aighneachta\u00ed poibl\u00ed chun a chinnti\u00fa go mb\u00edonn dearctha\u00ed \u00e9ags\u00fala mar bhonn len\u00e1r molta\u00ed.<\/p>\n<p>Rud eile at\u00e1 i gceist le hobair an Choimisi\u00fain is ea reachta\u00edocht a dh\u00e9anamh n\u00edos inrochtana don phobal. T\u00e1irgeann an Coimisi\u00fan roinnt t\u00e1irg\u00ed a bhaineann le rochtain ar reachta\u00edocht.<\/p>\n\n            <div class=\"flex-container flex-gap-20\">\n                  <a href=\"https:\/\/www.lawreform.ie\/ga\/tionscadail-reatha\/\" \n                     target=\"_blank\"\n                     class=\"btn-main btn-main--ghost\">\n                    <span aria-hidden=\"true\" class=\"szicon-arrow-right\"><\/span>\n                    Tionscadail Reatha\n                  <\/a>\n                  <a href=\"https:\/\/www.lawreform.ie\/ga\/access-to-legislation\/\" \n                     target=\"_blank\"\n                     class=\"btn-main btn-main--ghost\">\n                    <span aria-hidden=\"true\" class=\"szicon-arrow-right\"><\/span>\n                    Rochtain ar Reachta\u00edocht\n                  <\/a>\n            <\/div>\n        <\/div>\n        <div class=\"media-content\">\n            <img decoding=\"async\" \n              alt=\"\"\n             \n              class=\"media-text-block__image-optimized lazyload\"\n              data-src=\"https:\/\/www.lawreform.ie\/wp-content\/uploads\/2026\/03\/What-We-do-picture-1024x731.jpg\"\n              data-srcset=\"https:\/\/www.lawreform.ie\/wp-content\/uploads\/2026\/03\/What-We-do-picture-300x214.jpg 600w,\n                https:\/\/www.lawreform.ie\/wp-content\/uploads\/2026\/03\/What-We-do-picture-1024x731.jpg 1920w,\n                https:\/\/www.lawreform.ie\/wp-content\/uploads\/2026\/03\/What-We-do-picture-scaled.jpg 2000w\"\n              data-sizes=\"(max-width: 1920px) 100vw, 1920px\"\n            src=\"data:image\/svg+xml;base64,PHN2ZyB3aWR0aD0iMSIgaGVpZ2h0PSIxIiB4bWxucz0iaHR0cDovL3d3dy53My5vcmcvMjAwMC9zdmciPjwvc3ZnPg==\" style=\"--smush-placeholder-width: 1024px; --smush-placeholder-aspect-ratio: 1024\/731;\">\n        <\/div>\n      <\/div>\n    <\/div>\n  <\/div>\n<\/div>\n\n<div class=\"wrapper-section wrapper-section--white block--media-text-block\">\n  <div class=\"ui-grid\">\n    <div class=\"medium-12 cell\">\n      <div class=\"media-block\">\n        <div class=\"text-content\" data-aos=\"fade-up-small\">\n            <h2>\u00c1r dtionchar a thomhas <\/h2>\n            <p>N\u00ed h\u00e9 amh\u00e1in go dtomhaistear \u00e1r dtionchar bunaithe ar na tuarasc\u00e1lacha a chuirimid le ch\u00e9ile, ach tomhaistear \u00e9 freisin bunaithe ar an tionchar a bh\u00edonn ag na tuarasc\u00e1lacha sin ar an reachta\u00edocht, \u00e1it a gcuirtear thart ar 70% d\u00e1r molta\u00ed chun feidhme.<\/p>\n<p>T\u00e1 s\u00e9 mar aidhm againn freisin oideachas a chur ar an bpobal agus r\u00f3l a thabhairt d\u00f3, feabhas a chur ar rochtain ar reachta\u00edocht, agus tr\u00e9dhearcacht a chur chun cinn. Tuigimid an t\u00e1bhacht a bhaineann leis an l\u00edon agus an raon geallsealbh\u00f3ir\u00ed a dt\u00e9itear i gcomhairle leo maidir len\u00e1r gcuid oibre. Chomh maith leis sin, cabhra\u00edonn infheictheacht tr\u00ed chaidreamh breithi\u00fanach, caidreamh acad\u00fail agus caidreamh leis na me\u00e1in len\u00e1r gcuid oibre maidir le rannchuidi\u00fa leis na haidhmeanna at\u00e1 againn gn\u00e9ithe de dhl\u00edthe na h\u00c9ireann a fhorbairt agus a athch\u00f3iri\u00fa chun a chinnti\u00fa go bhfuil siad cothromasach, nua-aimseartha, c\u00f3ir agus \u00e9ifeacht\u00fail.  <\/p>\n\n            <div class=\"flex-container flex-gap-20\">\n                  <a href=\"https:\/\/www.lawreform.ie\/ga\/tabla-cur-chun-feidhme-arna-nuashonru-i-mi-feabhra-2026\/\" \n                     target=\"_blank\"\n                     class=\"btn-main btn-main--ghost\">\n                    <span aria-hidden=\"true\" class=\"szicon-arrow-right\"><\/span>\n                    T\u00e1bla Cur Chun Feidhme\n                  <\/a>\n            <\/div>\n        <\/div>\n        <div class=\"media-content\">\n            <img decoding=\"async\" \n              alt=\"\"\n             \n              class=\"media-text-block__image-optimized lazyload\"\n              data-src=\"https:\/\/www.lawreform.ie\/wp-content\/uploads\/2026\/03\/Measure-our-impact-group-picture-1024x683.jpg\"\n              data-srcset=\"https:\/\/www.lawreform.ie\/wp-content\/uploads\/2026\/03\/Measure-our-impact-group-picture-300x200.jpg 600w,\n                https:\/\/www.lawreform.ie\/wp-content\/uploads\/2026\/03\/Measure-our-impact-group-picture-1024x683.jpg 1920w,\n                https:\/\/www.lawreform.ie\/wp-content\/uploads\/2026\/03\/Measure-our-impact-group-picture-scaled.jpg 2000w\"\n              data-sizes=\"(max-width: 1920px) 100vw, 1920px\"\n            src=\"data:image\/svg+xml;base64,PHN2ZyB3aWR0aD0iMSIgaGVpZ2h0PSIxIiB4bWxucz0iaHR0cDovL3d3dy53My5vcmcvMjAwMC9zdmciPjwvc3ZnPg==\" style=\"--smush-placeholder-width: 1024px; --smush-placeholder-aspect-ratio: 1024\/683;\">\n        <\/div>\n      <\/div>\n    <\/div>\n  <\/div>\n<\/div>\n\n<div class=\"wrapper-section wrapper-section--white block--media-text-block\">\n  <div class=\"ui-grid\">\n    <div class=\"medium-12 cell\">\n      <div class=\"media-block media-block--reversed\">\n        <div class=\"text-content\" data-aos=\"fade-up-small\">\n            <h2>Cl\u00e1ir um Athch\u00f3iri\u00fa an Dl\u00ed<\/h2>\n            <p>Is iad \u00e1r gCl\u00e1ir um Athch\u00f3iri\u00fa an Dl\u00ed an pr\u00edomh-mhodh tr\u00edna gcomhl\u00edonaimid an sainord\u00fa reacht\u00fail at\u00e1 againn an dl\u00ed a choime\u00e1d faoi bhreithni\u00fa agus athch\u00f3irithe a mholadh. I gc\u00e1s gach Cl\u00e1ir, ullmha\u00edonn an Coimisi\u00fan \u00e9, ceada\u00edonn an Rialtas \u00e9, agus leagtar \u00e9 faoi bhr\u00e1id Thithe an Oireachtais faoin Acht f\u00e1n gCoimisi\u00fan um Athch\u00f3iri\u00fa an Dl\u00ed, 1975. <\/p>\n<p>Chuireamar ceithre Chl\u00e1r um Athch\u00f3iri\u00fa an Dl\u00ed i gcr\u00edch go dt\u00ed seo, agus t\u00e1imid ag obair ar an gC\u00faigi\u00fa Cl\u00e1r faoi l\u00e1thair.<\/p>\n<ul>\n<li>Tionscadail Reatha: F\u00e9ach \u00e1r <a href=\"https:\/\/www.lawreform.ie\/ga\/tionscadail-reatha\/\">dTionscadail Reatha.<\/a><\/li>\n<li>Tionscadail at\u00e1 Curtha i gCr\u00edch: Caith s\u00fail ar \u00e1r gcuid oibre tr\u00edn <a href=\"https:\/\/publications.lawreform.ie\/Portal\/External\/en-GB\/Search\/SimpleSearch\">\u00e1r bhFoilseach\u00e1in.<\/a><\/li>\n<\/ul>\n<p>Ina theannta sin, d\u2019fhoils\u00edomar p\u00e1ip\u00e9ir chomhairli\u00fach\u00e1in ar thopaic\u00ed amhail d\u00edspeagadh c\u00fairte, cionta a bhaineann le riaradh an cheartais, agus feabhas a chur ar rochtain ar l\u00edne ar reachta\u00edocht.<\/p>\n\n            <div class=\"flex-container flex-gap-20\">\n                  <a href=\"https:\/\/www.lawreform.ie\/ga\/athchoiriu-an-dli\/\" \n                     \n                     class=\"btn-main btn-main--ghost\">\n                    <span aria-hidden=\"true\" class=\"szicon-arrow-right\"><\/span>\n                    Cl\u00e1ir um Athch\u00f3iri\u00fa an Dl\u00ed\n                  <\/a>\n            <\/div>\n        <\/div>\n        <div class=\"media-content\">\n            <img decoding=\"async\" \n              alt=\"\"\n             \n              class=\"media-text-block__image-optimized lazyload\"\n              data-src=\"https:\/\/www.lawreform.ie\/wp-content\/uploads\/2026\/03\/Programmes-of-Law-Reform-Picture-1024x683.jpg\"\n              data-srcset=\"https:\/\/www.lawreform.ie\/wp-content\/uploads\/2026\/03\/Programmes-of-Law-Reform-Picture-300x200.jpg 600w,\n                https:\/\/www.lawreform.ie\/wp-content\/uploads\/2026\/03\/Programmes-of-Law-Reform-Picture-1024x683.jpg 1920w,\n                https:\/\/www.lawreform.ie\/wp-content\/uploads\/2026\/03\/Programmes-of-Law-Reform-Picture-scaled.jpg 2000w\"\n              data-sizes=\"(max-width: 1920px) 100vw, 1920px\"\n            src=\"data:image\/svg+xml;base64,PHN2ZyB3aWR0aD0iMSIgaGVpZ2h0PSIxIiB4bWxucz0iaHR0cDovL3d3dy53My5vcmcvMjAwMC9zdmciPjwvc3ZnPg==\" style=\"--smush-placeholder-width: 1024px; --smush-placeholder-aspect-ratio: 1024\/683;\">\n        <\/div>\n      <\/div>\n    <\/div>\n  <\/div>\n<\/div>\n\n<div class=\"wrapper-section wrapper-section--white block--media-text-block\">\n  <div class=\"ui-grid\">\n    <div class=\"medium-12 cell\">\n      <div class=\"media-block\">\n        <div class=\"text-content\" data-aos=\"fade-up-small\">\n            <h2>Rialachas, Beartais agus Saor\u00e1il Faisn\u00e9ise<\/h2>\n            <p>Ceann de na pr\u00edomhfhreagrachta\u00ed at\u00e1 ar an gCoimisi\u00fan is ea dea-rialachas a chinnti\u00fa ar fud na heagra\u00edochta. Buna\u00edodh an Coimisi\u00fan um Athch\u00f3iri\u00fa an Dl\u00ed leis an Acht f\u00e1n gCoimisi\u00fan um Athch\u00f3iri\u00fa an Dl\u00ed, 1975. D\u00e1 bhr\u00ed sin, is leis an dl\u00ed a fhor\u00e1iltear don sainord\u00fa at\u00e1 againn.<br \/>\nClo\u00edonn an eagra\u00edocht leis an gC\u00f3d Cleachtais chun Comhlachta\u00ed St\u00e1it a Rial\u00fa agus, nuair a bh\u00edonn strait\u00e9is\u00ed \u00e1 ndearadh agus \u00e1 bhforbairt aici, tugann s\u00ed aird ar fhorbairt\u00ed ar fud na st\u00e1tseirbh\u00edse agus na seirbh\u00edse poibl\u00ed, go h\u00e1irithe Strait\u00e9is Athnuachana na St\u00e1tseirbh\u00edse 2030. <\/p>\n\n            <div class=\"flex-container flex-gap-20\">\n                  <a href=\"https:\/\/www.lawreform.ie\/ga\/coimisineiri\/\" \n                     target=\"_blank\"\n                     class=\"btn-main btn-main--ghost\">\n                    <span aria-hidden=\"true\" class=\"szicon-arrow-right\"><\/span>\n                    Rialachas\n                  <\/a>\n                  <a href=\"https:\/\/www.lawreform.ie\/ga\/freedom-of-information-publication-scheme\/\" \n                     target=\"_blank\"\n                     class=\"btn-main btn-main--ghost\">\n                    <span aria-hidden=\"true\" class=\"szicon-arrow-right\"><\/span>\n                    Sc\u00e9im Foilsitheoireachta Saor\u00e1la Faisn\u00e9ise \n                  <\/a>\n                  <a href=\"https:\/\/www.lawreform.ie\/ga\/an-tacht-um-nochtadh-cosanta-2014\/\" \n                     \n                     class=\"btn-main btn-main--ghost\">\n                    <span aria-hidden=\"true\" class=\"szicon-arrow-right\"><\/span>\n                    Faisn\u00e9is maidir le Nochtadh Cosanta \n                  <\/a>\n            <\/div>\n        <\/div>\n        <div class=\"media-content\">\n            <img decoding=\"async\" \n              alt=\"\"\n             \n              class=\"media-text-block__image-optimized lazyload\"\n              data-src=\"https:\/\/www.lawreform.ie\/wp-content\/uploads\/2026\/03\/Governance-Policies-FOI-picture-1024x987.jpg\"\n              data-srcset=\"https:\/\/www.lawreform.ie\/wp-content\/uploads\/2026\/03\/Governance-Policies-FOI-picture-300x289.jpg 600w,\n                https:\/\/www.lawreform.ie\/wp-content\/uploads\/2026\/03\/Governance-Policies-FOI-picture-1024x987.jpg 1920w,\n                https:\/\/www.lawreform.ie\/wp-content\/uploads\/2026\/03\/Governance-Policies-FOI-picture-scaled.jpg 2000w\"\n              data-sizes=\"(max-width: 1920px) 100vw, 1920px\"\n            src=\"data:image\/svg+xml;base64,PHN2ZyB3aWR0aD0iMSIgaGVpZ2h0PSIxIiB4bWxucz0iaHR0cDovL3d3dy53My5vcmcvMjAwMC9zdmciPjwvc3ZnPg==\" style=\"--smush-placeholder-width: 1024px; --smush-placeholder-aspect-ratio: 1024\/987;\">\n        <\/div>\n      <\/div>\n    <\/div>\n  <\/div>\n<\/div>\n\n<div class=\"wrapper-section wrapper-section--b\u00e1n  padM padBottom\" >\n\t<div class=\"ui-grid align-center\">\n\t<div class=\"cell medium-10 large-8 text-center\">\n\t\t<div class=\"flex-container flex-gap-20 flex-column\">\n\t\t<h3>Faigh tuilleadh faisn\u00e9ise faoi na nithe a dh\u00e9anaimid<\/h3>\n\n\t\t<\/div>\n\t<\/div>\n\t<\/div>\n\t<div class=\"ui-grid\">\n\t<div class=\"cell medium-12\">\n\t\t<div class=\"content-flow wysiwyg\">\n\n\t\t<iframe \n\t\t\tdata-src=\"https:\/\/www.youtube.com\/embed\/hqOVtRSFMTc?si=tGk2vgBDK9nwhtLs\" \n\t\t\tdata-thumbnail=\"https:\/\/www.lawreform.ie\/wp-content\/uploads\/2026\/04\/LRC-logo-2023-Horizontal-scaled.jpg\"\n\t\t\ttitle=\"YouTube video player\" \n\t\t\tframeborder=\"0\" \n\t\t\tallow=\"accelerometer; autoplay; clipboard-write; encrypted-media; gyroscope; picture-in-picture; web-share\" \n\t\t\treferrerpolicy=\"strict-origin-when-cross-origin\" \n\t\t\tallowfullscreen>\n\t\t<\/iframe>\n\n\t\t<\/div>\n\t<\/div>\n\t<\/div>\n<\/div>\n","protected":false},"excerpt":{"rendered":"","protected":false},"author":1,"featured_media":0,"parent":0,"menu_order":0,"comment_status":"closed","ping_status":"closed","template":"","meta":{"_acf_changed":true,"footnotes":""},"class_list":["post-848","page","type-page","status-publish","hentry"],"acf":[],"yoast_head":"<!-- This site is optimized with the Yoast SEO plugin v27.6 - https:\/\/yoast.com\/product\/yoast-seo-wordpress\/ -->\n<title>Maidir Linne - Law Reform<\/title>\n<meta name=\"robots\" content=\"index, follow, max-snippet:-1, max-image-preview:large, max-video-preview:-1\" \/>\n<link rel=\"canonical\" href=\"https:\/\/www.lawreform.ie\/about-us\/\" \/>\n<meta property=\"og:locale\" content=\"en_US\" \/>\n<meta property=\"og:type\" content=\"article\" \/>\n<meta property=\"og:title\" content=\"Maidir Linne - Law Reform\" \/>\n<meta property=\"og:url\" content=\"https:\/\/www.lawreform.ie\/about-us\/\" \/>\n<meta property=\"og:site_name\" content=\"Law Reform\" \/>\n<meta property=\"article:modified_time\" content=\"2026-05-13T14:02:57+00:00\" \/>\n<meta name=\"twitter:card\" content=\"summary_large_image\" \/>\n<script type=\"application\/ld+json\" class=\"yoast-schema-graph\">{\"@context\":\"https:\\\/\\\/schema.org\",\"@graph\":[{\"@type\":\"WebPage\",\"@id\":\"https:\\\/\\\/www.lawreform.ie\\\/about-us\\\/\",\"url\":\"https:\\\/\\\/www.lawreform.ie\\\/about-us\\\/\",\"name\":\"Maidir Linne - Law Reform\",\"isPartOf\":{\"@id\":\"https:\\\/\\\/www.lawreform.ie\\\/#website\"},\"datePublished\":\"2026-02-28T07:15:40+00:00\",\"dateModified\":\"2026-05-13T14:02:57+00:00\",\"breadcrumb\":{\"@id\":\"https:\\\/\\\/www.lawreform.ie\\\/about-us\\\/#breadcrumb\"},\"inLanguage\":\"ga\",\"potentialAction\":[{\"@type\":\"ReadAction\",\"target\":[\"https:\\\/\\\/www.lawreform.ie\\\/about-us\\\/\"]}]},{\"@type\":\"BreadcrumbList\",\"@id\":\"https:\\\/\\\/www.lawreform.ie\\\/about-us\\\/#breadcrumb\",\"itemListElement\":[{\"@type\":\"ListItem\",\"position\":1,\"name\":\"Home\",\"item\":\"https:\\\/\\\/www.lawreform.ie\\\/ga\\\/\"},{\"@type\":\"ListItem\",\"position\":2,\"name\":\"Maidir Linne\"}]},{\"@type\":\"WebSite\",\"@id\":\"https:\\\/\\\/www.lawreform.ie\\\/#website\",\"url\":\"https:\\\/\\\/www.lawreform.ie\\\/\",\"name\":\"Law Reform\",\"description\":\"\",\"publisher\":{\"@id\":\"https:\\\/\\\/www.lawreform.ie\\\/#organization\"},\"potentialAction\":[{\"@type\":\"SearchAction\",\"target\":{\"@type\":\"EntryPoint\",\"urlTemplate\":\"https:\\\/\\\/www.lawreform.ie\\\/?s={search_term_string}\"},\"query-input\":{\"@type\":\"PropertyValueSpecification\",\"valueRequired\":true,\"valueName\":\"search_term_string\"}}],\"inLanguage\":\"ga\"},{\"@type\":\"Organization\",\"@id\":\"https:\\\/\\\/www.lawreform.ie\\\/#organization\",\"name\":\"Law Reform\",\"url\":\"https:\\\/\\\/www.lawreform.ie\\\/\",\"logo\":{\"@type\":\"ImageObject\",\"inLanguage\":\"ga\",\"@id\":\"https:\\\/\\\/www.lawreform.ie\\\/#\\\/schema\\\/logo\\\/image\\\/\",\"url\":\"https:\\\/\\\/www.lawreform.ie\\\/wp-content\\\/uploads\\\/2026\\\/02\\\/logo_LRC.svg\",\"contentUrl\":\"https:\\\/\\\/www.lawreform.ie\\\/wp-content\\\/uploads\\\/2026\\\/02\\\/logo_LRC.svg\",\"width\":1,\"height\":1,\"caption\":\"Law Reform\"},\"image\":{\"@id\":\"https:\\\/\\\/www.lawreform.ie\\\/#\\\/schema\\\/logo\\\/image\\\/\"}}]}<\/script>\n<!-- \/ Yoast SEO plugin. -->","yoast_head_json":{"title":"Maidir Linne - Law Reform","robots":{"index":"index","follow":"follow","max-snippet":"max-snippet:-1","max-image-preview":"max-image-preview:large","max-video-preview":"max-video-preview:-1"},"canonical":"https:\/\/www.lawreform.ie\/about-us\/","og_locale":"en_US","og_type":"article","og_title":"Maidir Linne - Law Reform","og_url":"https:\/\/www.lawreform.ie\/about-us\/","og_site_name":"Law Reform","article_modified_time":"2026-05-13T14:02:57+00:00","twitter_card":"summary_large_image","schema":{"@context":"https:\/\/schema.org","@graph":[{"@type":"WebPage","@id":"https:\/\/www.lawreform.ie\/about-us\/","url":"https:\/\/www.lawreform.ie\/about-us\/","name":"Maidir Linne - Law Reform","isPartOf":{"@id":"https:\/\/www.lawreform.ie\/#website"},"datePublished":"2026-02-28T07:15:40+00:00","dateModified":"2026-05-13T14:02:57+00:00","breadcrumb":{"@id":"https:\/\/www.lawreform.ie\/about-us\/#breadcrumb"},"inLanguage":"ga","potentialAction":[{"@type":"ReadAction","target":["https:\/\/www.lawreform.ie\/about-us\/"]}]},{"@type":"BreadcrumbList","@id":"https:\/\/www.lawreform.ie\/about-us\/#breadcrumb","itemListElement":[{"@type":"ListItem","position":1,"name":"Home","item":"https:\/\/www.lawreform.ie\/ga\/"},{"@type":"ListItem","position":2,"name":"Maidir Linne"}]},{"@type":"WebSite","@id":"https:\/\/www.lawreform.ie\/#website","url":"https:\/\/www.lawreform.ie\/","name":"Law Reform","description":"","publisher":{"@id":"https:\/\/www.lawreform.ie\/#organization"},"potentialAction":[{"@type":"SearchAction","target":{"@type":"EntryPoint","urlTemplate":"https:\/\/www.lawreform.ie\/?s={search_term_string}"},"query-input":{"@type":"PropertyValueSpecification","valueRequired":true,"valueName":"search_term_string"}}],"inLanguage":"ga"},{"@type":"Organization","@id":"https:\/\/www.lawreform.ie\/#organization","name":"Law Reform","url":"https:\/\/www.lawreform.ie\/","logo":{"@type":"ImageObject","inLanguage":"ga","@id":"https:\/\/www.lawreform.ie\/#\/schema\/logo\/image\/","url":"https:\/\/www.lawreform.ie\/wp-content\/uploads\/2026\/02\/logo_LRC.svg","contentUrl":"https:\/\/www.lawreform.ie\/wp-content\/uploads\/2026\/02\/logo_LRC.svg","width":1,"height":1,"caption":"Law Reform"},"image":{"@id":"https:\/\/www.lawreform.ie\/#\/schema\/logo\/image\/"}}]}},"_links":{"self":[{"href":"https:\/\/www.lawreform.ie\/ga\/wp-json\/wp\/v2\/pages\/848","targetHints":{"allow":["GET"]}}],"collection":[{"href":"https:\/\/www.lawreform.ie\/ga\/wp-json\/wp\/v2\/pages"}],"about":[{"href":"https:\/\/www.lawreform.ie\/ga\/wp-json\/wp\/v2\/types\/page"}],"author":[{"embeddable":true,"href":"https:\/\/www.lawreform.ie\/ga\/wp-json\/wp\/v2\/users\/1"}],"replies":[{"embeddable":true,"href":"https:\/\/www.lawreform.ie\/ga\/wp-json\/wp\/v2\/comments?post=848"}],"version-history":[{"count":0,"href":"https:\/\/www.lawreform.ie\/ga\/wp-json\/wp\/v2\/pages\/848\/revisions"}],"wp:attachment":[{"href":"https:\/\/www.lawreform.ie\/ga\/wp-json\/wp\/v2\/media?parent=848"}],"curies":[{"name":"wp","href":"https:\/\/api.w.org\/{rel}","templated":true}]}}