{"id":856,"date":"2026-02-28T13:22:08","date_gmt":"2026-02-28T13:22:08","guid":{"rendered":"https:\/\/www.lawreform.ie\/coimisineiri\/"},"modified":"2026-05-11T10:03:11","modified_gmt":"2026-05-11T10:03:11","slug":"coimisineiri","status":"publish","type":"page","link":"https:\/\/www.lawreform.ie\/ga\/coimisineiri\/","title":{"rendered":"Coimisin\u00e9ir\u00ed"},"content":{"rendered":"<div class=\"wrapper-hero bg-circles bg-circles--single block--hero-block\" data-aos=\"fade-in\" data-aos-duration=\"800\">\n  <div class=\"ui-grid\">\n    <div class=\"cell medium-12\">\n      <div class=\"media-block media-block--hero\">\n        <div class=\"text-content\">\n            <p class=\"subheading\">Maidir Linne<\/p>\n            <h1>Coimisin\u00e9ir\u00ed<\/h1>\n            <div class=\"summary\">\n              <p>Cuims\u00edonn an Coimisi\u00fan um Athch\u00f3iri\u00fa an Dl\u00ed c\u00faigear Coimisin\u00e9ir\u00ed, is iad sin: an tUachtar\u00e1n agus ceathrar Coimisin\u00e9ir\u00ed eile (duine amh\u00e1in d\u00edobh at\u00e1 ceaptha ar bhonn l\u00e1naimseartha). De r\u00e9ir an Achta f\u00e1n gCoimisi\u00fan um Athch\u00f3iri\u00fa an Dl\u00ed, 1975, is \u00e9 an Rialtas a cheapann na Coimisin\u00e9ir\u00ed ar feadh t\u00e9arma c\u00faig bliana ar a mh\u00e9ad, agus f\u00e9adfar a gceapach\u00e1n a athnuachan.<\/p>\n\n            <\/div>\n            <div class=\"flex-container flex-gap-10\">\n            <\/div>\n        <\/div>\n        <div class=\"media-content\">\n          <img decoding=\"async\"\n            class=\"hero-block__image-optimized\"\n            src=\"https:\/\/www.lawreform.ie\/wp-content\/uploads\/2026\/04\/FP001104-0140-1-1024x535.jpg\"\n            alt=\"\"\n            loading=\"eager\"\n            fetchpriority=\"high\"\n            srcset=\"\n              https:\/\/www.lawreform.ie\/wp-content\/uploads\/2026\/04\/FP001104-0140-1-300x157.jpg 600w,\n              https:\/\/www.lawreform.ie\/wp-content\/uploads\/2026\/04\/FP001104-0140-1-1024x535.jpg 1920w,\n              https:\/\/www.lawreform.ie\/wp-content\/uploads\/2026\/04\/FP001104-0140-1-scaled.jpg 2000w\n            \"\n            sizes=\"(max-width: 1920px) 100vw, 1920px\"\n         >\n        <\/div>\n      <\/div>\n    <\/div>\n  <\/div>\n<\/div>\n\n<div class=\"wrapper-breadcrumbs wrapper-section-- block--breadcrumbs-block\">\n    <div class=\"ui-grid\">\n        <div class=\"cell medium-12\">\n        <nav aria-label=\"Breadcrumb\" id=\"breadcrumbs\" class=\"menu menu--breadcrumb\"><span><span><a href=\"https:\/\/www.lawreform.ie\/ga\/\">Home<\/a><\/span><\/span><\/nav>\n        <\/div>\n    <\/div>\n<\/div>\n\n<div class=\"wrapper-section wrapper-section--b\u00e1n block--section-heading-block\">\n  <div class=\"ui-grid align-center\">\n    <div class=\"cell medium-10 large-8 text-center\">\n      <div class=\"flex-container flex-gap-20 flex-column\">\n          <h2>Pr\u00f3iseas Cinnteoireachta an Choimisi\u00fain<\/h2>\n          <div>D\u00e9anann an Coimisi\u00fan molta\u00ed don Rialtas maidir lena bhfuil i ndr\u00e9acht-Chl\u00e1r um Athch\u00f3iri\u00fa an Dl\u00ed, cinneann s\u00e9 a bhfuil san aschur taighde \u00f3n gCoimisi\u00fan (mar a chuirtear in i\u00fal i bP\u00e1ip\u00e9ir Chomhairli\u00fach\u00e1in, i bP\u00e1ip\u00e9ir Saincheisteanna agus i dTuarasc\u00e1lacha), agus d\u00e9anann s\u00e9 pr\u00edomhchinnt\u00ed riarach\u00e1in agus airgeadais. Tagann an Coimisi\u00fan le ch\u00e9ile go foirmi\u00fail mar chomhlacht deich n-uaire ar a laghad in aghaidh na bliana.\r\n\r\n\r\n<\/div>\n      <\/div>\n    <\/div>\n  <\/div>\n<\/div>\n\n<div class=\"wrapper-section wrapper-section--white block--commissioner-cards-block\">\n    <div class=\"ui-grid medium-up-3\">\n                <div class=\"cell\">\n                    <a class=\"card card--flush\" href=\"https:\/\/www.lawreform.ie\/ga\/commissioner\/an-breitheamh-onorach-frank-clarke\/\">\n                        <div class=\"img\">\n                                <img decoding=\"async\" alt=\"An Breitheamh On\u00f3rach Frank Clarke\" data-src=\"https:\/\/www.lawreform.ie\/wp-content\/uploads\/2026\/02\/President-Clarke-bookcase-background-1024x1024.jpg\" data-srcset=\"https:\/\/www.lawreform.ie\/wp-content\/uploads\/2026\/02\/President-Clarke-bookcase-background-300x300.jpg 600w,https:\/\/www.lawreform.ie\/wp-content\/uploads\/2026\/02\/President-Clarke-bookcase-background-1024x1024.jpg 1920w,https:\/\/www.lawreform.ie\/wp-content\/uploads\/2026\/02\/President-Clarke-bookcase-background-1024x1024.jpg 2000w\" data-sizes=\"(max-width: 1920px) 100vw, 1920px\" src=\"data:image\/svg+xml;base64,PHN2ZyB3aWR0aD0iMSIgaGVpZ2h0PSIxIiB4bWxucz0iaHR0cDovL3d3dy53My5vcmcvMjAwMC9zdmciPjwvc3ZnPg==\" class=\"lazyload\" style=\"--smush-placeholder-width: 1024px; --smush-placeholder-aspect-ratio: 1024\/1024;\">\n                        <\/div>\n                        <div class=\"content\">\n                            <div class=\"body\">\n                                <h3 class=\"title\">An Breitheamh On\u00f3rach Frank Clarke<\/h3>\n                                    <p class=\"meta\">Uachtar\u00e1n<\/p>\n                            <\/div>\n                            <span class=\"szicon-arrow-right\"><\/span>\n                        <\/div>\n                    <\/a>\n                <\/div>\n                <div class=\"cell\">\n                    <a class=\"card card--flush\" href=\"https:\/\/www.lawreform.ie\/ga\/commissioner\/an-tuasal-damien-moloney\/\">\n                        <div class=\"img\">\n                                <img decoding=\"async\" alt=\"An tUasal Damien Moloney\" data-src=\"https:\/\/www.lawreform.ie\/wp-content\/uploads\/2026\/02\/Commissioner-Moloney-Bookcase-background-1024x1024.jpg\" data-srcset=\"https:\/\/www.lawreform.ie\/wp-content\/uploads\/2026\/02\/Commissioner-Moloney-Bookcase-background-300x300.jpg 600w,https:\/\/www.lawreform.ie\/wp-content\/uploads\/2026\/02\/Commissioner-Moloney-Bookcase-background-1024x1024.jpg 1920w,https:\/\/www.lawreform.ie\/wp-content\/uploads\/2026\/02\/Commissioner-Moloney-Bookcase-background-1024x1024.jpg 2000w\" data-sizes=\"(max-width: 1920px) 100vw, 1920px\" src=\"data:image\/svg+xml;base64,PHN2ZyB3aWR0aD0iMSIgaGVpZ2h0PSIxIiB4bWxucz0iaHR0cDovL3d3dy53My5vcmcvMjAwMC9zdmciPjwvc3ZnPg==\" class=\"lazyload\" style=\"--smush-placeholder-width: 1024px; --smush-placeholder-aspect-ratio: 1024\/1024;\">\n                        <\/div>\n                        <div class=\"content\">\n                            <div class=\"body\">\n                                <h3 class=\"title\">An tUasal Damien Moloney<\/h3>\n                                    <p class=\"meta\">Coimisin\u00e9ir<\/p>\n                            <\/div>\n                            <span class=\"szicon-arrow-right\"><\/span>\n                        <\/div>\n                    <\/a>\n                <\/div>\n                <div class=\"cell\">\n                    <a class=\"card card--flush\" href=\"https:\/\/www.lawreform.ie\/ga\/commissioner\/an-breitheamh-eileen-roberts\/\">\n                        <div class=\"img\">\n                                <img decoding=\"async\" alt=\"An Breitheamh Eileen Roberts\" data-src=\"https:\/\/www.lawreform.ie\/wp-content\/uploads\/2026\/02\/Commissioner-Roberts-Bookcase-Backgroud-1024x1024.jpg\" data-srcset=\"https:\/\/www.lawreform.ie\/wp-content\/uploads\/2026\/02\/Commissioner-Roberts-Bookcase-Backgroud-300x300.jpg 600w,https:\/\/www.lawreform.ie\/wp-content\/uploads\/2026\/02\/Commissioner-Roberts-Bookcase-Backgroud-1024x1024.jpg 1920w,https:\/\/www.lawreform.ie\/wp-content\/uploads\/2026\/02\/Commissioner-Roberts-Bookcase-Backgroud-1024x1024.jpg 2000w\" data-sizes=\"(max-width: 1920px) 100vw, 1920px\" src=\"data:image\/svg+xml;base64,PHN2ZyB3aWR0aD0iMSIgaGVpZ2h0PSIxIiB4bWxucz0iaHR0cDovL3d3dy53My5vcmcvMjAwMC9zdmciPjwvc3ZnPg==\" class=\"lazyload\" style=\"--smush-placeholder-width: 1024px; --smush-placeholder-aspect-ratio: 1024\/1024;\">\n                        <\/div>\n                        <div class=\"content\">\n                            <div class=\"body\">\n                                <h3 class=\"title\">An Breitheamh Eileen Roberts<\/h3>\n                                    <p class=\"meta\">Coimisin\u00e9ir<\/p>\n                            <\/div>\n                            <span class=\"szicon-arrow-right\"><\/span>\n                        <\/div>\n                    <\/a>\n                <\/div>\n                <div class=\"cell\">\n                    <a class=\"card card--flush\" href=\"https:\/\/www.lawreform.ie\/ga\/commissioner\/an-tollamh-oonagh-b-breen\/\">\n                        <div class=\"img\">\n                                <img decoding=\"async\" alt=\"An tOllamh Oonagh B. Breen\" data-src=\"https:\/\/www.lawreform.ie\/wp-content\/uploads\/2026\/02\/Oonagh-Breen-Bookcase-Background-1024x1024.jpeg\" data-srcset=\"https:\/\/www.lawreform.ie\/wp-content\/uploads\/2026\/02\/Oonagh-Breen-Bookcase-Background-300x300.jpeg 600w,https:\/\/www.lawreform.ie\/wp-content\/uploads\/2026\/02\/Oonagh-Breen-Bookcase-Background-1024x1024.jpeg 1920w,https:\/\/www.lawreform.ie\/wp-content\/uploads\/2026\/02\/Oonagh-Breen-Bookcase-Background-1024x1024.jpeg 2000w\" data-sizes=\"(max-width: 1920px) 100vw, 1920px\" src=\"data:image\/svg+xml;base64,PHN2ZyB3aWR0aD0iMSIgaGVpZ2h0PSIxIiB4bWxucz0iaHR0cDovL3d3dy53My5vcmcvMjAwMC9zdmciPjwvc3ZnPg==\" class=\"lazyload\" style=\"--smush-placeholder-width: 1024px; --smush-placeholder-aspect-ratio: 1024\/1024;\">\n                        <\/div>\n                        <div class=\"content\">\n                            <div class=\"body\">\n                                <h3 class=\"title\">An tOllamh Oonagh B. Breen<\/h3>\n                                    <p class=\"meta\">Coimisin\u00e9ir<\/p>\n                            <\/div>\n                            <span class=\"szicon-arrow-right\"><\/span>\n                        <\/div>\n                    <\/a>\n                <\/div>\n                <div class=\"cell\">\n                    <a class=\"card card--flush\" href=\"https:\/\/www.lawreform.ie\/ga\/commissioner\/an-tuasal-eoin-o-suilleabhain\/\">\n                        <div class=\"img\">\n                                <img decoding=\"async\" alt=\"An tUasal Owen \u00d3 S\u00failleabh\u00e1in\" data-src=\"https:\/\/www.lawreform.ie\/wp-content\/uploads\/2026\/02\/Commissioner-O-Sullivan_bookcase-background-1024x1024.jpg\" data-srcset=\"https:\/\/www.lawreform.ie\/wp-content\/uploads\/2026\/02\/Commissioner-O-Sullivan_bookcase-background-300x300.jpg 600w,https:\/\/www.lawreform.ie\/wp-content\/uploads\/2026\/02\/Commissioner-O-Sullivan_bookcase-background-1024x1024.jpg 1920w,https:\/\/www.lawreform.ie\/wp-content\/uploads\/2026\/02\/Commissioner-O-Sullivan_bookcase-background-1024x1024.jpg 2000w\" data-sizes=\"(max-width: 1920px) 100vw, 1920px\" src=\"data:image\/svg+xml;base64,PHN2ZyB3aWR0aD0iMSIgaGVpZ2h0PSIxIiB4bWxucz0iaHR0cDovL3d3dy53My5vcmcvMjAwMC9zdmciPjwvc3ZnPg==\" class=\"lazyload\" style=\"--smush-placeholder-width: 1024px; --smush-placeholder-aspect-ratio: 1024\/1024;\">\n                        <\/div>\n                        <div class=\"content\">\n                            <div class=\"body\">\n                                <h3 class=\"title\">An tUasal Owen \u00d3 S\u00failleabh\u00e1in<\/h3>\n                                    <p class=\"meta\">Coimisin\u00e9ir<\/p>\n                            <\/div>\n                            <span class=\"szicon-arrow-right\"><\/span>\n                        <\/div>\n                    <\/a>\n                <\/div>\n    <\/div>\n<\/div>\n\n<div class=\"wrapper-section wrapper-section--white\">\n    <div class=\"ui-grid\">\n        <div class=\"cell medium-12\">\n            <article class=\"content-flow wysiwyg\">\n                <p>Taca\u00edonn a bhfoireann leis na Coimisin\u00e9ir\u00ed, ina bhfuil an Sti\u00farth\u00f3ir Taighde, an Bainisteoir Rochtain ar Reachta\u00edochta, Ceann Riarach\u00e1in agus Ceann Gn\u00f3tha\u00ed Corpar\u00e1ideacha, mar aon le 2 Leas-Sti\u00farth\u00f3ir Taighde, 2 Leas-Bhainisteoir Rochtain ar Reachta\u00edochta, Bainisteoir Leabharlainne &amp; Faisn\u00e9ise, an Speisialt\u00f3ra Bogearra\u00ed Sinsearaigh, 10 dtaighdeoir dl\u00ed agus 4 bhall foirne riarach\u00e1in.<\/p>\n\n            <\/article>\n        <\/div>\n    <\/div>\n<\/div>","protected":false},"excerpt":{"rendered":"","protected":false},"author":1,"featured_media":0,"parent":0,"menu_order":0,"comment_status":"closed","ping_status":"closed","template":"","meta":{"_acf_changed":true,"footnotes":""},"class_list":["post-856","page","type-page","status-publish","hentry"],"acf":[],"yoast_head":"<!-- This site is optimized with the Yoast SEO plugin v27.6 - https:\/\/yoast.com\/product\/yoast-seo-wordpress\/ -->\n<title>Coimisin\u00e9ir\u00ed - Law Reform<\/title>\n<meta name=\"robots\" content=\"index, follow, max-snippet:-1, max-image-preview:large, max-video-preview:-1\" \/>\n<link rel=\"canonical\" href=\"https:\/\/www.lawreform.ie\/ga\/coimisineiri\/\" \/>\n<meta property=\"og:locale\" content=\"en_US\" \/>\n<meta property=\"og:type\" content=\"article\" \/>\n<meta property=\"og:title\" content=\"Coimisin\u00e9ir\u00ed - Law Reform\" \/>\n<meta property=\"og:url\" content=\"https:\/\/www.lawreform.ie\/ga\/coimisineiri\/\" \/>\n<meta property=\"og:site_name\" content=\"Law Reform\" \/>\n<meta property=\"article:modified_time\" content=\"2026-05-11T10:03:11+00:00\" \/>\n<meta name=\"twitter:card\" content=\"summary_large_image\" \/>\n<script type=\"application\/ld+json\" class=\"yoast-schema-graph\">{\"@context\":\"https:\\\/\\\/schema.org\",\"@graph\":[{\"@type\":\"WebPage\",\"@id\":\"https:\\\/\\\/www.lawreform.ie\\\/ga\\\/coimisineiri\\\/\",\"url\":\"https:\\\/\\\/www.lawreform.ie\\\/ga\\\/coimisineiri\\\/\",\"name\":\"Coimisin\u00e9ir\u00ed - Law Reform\",\"isPartOf\":{\"@id\":\"https:\\\/\\\/www.lawreform.ie\\\/#website\"},\"datePublished\":\"2026-02-28T13:22:08+00:00\",\"dateModified\":\"2026-05-11T10:03:11+00:00\",\"breadcrumb\":{\"@id\":\"https:\\\/\\\/www.lawreform.ie\\\/ga\\\/coimisineiri\\\/#breadcrumb\"},\"inLanguage\":\"ga\",\"potentialAction\":[{\"@type\":\"ReadAction\",\"target\":[\"https:\\\/\\\/www.lawreform.ie\\\/ga\\\/coimisineiri\\\/\"]}]},{\"@type\":\"BreadcrumbList\",\"@id\":\"https:\\\/\\\/www.lawreform.ie\\\/ga\\\/coimisineiri\\\/#breadcrumb\",\"itemListElement\":[{\"@type\":\"ListItem\",\"position\":1,\"name\":\"Home\",\"item\":\"https:\\\/\\\/www.lawreform.ie\\\/ga\\\/\"},{\"@type\":\"ListItem\",\"position\":2,\"name\":\"Coimisin\u00e9ir\u00ed\"}]},{\"@type\":\"WebSite\",\"@id\":\"https:\\\/\\\/www.lawreform.ie\\\/#website\",\"url\":\"https:\\\/\\\/www.lawreform.ie\\\/\",\"name\":\"Law Reform\",\"description\":\"\",\"publisher\":{\"@id\":\"https:\\\/\\\/www.lawreform.ie\\\/#organization\"},\"potentialAction\":[{\"@type\":\"SearchAction\",\"target\":{\"@type\":\"EntryPoint\",\"urlTemplate\":\"https:\\\/\\\/www.lawreform.ie\\\/?s={search_term_string}\"},\"query-input\":{\"@type\":\"PropertyValueSpecification\",\"valueRequired\":true,\"valueName\":\"search_term_string\"}}],\"inLanguage\":\"ga\"},{\"@type\":\"Organization\",\"@id\":\"https:\\\/\\\/www.lawreform.ie\\\/#organization\",\"name\":\"Law Reform\",\"url\":\"https:\\\/\\\/www.lawreform.ie\\\/\",\"logo\":{\"@type\":\"ImageObject\",\"inLanguage\":\"ga\",\"@id\":\"https:\\\/\\\/www.lawreform.ie\\\/#\\\/schema\\\/logo\\\/image\\\/\",\"url\":\"https:\\\/\\\/www.lawreform.ie\\\/wp-content\\\/uploads\\\/2026\\\/02\\\/logo_LRC.svg\",\"contentUrl\":\"https:\\\/\\\/www.lawreform.ie\\\/wp-content\\\/uploads\\\/2026\\\/02\\\/logo_LRC.svg\",\"width\":1,\"height\":1,\"caption\":\"Law Reform\"},\"image\":{\"@id\":\"https:\\\/\\\/www.lawreform.ie\\\/#\\\/schema\\\/logo\\\/image\\\/\"}}]}<\/script>\n<!-- \/ Yoast SEO plugin. -->","yoast_head_json":{"title":"Coimisin\u00e9ir\u00ed - Law Reform","robots":{"index":"index","follow":"follow","max-snippet":"max-snippet:-1","max-image-preview":"max-image-preview:large","max-video-preview":"max-video-preview:-1"},"canonical":"https:\/\/www.lawreform.ie\/ga\/coimisineiri\/","og_locale":"en_US","og_type":"article","og_title":"Coimisin\u00e9ir\u00ed - Law Reform","og_url":"https:\/\/www.lawreform.ie\/ga\/coimisineiri\/","og_site_name":"Law Reform","article_modified_time":"2026-05-11T10:03:11+00:00","twitter_card":"summary_large_image","schema":{"@context":"https:\/\/schema.org","@graph":[{"@type":"WebPage","@id":"https:\/\/www.lawreform.ie\/ga\/coimisineiri\/","url":"https:\/\/www.lawreform.ie\/ga\/coimisineiri\/","name":"Coimisin\u00e9ir\u00ed - Law Reform","isPartOf":{"@id":"https:\/\/www.lawreform.ie\/#website"},"datePublished":"2026-02-28T13:22:08+00:00","dateModified":"2026-05-11T10:03:11+00:00","breadcrumb":{"@id":"https:\/\/www.lawreform.ie\/ga\/coimisineiri\/#breadcrumb"},"inLanguage":"ga","potentialAction":[{"@type":"ReadAction","target":["https:\/\/www.lawreform.ie\/ga\/coimisineiri\/"]}]},{"@type":"BreadcrumbList","@id":"https:\/\/www.lawreform.ie\/ga\/coimisineiri\/#breadcrumb","itemListElement":[{"@type":"ListItem","position":1,"name":"Home","item":"https:\/\/www.lawreform.ie\/ga\/"},{"@type":"ListItem","position":2,"name":"Coimisin\u00e9ir\u00ed"}]},{"@type":"WebSite","@id":"https:\/\/www.lawreform.ie\/#website","url":"https:\/\/www.lawreform.ie\/","name":"Law Reform","description":"","publisher":{"@id":"https:\/\/www.lawreform.ie\/#organization"},"potentialAction":[{"@type":"SearchAction","target":{"@type":"EntryPoint","urlTemplate":"https:\/\/www.lawreform.ie\/?s={search_term_string}"},"query-input":{"@type":"PropertyValueSpecification","valueRequired":true,"valueName":"search_term_string"}}],"inLanguage":"ga"},{"@type":"Organization","@id":"https:\/\/www.lawreform.ie\/#organization","name":"Law Reform","url":"https:\/\/www.lawreform.ie\/","logo":{"@type":"ImageObject","inLanguage":"ga","@id":"https:\/\/www.lawreform.ie\/#\/schema\/logo\/image\/","url":"https:\/\/www.lawreform.ie\/wp-content\/uploads\/2026\/02\/logo_LRC.svg","contentUrl":"https:\/\/www.lawreform.ie\/wp-content\/uploads\/2026\/02\/logo_LRC.svg","width":1,"height":1,"caption":"Law Reform"},"image":{"@id":"https:\/\/www.lawreform.ie\/#\/schema\/logo\/image\/"}}]}},"_links":{"self":[{"href":"https:\/\/www.lawreform.ie\/ga\/wp-json\/wp\/v2\/pages\/856","targetHints":{"allow":["GET"]}}],"collection":[{"href":"https:\/\/www.lawreform.ie\/ga\/wp-json\/wp\/v2\/pages"}],"about":[{"href":"https:\/\/www.lawreform.ie\/ga\/wp-json\/wp\/v2\/types\/page"}],"author":[{"embeddable":true,"href":"https:\/\/www.lawreform.ie\/ga\/wp-json\/wp\/v2\/users\/1"}],"replies":[{"embeddable":true,"href":"https:\/\/www.lawreform.ie\/ga\/wp-json\/wp\/v2\/comments?post=856"}],"version-history":[{"count":0,"href":"https:\/\/www.lawreform.ie\/ga\/wp-json\/wp\/v2\/pages\/856\/revisions"}],"wp:attachment":[{"href":"https:\/\/www.lawreform.ie\/ga\/wp-json\/wp\/v2\/media?parent=856"}],"curies":[{"name":"wp","href":"https:\/\/api.w.org\/{rel}","templated":true}]}}