{"id":860,"date":"2026-02-27T05:48:06","date_gmt":"2026-02-27T05:48:06","guid":{"rendered":"https:\/\/www.lawreform.ie\/home\/"},"modified":"2026-05-13T14:09:02","modified_gmt":"2026-05-13T14:09:02","slug":"home","status":"publish","type":"page","link":"https:\/\/www.lawreform.ie\/ga\/","title":{"rendered":"Home"},"content":{"rendered":"<div class=\"wrapper-section wrapper-section--white block--media-text-block\">\n  <div class=\"ui-grid\">\n    <div class=\"medium-12 cell\">\n      <div class=\"media-block\">\n        <div class=\"text-content\" data-aos=\"fade-up-small\">\n            <h2>C\u00e9 sinne<\/h2>\n            <p>Comhlacht reacht\u00fail neamhsple\u00e1ch a buna\u00edodh faoin Acht f\u00e1n gCoimisi\u00fan um Athch\u00f3iri\u00fa an Dl\u00ed, 1975, is ea an Coimisi\u00fan um Athch\u00f3iri\u00fa an Dl\u00ed. Is \u00e9 an r\u00f3l at\u00e1 againn an dl\u00ed a choime\u00e1d faoi bhreithni\u00fa agus athch\u00f3irithe a mholadh chun a chinnti\u00fa go bhfuil s\u00e9 soil\u00e9ir, nua-aimseartha agus c\u00f3ir.<\/p>\n<p>T\u00e1 s\u00e9 mar aidhm againn an dl\u00ed a dh\u00e9anamh n\u00edos sothuigthe do ch\u00e1ch, idir ghairmithe dl\u00ed, an lucht d\u00e9anta beartas agus dhaoine den phobal, tr\u00ed fhoilseach\u00e1in inrochtana, \u00e1bhair mh\u00edni\u00fach\u00e1in agus Achtanna athbhreithnithe.<\/p>\n\n            <div class=\"flex-container flex-gap-20\">\n                  <a href=\"https:\/\/www.lawreform.ie\/ga\/maidir-linne\/\" \n                     target=\"_blank\"\n                     class=\"btn-main btn-main--ghost\">\n                    <span aria-hidden=\"true\" class=\"szicon-arrow-right\"><\/span>\n                    Faigh tuilleadh faisn\u00e9ise faoi na nithe a dh\u00e9anaimid\n                  <\/a>\n            <\/div>\n        <\/div>\n        <div class=\"media-content\">\n            <img decoding=\"async\" \n              alt=\"\"\n             \n              class=\"media-text-block__image-optimized lazyload\"\n              data-src=\"https:\/\/www.lawreform.ie\/wp-content\/uploads\/2026\/03\/Commissioner-Picture-for-Landing-Page-and-About-Us-Page-1024x862.jpg\"\n              data-srcset=\"https:\/\/www.lawreform.ie\/wp-content\/uploads\/2026\/03\/Commissioner-Picture-for-Landing-Page-and-About-Us-Page-300x253.jpg 600w,\n                https:\/\/www.lawreform.ie\/wp-content\/uploads\/2026\/03\/Commissioner-Picture-for-Landing-Page-and-About-Us-Page-1024x862.jpg 1920w,\n                https:\/\/www.lawreform.ie\/wp-content\/uploads\/2026\/03\/Commissioner-Picture-for-Landing-Page-and-About-Us-Page-scaled.jpg 2000w\"\n              data-sizes=\"(max-width: 1920px) 100vw, 1920px\"\n            src=\"data:image\/svg+xml;base64,PHN2ZyB3aWR0aD0iMSIgaGVpZ2h0PSIxIiB4bWxucz0iaHR0cDovL3d3dy53My5vcmcvMjAwMC9zdmciPjwvc3ZnPg==\" style=\"--smush-placeholder-width: 1024px; --smush-placeholder-aspect-ratio: 1024\/862;\">\n        <\/div>\n      <\/div>\n    <\/div>\n  <\/div>\n<\/div>\n\n<div class=\"wrapper-section wrapper-section--white block--media-text-block\">\n  <div class=\"ui-grid\">\n    <div class=\"medium-12 cell\">\n      <div class=\"media-block media-block--reversed\">\n        <div class=\"text-content\" data-aos=\"fade-up-small\">\n            <h2>Athch\u00f3iri\u00fa an Dl\u00ed<\/h2>\n            <p>Is iad na Cl\u00e1ir um Athch\u00f3iri\u00fa an Dl\u00ed de chuid an Choimisi\u00fain an pr\u00edomhbhun\u00fas ar a gcomhl\u00edonann an Coimisi\u00fan an sainord\u00fa reacht\u00fail at\u00e1 air an dl\u00ed a choime\u00e1d faoi bhreithni\u00fa d\u2019fhonn \u00e9 a athch\u00f3iri\u00fa. T\u00e1 c\u00faig Chl\u00e1r um Athch\u00f3iri\u00fa an Dl\u00ed seolta ag an gCoimisi\u00fan \u00f3 buna\u00edodh ar dt\u00fas \u00e9. N\u00ed m\u00f3r don d\u00e1 Theach den Oireachtas agus don Rialtas gach cl\u00e1r a chead\u00fa.<\/p>\n<p>Chun go n-\u00e9ireoidh leis, n\u00ed m\u00f3r d\u2019athch\u00f3iri\u00fa dl\u00ed a bheith ina phr\u00f3iseas ionchuimsitheach. D\u00e1 r\u00e9ir sin, t\u00e1 r\u00edth\u00e1bhacht ag baint leis an bpr\u00f3iseas comhairli\u00fach\u00e1in maidir le hobair an Choimisi\u00fain. Molaimid duit p\u00e1irt a ghlacadh sa phr\u00f3iseas um athch\u00f3iri\u00fa an dl\u00ed in \u00c9irinn tr\u00ed mholta\u00ed n\u00f3 bar\u00falacha a chur in i\u00fal d\u00fainn maidir le haon tuarasc\u00e1lacha reatha n\u00f3 aon ph\u00e1ip\u00e9ir chomhairli\u00fach\u00e1in reatha \u00f3n gCoimisi\u00fan.<\/p>\n<p>Rud eile at\u00e1 i gceist le hobair an Choimisi\u00fain is ea reachta\u00edocht a dh\u00e9anamh n\u00edos inrochtana don phobal. T\u00e1irgeann an Coimisi\u00fan roinnt t\u00e1irg\u00ed a bhaineann le rochtain ar reachta\u00edocht, lena n-\u00e1ir\u00edtear an tEolaire Reachta\u00edochta, Achtanna Athbhreithnithe agus an Liosta Aicmithe de hActanna at\u00e1 i bhFeidhm.<\/p>\n\n            <div class=\"flex-container flex-gap-20\">\n                  <a href=\"https:\/\/www.lawreform.ie\/ga\/tionscadail-reatha\/\" \n                     target=\"_blank\"\n                     class=\"btn-main btn-main--ghost\">\n                    <span aria-hidden=\"true\" class=\"szicon-arrow-right\"><\/span>\n                    L\u00e9igh tuilleadh faoin\u00e1r dtionscadail reatha \n                  <\/a>\n                  <a href=\"https:\/\/www.lawreform.ie\/ga\/comhairliuchain\/\" \n                     \n                     class=\"btn-main btn-main--ghost\">\n                    <span aria-hidden=\"true\" class=\"szicon-arrow-right\"><\/span>\n                    Comhairli\u00fach\u00e1in reatha \n                  <\/a>\n                  <a href=\"https:\/\/www.lawreform.ie\/ga\/access-to-legislation\/\" \n                     \n                     class=\"btn-main btn-main--ghost\">\n                    <span aria-hidden=\"true\" class=\"szicon-arrow-right\"><\/span>\n                    Rochtain ar Reachta\u00edocht\n                  <\/a>\n            <\/div>\n        <\/div>\n        <div class=\"media-content\">\n            <img decoding=\"async\" \n              alt=\"\"\n             \n              class=\"media-text-block__image-optimized lazyload\"\n              data-src=\"https:\/\/www.lawreform.ie\/wp-content\/uploads\/2026\/03\/What-We-do-picture-1024x731.jpg\"\n              data-srcset=\"https:\/\/www.lawreform.ie\/wp-content\/uploads\/2026\/03\/What-We-do-picture-300x214.jpg 600w,\n                https:\/\/www.lawreform.ie\/wp-content\/uploads\/2026\/03\/What-We-do-picture-1024x731.jpg 1920w,\n                https:\/\/www.lawreform.ie\/wp-content\/uploads\/2026\/03\/What-We-do-picture-scaled.jpg 2000w\"\n              data-sizes=\"(max-width: 1920px) 100vw, 1920px\"\n            src=\"data:image\/svg+xml;base64,PHN2ZyB3aWR0aD0iMSIgaGVpZ2h0PSIxIiB4bWxucz0iaHR0cDovL3d3dy53My5vcmcvMjAwMC9zdmciPjwvc3ZnPg==\" style=\"--smush-placeholder-width: 1024px; --smush-placeholder-aspect-ratio: 1024\/731;\">\n        <\/div>\n      <\/div>\n    <\/div>\n  <\/div>\n<\/div>\n\n<div class=\"wrapper-section wrapper-section--accent-secondary bg-circles block--quick-links-block\">\n\n  <div class=\"ui-grid align-center\">\n    <div class=\"cell medium-10 large-8 text-center\">\n      <div class=\"flex-container flex-gap-20 flex-column m-b-3\">\n          <h2 class=\"white-text\">Mearnaisc<\/h2>\n      <\/div>\n    <\/div>\n  <\/div>\n\n    <div class=\"ui-grid medium-up-3\" data-aos=\"fade-up-small\" data-aos-stagger>\n        <div class=\"cell\">\n          <a href=\"https:\/\/revisedacts.lawreform.ie\/classlist\/intro\" target=\"_blank\" class=\"feature-card feature-card--text-reveal\">\n              <span class=\"card-icon szicon-law-book\" aria-hidden=\"true\"><\/span>\n            <div class=\"body\">\n                <h3 class=\"title\">An Liosta Aicmithe den Reachta\u00edocht at\u00e1 i bhFeidhm<\/h3>\n                <p class=\"text\">Is \u00e9 at\u00e1 sa Liosta Aicmithe n\u00e1 liosta inchuardaithe de na hAchtanna agus de na hionstraim\u00ed reacht\u00fala at\u00e1 i bhfeidhm, agus iad eagraithe faoi 36 cheannteideal \u00e1bhair.<\/p>\n            <\/div>\n            <span class=\"cta-arrow szicon-arrow-right\" aria-hidden=\"true\"><\/span>\n          <\/a>\n        <\/div>\n        <div class=\"cell\">\n          <a href=\"https:\/\/www.lawreform.ie\/ga\/earcaiocht\/\" target=\"_blank\" class=\"feature-card feature-card--text-reveal\">\n              <span class=\"card-icon szicon-chat\" aria-hidden=\"true\"><\/span>\n            <div class=\"body\">\n                <h3 class=\"title\">Earca\u00edocht<\/h3>\n                <p class=\"text\">T\u00e1 s\u00e9 mar aidhm ag an gCoimisi\u00fan um Athch\u00f3iri\u00fa an Dl\u00ed timpeallacht oibre thairbheach dh\u00fashl\u00e1nach a shol\u00e1thar inar f\u00e9idir le baill foirne a gcuid buanna a fhorbairt agus rannchuidi\u00fa leis an obair fhi\u00fantach a dh\u00e9anaimid mar chuid d\u00e1r misean um athch\u00f3iri\u00fa an dl\u00ed.<\/p>\n            <\/div>\n            <span class=\"cta-arrow szicon-arrow-right\" aria-hidden=\"true\"><\/span>\n          <\/a>\n        <\/div>\n        <div class=\"cell\">\n          <a href=\"https:\/\/www.lawreform.ie\/latest-news\/\"  class=\"feature-card feature-card--text-reveal\">\n              <span class=\"card-icon szicon-search-results\" aria-hidden=\"true\"><\/span>\n            <div class=\"body\">\n                <h3 class=\"title\">An Nuacht is D\u00e9ana\u00ed<\/h3>\n                <p class=\"text\">L\u00e9igh an nuacht is d\u00e9ana\u00ed uainn agus faigh tuilleadh faisn\u00e9ise faoi na nithe at\u00e1 ag tarl\u00fa sa Choimisi\u00fan um Athch\u00f3iri\u00fa an Dl\u00ed. <\/p>\n            <\/div>\n            <span class=\"cta-arrow szicon-arrow-right\" aria-hidden=\"true\"><\/span>\n          <\/a>\n        <\/div>\n    <\/div>\n\n<\/div>\n\n\n<div class=\"wrapper-section wrapper-section--white  padM padBottom\" >\n\t<div class=\"ui-grid align-center\">\n\t<div class=\"cell medium-10 large-8 text-center\">\n\t\t<div class=\"flex-container flex-gap-20 flex-column\">\n\t\t<h3>Faigh tuilleadh faisn\u00e9ise faoi na nithe a dh\u00e9anaimid<\/h3>\n\n\t\t<\/div>\n\t<\/div>\n\t<\/div>\n\t<div class=\"ui-grid\">\n\t<div class=\"cell medium-12\">\n\t\t<div class=\"content-flow wysiwyg\">\n\n\t\t<iframe \n\t\t\tdata-src=\"https:\/\/www.youtube.com\/embed\/hqOVtRSFMTc?si=tGk2vgBDK9nwhtLs\" \n\t\t\tdata-thumbnail=\"https:\/\/www.lawreform.ie\/wp-content\/uploads\/2026\/04\/LRC-logo-2023-Horizontal-scaled.jpg\"\n\t\t\ttitle=\"YouTube video player\" \n\t\t\tframeborder=\"0\" \n\t\t\tallow=\"accelerometer; autoplay; clipboard-write; encrypted-media; gyroscope; picture-in-picture; web-share\" \n\t\t\treferrerpolicy=\"strict-origin-when-cross-origin\" \n\t\t\tallowfullscreen>\n\t\t<\/iframe>\n\n\t\t<\/div>\n\t<\/div>\n\t<\/div>\n<\/div>\n\n\n<div class=\"block-wrapper\">\n            \n<p><\/p>\n\n        <\/div>\n        ","protected":false},"excerpt":{"rendered":"","protected":false},"author":1,"featured_media":0,"parent":0,"menu_order":0,"comment_status":"closed","ping_status":"closed","template":"front-page.php","meta":{"_acf_changed":true,"footnotes":""},"class_list":["post-860","page","type-page","status-publish","hentry"],"acf":[],"yoast_head":"<!-- This site is optimized with the Yoast SEO plugin v27.6 - https:\/\/yoast.com\/product\/yoast-seo-wordpress\/ -->\n<title>Home - Law Reform<\/title>\n<meta name=\"robots\" content=\"index, follow, max-snippet:-1, max-image-preview:large, max-video-preview:-1\" \/>\n<link rel=\"canonical\" href=\"https:\/\/www.lawreform.ie\/ga\/\" \/>\n<meta property=\"og:locale\" content=\"en_US\" \/>\n<meta property=\"og:type\" content=\"article\" \/>\n<meta property=\"og:title\" content=\"Home - Law Reform\" \/>\n<meta property=\"og:url\" content=\"https:\/\/www.lawreform.ie\/ga\/\" \/>\n<meta property=\"og:site_name\" content=\"Law Reform\" \/>\n<meta property=\"article:modified_time\" content=\"2026-05-13T14:09:02+00:00\" \/>\n<meta name=\"twitter:card\" content=\"summary_large_image\" \/>\n<script type=\"application\/ld+json\" class=\"yoast-schema-graph\">{\"@context\":\"https:\\\/\\\/schema.org\",\"@graph\":[{\"@type\":\"WebPage\",\"@id\":\"https:\\\/\\\/www.lawreform.ie\\\/ga\\\/\",\"url\":\"https:\\\/\\\/www.lawreform.ie\\\/ga\\\/\",\"name\":\"Home - Law Reform\",\"isPartOf\":{\"@id\":\"https:\\\/\\\/www.lawreform.ie\\\/#website\"},\"datePublished\":\"2026-02-27T05:48:06+00:00\",\"dateModified\":\"2026-05-13T14:09:02+00:00\",\"breadcrumb\":{\"@id\":\"https:\\\/\\\/www.lawreform.ie\\\/ga\\\/#breadcrumb\"},\"inLanguage\":\"ga\",\"potentialAction\":[{\"@type\":\"ReadAction\",\"target\":[\"https:\\\/\\\/www.lawreform.ie\\\/ga\\\/\"]}]},{\"@type\":\"BreadcrumbList\",\"@id\":\"https:\\\/\\\/www.lawreform.ie\\\/ga\\\/#breadcrumb\",\"itemListElement\":[{\"@type\":\"ListItem\",\"position\":1,\"name\":\"Home\",\"item\":\"https:\\\/\\\/www.lawreform.ie\\\/ga\\\/\"},{\"@type\":\"ListItem\",\"position\":2,\"name\":\"Home\"}]},{\"@type\":\"WebSite\",\"@id\":\"https:\\\/\\\/www.lawreform.ie\\\/#website\",\"url\":\"https:\\\/\\\/www.lawreform.ie\\\/\",\"name\":\"Law Reform\",\"description\":\"\",\"publisher\":{\"@id\":\"https:\\\/\\\/www.lawreform.ie\\\/#organization\"},\"potentialAction\":[{\"@type\":\"SearchAction\",\"target\":{\"@type\":\"EntryPoint\",\"urlTemplate\":\"https:\\\/\\\/www.lawreform.ie\\\/?s={search_term_string}\"},\"query-input\":{\"@type\":\"PropertyValueSpecification\",\"valueRequired\":true,\"valueName\":\"search_term_string\"}}],\"inLanguage\":\"ga\"},{\"@type\":\"Organization\",\"@id\":\"https:\\\/\\\/www.lawreform.ie\\\/#organization\",\"name\":\"Law Reform\",\"url\":\"https:\\\/\\\/www.lawreform.ie\\\/\",\"logo\":{\"@type\":\"ImageObject\",\"inLanguage\":\"ga\",\"@id\":\"https:\\\/\\\/www.lawreform.ie\\\/#\\\/schema\\\/logo\\\/image\\\/\",\"url\":\"https:\\\/\\\/www.lawreform.ie\\\/wp-content\\\/uploads\\\/2026\\\/02\\\/logo_LRC.svg\",\"contentUrl\":\"https:\\\/\\\/www.lawreform.ie\\\/wp-content\\\/uploads\\\/2026\\\/02\\\/logo_LRC.svg\",\"width\":1,\"height\":1,\"caption\":\"Law Reform\"},\"image\":{\"@id\":\"https:\\\/\\\/www.lawreform.ie\\\/#\\\/schema\\\/logo\\\/image\\\/\"}}]}<\/script>\n<!-- \/ Yoast SEO plugin. -->","yoast_head_json":{"title":"Home - Law Reform","robots":{"index":"index","follow":"follow","max-snippet":"max-snippet:-1","max-image-preview":"max-image-preview:large","max-video-preview":"max-video-preview:-1"},"canonical":"https:\/\/www.lawreform.ie\/ga\/","og_locale":"en_US","og_type":"article","og_title":"Home - Law Reform","og_url":"https:\/\/www.lawreform.ie\/ga\/","og_site_name":"Law Reform","article_modified_time":"2026-05-13T14:09:02+00:00","twitter_card":"summary_large_image","schema":{"@context":"https:\/\/schema.org","@graph":[{"@type":"WebPage","@id":"https:\/\/www.lawreform.ie\/ga\/","url":"https:\/\/www.lawreform.ie\/ga\/","name":"Home - Law Reform","isPartOf":{"@id":"https:\/\/www.lawreform.ie\/#website"},"datePublished":"2026-02-27T05:48:06+00:00","dateModified":"2026-05-13T14:09:02+00:00","breadcrumb":{"@id":"https:\/\/www.lawreform.ie\/ga\/#breadcrumb"},"inLanguage":"ga","potentialAction":[{"@type":"ReadAction","target":["https:\/\/www.lawreform.ie\/ga\/"]}]},{"@type":"BreadcrumbList","@id":"https:\/\/www.lawreform.ie\/ga\/#breadcrumb","itemListElement":[{"@type":"ListItem","position":1,"name":"Home","item":"https:\/\/www.lawreform.ie\/ga\/"},{"@type":"ListItem","position":2,"name":"Home"}]},{"@type":"WebSite","@id":"https:\/\/www.lawreform.ie\/#website","url":"https:\/\/www.lawreform.ie\/","name":"Law Reform","description":"","publisher":{"@id":"https:\/\/www.lawreform.ie\/#organization"},"potentialAction":[{"@type":"SearchAction","target":{"@type":"EntryPoint","urlTemplate":"https:\/\/www.lawreform.ie\/?s={search_term_string}"},"query-input":{"@type":"PropertyValueSpecification","valueRequired":true,"valueName":"search_term_string"}}],"inLanguage":"ga"},{"@type":"Organization","@id":"https:\/\/www.lawreform.ie\/#organization","name":"Law Reform","url":"https:\/\/www.lawreform.ie\/","logo":{"@type":"ImageObject","inLanguage":"ga","@id":"https:\/\/www.lawreform.ie\/#\/schema\/logo\/image\/","url":"https:\/\/www.lawreform.ie\/wp-content\/uploads\/2026\/02\/logo_LRC.svg","contentUrl":"https:\/\/www.lawreform.ie\/wp-content\/uploads\/2026\/02\/logo_LRC.svg","width":1,"height":1,"caption":"Law Reform"},"image":{"@id":"https:\/\/www.lawreform.ie\/#\/schema\/logo\/image\/"}}]}},"_links":{"self":[{"href":"https:\/\/www.lawreform.ie\/ga\/wp-json\/wp\/v2\/pages\/860","targetHints":{"allow":["GET"]}}],"collection":[{"href":"https:\/\/www.lawreform.ie\/ga\/wp-json\/wp\/v2\/pages"}],"about":[{"href":"https:\/\/www.lawreform.ie\/ga\/wp-json\/wp\/v2\/types\/page"}],"author":[{"embeddable":true,"href":"https:\/\/www.lawreform.ie\/ga\/wp-json\/wp\/v2\/users\/1"}],"replies":[{"embeddable":true,"href":"https:\/\/www.lawreform.ie\/ga\/wp-json\/wp\/v2\/comments?post=860"}],"version-history":[{"count":0,"href":"https:\/\/www.lawreform.ie\/ga\/wp-json\/wp\/v2\/pages\/860\/revisions"}],"wp:attachment":[{"href":"https:\/\/www.lawreform.ie\/ga\/wp-json\/wp\/v2\/media?parent=860"}],"curies":[{"name":"wp","href":"https:\/\/api.w.org\/{rel}","templated":true}]}}