{"id":867,"date":"2026-02-28T07:31:38","date_gmt":"2026-02-28T07:31:38","guid":{"rendered":"https:\/\/www.lawreform.ie\/tionscadail-reatha\/"},"modified":"2026-05-12T09:41:37","modified_gmt":"2026-05-12T09:41:37","slug":"tionscadail-reatha","status":"publish","type":"page","link":"https:\/\/www.lawreform.ie\/ga\/tionscadail-reatha\/","title":{"rendered":"Tionscadail Reatha"},"content":{"rendered":"<div class=\"wrapper-hero bg-circles bg-circles--single block--hero-block\" data-aos=\"fade-in\" data-aos-duration=\"800\">\n  <div class=\"ui-grid\">\n    <div class=\"cell medium-12\">\n      <div class=\"media-block media-block--hero\">\n        <div class=\"text-content\">\n            <h1>Tionscadail Reatha<\/h1>\n            <div class=\"summary\">\n              <p>Is iad na Cl\u00e1ir um Athch\u00f3iri\u00fa an Dl\u00ed de chuid an Choimisi\u00fain an pr\u00edomhbhun\u00fas ar a gcomhl\u00edonann an Coimisi\u00fan an sainord\u00fa reacht\u00fail at\u00e1 air an dl\u00ed a choime\u00e1d faoi bhreithni\u00fa d\u2019fhonn \u00e9 a athch\u00f3iri\u00fa. T\u00e1 c\u00faig Chl\u00e1r um Athch\u00f3iri\u00fa an Dl\u00ed seolta ag an gCoimisi\u00fan \u00f3 buna\u00edodh ar dt\u00fas \u00e9. N\u00ed m\u00f3r don d\u00e1 Theach den Oireachtas agus don Rialtas gach cl\u00e1r a chead\u00fa.<\/p>\n\n            <\/div>\n        <\/div>\n        <div class=\"media-content\">\n          <img decoding=\"async\"\n            class=\"hero-block__image-optimized\"\n            src=\"https:\/\/www.lawreform.ie\/wp-content\/uploads\/2026\/03\/Current-Project-Picture-639x1024.jpg\"\n            alt=\"\"\n            loading=\"eager\"\n            fetchpriority=\"high\"\n            srcset=\"\n              https:\/\/www.lawreform.ie\/wp-content\/uploads\/2026\/03\/Current-Project-Picture-187x300.jpg 600w,\n              https:\/\/www.lawreform.ie\/wp-content\/uploads\/2026\/03\/Current-Project-Picture-639x1024.jpg 1920w,\n              https:\/\/www.lawreform.ie\/wp-content\/uploads\/2026\/03\/Current-Project-Picture-scaled.jpg 2000w\n            \"\n            sizes=\"(max-width: 1920px) 100vw, 1920px\"\n         >\n        <\/div>\n      <\/div>\n    <\/div>\n  <\/div>\n<\/div>\n\n<div class=\"wrapper-breadcrumbs wrapper-section--light block--breadcrumbs-block\">\n    <div class=\"ui-grid\">\n        <div class=\"cell medium-12\">\n        <nav aria-label=\"Breadcrumb\" id=\"breadcrumbs\" class=\"menu menu--breadcrumb\"><span><span><a href=\"https:\/\/www.lawreform.ie\/ga\/\">Home<\/a><\/span><\/span><\/nav>\n        <\/div>\n    <\/div>\n<\/div>\n\n<div class=\"wrapper-section wrapper-section--light block--section-heading-block\">\n  <div class=\"ui-grid align-center\">\n    <div class=\"cell medium-10 large-8 text-center\">\n      <div class=\"flex-container flex-gap-20 flex-column\">\n          <h2>Tionscadail sa Choimisi\u00fan um Athch\u00f3iri\u00fa an Dl\u00ed<\/h2>\n          <div>Tar \u00e9is d\u00fainn tionscadal comhaontaithe a chur ar \u00e1ireamh i gCl\u00e1r um Athch\u00f3iri\u00fa an Dl\u00ed, is gn\u00e1ch go mbeidh tr\u00ed ch\u00e9im i gceist leis an tionscadal. Ar dt\u00fas, d\u00e9anfar raon feidhme an tionscadail a mheas chun tuiscint a ghn\u00f3th\u00fa ar raon feidhme agus d\u00edri\u00fa an tionscadail. Rachfar i mbun comhairli\u00fach\u00e1in ansin, tr\u00edna mbeifear in ann dul i gcomhairle le geallsealbh\u00f3ir\u00ed iomchu\u00ed agus le p\u00e1irtithe leasmhara chun tuilleadh faisn\u00e9ise, l\u00e9argas agus smaointe a fh\u00e1il maidir le saincheisteanna an tionscadail. Is \u00e9 an ch\u00e9im dheiridh n\u00e1 an Tuarasc\u00e1il a scr\u00edobh agus a eisi\u00faint, rud ina mbeidh molta\u00ed maidir le hathch\u00f3iri\u00fa an dl\u00ed a bhaineann leis na saincheisteanna a sainaithn\u00edodh sa d\u00e1 ch\u00e9im roimhe.   <\/div>\n      <\/div>\n    <\/div>\n  <\/div>\n<\/div>\n\n<div class=\"wrapper-section wrapper-section--white\">\n    <div class=\"ui-grid\">\n        <div class=\"cell medium-12\">\n            <article class=\"content-flow wysiwyg\">\n                <h4>An tEolaire Tionscadal Reatha<br \/><\/h4>\n<p>Le linn shamhradh na bliana 2023, breis agus ceithre bliana tar \u00e9is th\u00fas an Ch\u00faigi\u00fa Cl\u00e1r, rinne an Coimisi\u00fan, le toili\u00fa \u00f3n Ard-Aighne, athbhreithni\u00fa ar na tionscadail a bh\u00ed f\u00e1gtha ar an gCl\u00e1r sin agus ar an gCeathr\u00fa Cl\u00e1r.<\/p>\n<p>Th\u00e1inig an Coimisi\u00fan ar an gconcl\u00faid go ndeachaigh teagmhais eile \u00f3 chead\u00fa an Ch\u00faigi\u00fa Cl\u00e1r ar leith chun tosaigh ar roinnt de na tionscadail sin, agus d\u2019aontaigh an tArd-Aighne leis an gconcl\u00faid sin. D\u00e1 r\u00e9ir sin, n\u00ed bheadh s\u00e9 stuama a thuilleadh acmhainn\u00ed an Choimisi\u00fain a chaitheamh ar thuilleadh oibre a dh\u00e9anamh ar na r\u00e9ims\u00ed sin. <\/p>\n<p>Is iad seo a leanas na tionscadail at\u00e1 le cr\u00edochn\u00fa go f\u00f3ill:<\/p>\n\n            <\/article>\n        <\/div>\n    <\/div>\n<\/div>\n\n<div class=\"wrapper-section wrapper-section--white block--icon-cards-block\">\n  <div class=\"ui-grid medium-up-3\">\n        <div class=\"cell\">\n          <a href=\"https:\/\/www.lawreform.ie\/ga\/iospartaigh-na-coireachta-a-chuiteamh\/\" target=\"_blank\" class=\"feature-card feature-card--text-reveal\">\n              <span class=\"card-icon szicon-legal-expenses\" aria-hidden=\"true\"><\/span>\n            <div class=\"body\">\n                <h3 class=\"title\">\u00cdospartaigh na Coireachta a Ch\u00faiteamh<\/h3>\n                <p class=\"text\">Scr\u00fada\u00edtear sa tionscadal seo togra\u00ed le haghaidh athch\u00f3iri\u00fa a dh\u00e9anamh ar sc\u00e9im na h\u00c9ireann le haghaidh \u00edospartaigh na coireachta for\u00e9ign\u00ed a ch\u00faiteamh.<\/p>\n            <\/div>\n            <span class=\"cta-arrow szicon-arrow-right\" aria-hidden=\"true\"><\/span>\n          <\/a>\n        <\/div>\n        <div class=\"cell\">\n          <a href=\"https:\/\/www.lawreform.ie\/ga\/cistiu-dlithiochta-triu-pairti\/\" target=\"_blank\" class=\"feature-card feature-card--text-reveal\">\n              <span class=\"card-icon szicon-legal-document\" aria-hidden=\"true\"><\/span>\n            <div class=\"body\">\n                <h3 class=\"title\">Cisti\u00fa Dl\u00edth\u00edochta Tr\u00ed\u00fa P\u00e1irt\u00ed<\/h3>\n                <p class=\"text\">Breithn\u00edtear sa tionscadal seo c\u00e9 acu ba cheart n\u00f3 n\u00e1r cheart na cionta stairi\u00fala arb \u00e9ard iad claonchoth\u00fa agus camph\u00e1irt\u00edocht a choime\u00e1d n\u00f3 a rial\u00e1il agus c\u00e9 acu ba cheart n\u00f3 n\u00e1r cheart cisti\u00fa tr\u00ed\u00fa p\u00e1irt\u00ed a chead\u00fa in \u00c9irinn agus, d\u00e1 mba cheart, conas ba cheart \u00e9 a rial\u00e1il.&lt;br&gt;<\/p>\n            <\/div>\n            <span class=\"cta-arrow szicon-arrow-right\" aria-hidden=\"true\"><\/span>\n          <\/a>\n        <\/div>\n        <div class=\"cell\">\n          <a href=\"https:\/\/www.lawreform.ie\/ga\/comhlachtai-tugtha-breithiunas-nach-cuirteanna-iad-agus-achomhairc-chun-na-gcuirteanna-a-athchoiriu\/\" target=\"_blank\" class=\"feature-card feature-card--text-reveal\">\n              <span class=\"card-icon szicon-law-book\" aria-hidden=\"true\"><\/span>\n            <div class=\"body\">\n                <h3 class=\"title\">Comhlachta\u00ed Tugtha Breithi\u00fanas nach C\u00fairteanna iad <\/h3>\n                <p class=\"text\">Scr\u00fada\u00edtear sa tionscadal seo conas is f\u00e9idir na n\u00f3sanna imeachta agus na pr\u00f3isis \u00e9ags\u00fala at\u00e1 i bhfeidhm ag comhlachta\u00ed tugtha breithi\u00fanas na h\u00c9ireann nach c\u00fairteanna iad a chu\u00edch\u00f3iri\u00fa gan an tsol\u00fabthacht a theasta\u00edonn \u00f3 gach comhlacht chun na feidhmeanna uath\u00fala tugtha breithi\u00fanas at\u00e1 aige a chomhl\u00edonadh a chailleadh, mar aon le conas is f\u00e9idir achomhairc ar aghaidh chun na c\u00fairte a shimpli\u00fa. <\/p>\n            <\/div>\n            <span class=\"cta-arrow szicon-arrow-right\" aria-hidden=\"true\"><\/span>\n          <\/a>\n        <\/div>\n        <div class=\"cell\">\n          <a href=\"https:\/\/www.lawreform.ie\/ga\/dliteanas-comhlachas-neamhchorpraithe\/\" target=\"_blank\" class=\"feature-card feature-card--text-reveal\">\n              <span class=\"card-icon szicon-court\" aria-hidden=\"true\"><\/span>\n            <div class=\"body\">\n                <h3 class=\"title\">Dliteanas Comhlachas Neamhchorpraithe<\/h3>\n                <p class=\"text\">Athbhreithn\u00edtear sa tionscadal seo dliteanas sibhialta agus dliteanas coiri\u00fail comhlachas neamhchorpraithe, amhail oird rialta agus clubanna sp\u00f3irt, ag teacht sna s\u00e1la ar phr\u00edomhbhreitheanna c\u00fairte.<\/p>\n            <\/div>\n            <span class=\"cta-arrow szicon-arrow-right\" aria-hidden=\"true\"><\/span>\n          <\/a>\n        <\/div>\n        <div class=\"cell\">\n          <a href=\"https:\/\/www.lawreform.ie\/ga\/gneithe-den-dli-teaghlaigh-aithint-dhlithiuil-colscarthai-coigriche\/\" target=\"_blank\" class=\"feature-card feature-card--text-reveal\">\n              <span class=\"card-icon szicon-court\" aria-hidden=\"true\"><\/span>\n            <div class=\"body\">\n                <h3 class=\"title\">Gn\u00e9ithe den Dl\u00ed Teaghlaigh (Aithint dhl\u00edthi\u00fail colscartha\u00ed coigr\u00edche)<\/h3>\n                <p class=\"text\">Athbhreithn\u00edtear sa tionscadal an bun\u00fas dl\u00ed le haghaidh colscartha\u00ed coigr\u00edche agus saincheisteanna gaolmhara p\u00f3sta a aithint, ag teacht sna s\u00e1la ar bhreitheanna \u00f3n gC\u00fairt Uachtarach.<\/p>\n            <\/div>\n            <span class=\"cta-arrow szicon-arrow-right\" aria-hidden=\"true\"><\/span>\n          <\/a>\n        <\/div>\n        <div class=\"cell\">\n          <a href=\"https:\/\/www.lawreform.ie\/ga\/gneithe-den-dli-talun-agus-tiolactha-seilbh-chodarsna\/\" target=\"_blank\" class=\"feature-card feature-card--text-reveal\">\n              <span class=\"card-icon szicon-chat\" aria-hidden=\"true\"><\/span>\n            <div class=\"body\">\n                <h3 class=\"title\">Gn\u00e9ithe den Dl\u00ed Tal\u00fan agus T\u00edolactha (seilbh chodarsna) <\/h3>\n                <p class=\"text\">Caitear sa tionscadal s\u00fail eile ar an dl\u00ed um sheilbh chodarsna, rud a eisiadh \u00f3n Acht um Athch\u00f3iri\u00fa an Dl\u00ed Tal\u00fan agus T\u00edolactha, 2009.<\/p>\n            <\/div>\n            <span class=\"cta-arrow szicon-arrow-right\" aria-hidden=\"true\"><\/span>\n          <\/a>\n        <\/div>\n  <\/div>\n<\/div>\n\n\n<div class=\"wrapper-section wrapper-section--white block--content-block\">\n  <div class=\"ui-grid\">\n    <div class=\"cell medium-12\">\n      <div class=\"feature-block\">\n        <div class=\"flex-container flex-gap-20 flex-column align-i-start\">\n            <h3>Comhairli\u00fach\u00e1in Reatha<\/h3>\n            <p>San am i l\u00e1thair, t\u00e1 an Coimisi\u00fan ag dul i gcomhairle maidir le Comhlachta\u00ed Tugtha Breithi\u00fanas nach C\u00fairteanna iad agus achomhairc chun na gc\u00fairteanna a athch\u00f3iri\u00fa. Cuirimid f\u00e1ilte roimh aighneachta\u00ed \u00f3 gach p\u00e1irt\u00ed leasmhar maidir leis an ngn\u00e9 sin, agus gn\u00e9ithe eile, d\u00e1r gcuid oibre.  <\/p>\n            <div class=\"flex-container flex-gap-10 flex-wrap\">\n                <a href=\"https:\/\/www.lawreform.ie\/ga\/comhairliuchain\/\"  class=\"btn-main btn-main--light\">\n                  <span aria-hidden=\"true\" class=\"szicon-arrow-right\"><\/span>\n                  T\u00e9igh chuig comhairli\u00fach\u00e1in\n                <\/a>\n            <\/div>\n        <\/div>\n      <\/div>\n    <\/div>\n  <\/div>\n<\/div>","protected":false},"excerpt":{"rendered":"","protected":false},"author":1,"featured_media":0,"parent":0,"menu_order":0,"comment_status":"closed","ping_status":"closed","template":"","meta":{"_acf_changed":true,"footnotes":""},"class_list":["post-867","page","type-page","status-publish","hentry"],"acf":[],"yoast_head":"<!-- This site is optimized with the Yoast SEO plugin v27.6 - https:\/\/yoast.com\/product\/yoast-seo-wordpress\/ -->\n<title>Tionscadail Reatha - Law Reform<\/title>\n<meta name=\"robots\" content=\"index, follow, max-snippet:-1, max-image-preview:large, max-video-preview:-1\" \/>\n<link rel=\"canonical\" href=\"https:\/\/www.lawreform.ie\/current-projects\/\" \/>\n<meta property=\"og:locale\" content=\"en_US\" \/>\n<meta property=\"og:type\" content=\"article\" \/>\n<meta property=\"og:title\" content=\"Tionscadail Reatha - Law Reform\" \/>\n<meta property=\"og:url\" content=\"https:\/\/www.lawreform.ie\/current-projects\/\" \/>\n<meta property=\"og:site_name\" content=\"Law Reform\" \/>\n<meta property=\"article:modified_time\" content=\"2026-05-12T09:41:37+00:00\" \/>\n<meta name=\"twitter:card\" content=\"summary_large_image\" \/>\n<script type=\"application\/ld+json\" class=\"yoast-schema-graph\">{\"@context\":\"https:\\\/\\\/schema.org\",\"@graph\":[{\"@type\":\"WebPage\",\"@id\":\"https:\\\/\\\/www.lawreform.ie\\\/current-projects\\\/\",\"url\":\"https:\\\/\\\/www.lawreform.ie\\\/current-projects\\\/\",\"name\":\"Tionscadail Reatha - Law Reform\",\"isPartOf\":{\"@id\":\"https:\\\/\\\/www.lawreform.ie\\\/#website\"},\"datePublished\":\"2026-02-28T07:31:38+00:00\",\"dateModified\":\"2026-05-12T09:41:37+00:00\",\"breadcrumb\":{\"@id\":\"https:\\\/\\\/www.lawreform.ie\\\/current-projects\\\/#breadcrumb\"},\"inLanguage\":\"ga\",\"potentialAction\":[{\"@type\":\"ReadAction\",\"target\":[\"https:\\\/\\\/www.lawreform.ie\\\/current-projects\\\/\"]}]},{\"@type\":\"BreadcrumbList\",\"@id\":\"https:\\\/\\\/www.lawreform.ie\\\/current-projects\\\/#breadcrumb\",\"itemListElement\":[{\"@type\":\"ListItem\",\"position\":1,\"name\":\"Home\",\"item\":\"https:\\\/\\\/www.lawreform.ie\\\/ga\\\/\"},{\"@type\":\"ListItem\",\"position\":2,\"name\":\"Tionscadail Reatha\"}]},{\"@type\":\"WebSite\",\"@id\":\"https:\\\/\\\/www.lawreform.ie\\\/#website\",\"url\":\"https:\\\/\\\/www.lawreform.ie\\\/\",\"name\":\"Law Reform\",\"description\":\"\",\"publisher\":{\"@id\":\"https:\\\/\\\/www.lawreform.ie\\\/#organization\"},\"potentialAction\":[{\"@type\":\"SearchAction\",\"target\":{\"@type\":\"EntryPoint\",\"urlTemplate\":\"https:\\\/\\\/www.lawreform.ie\\\/?s={search_term_string}\"},\"query-input\":{\"@type\":\"PropertyValueSpecification\",\"valueRequired\":true,\"valueName\":\"search_term_string\"}}],\"inLanguage\":\"ga\"},{\"@type\":\"Organization\",\"@id\":\"https:\\\/\\\/www.lawreform.ie\\\/#organization\",\"name\":\"Law Reform\",\"url\":\"https:\\\/\\\/www.lawreform.ie\\\/\",\"logo\":{\"@type\":\"ImageObject\",\"inLanguage\":\"ga\",\"@id\":\"https:\\\/\\\/www.lawreform.ie\\\/#\\\/schema\\\/logo\\\/image\\\/\",\"url\":\"https:\\\/\\\/www.lawreform.ie\\\/wp-content\\\/uploads\\\/2026\\\/02\\\/logo_LRC.svg\",\"contentUrl\":\"https:\\\/\\\/www.lawreform.ie\\\/wp-content\\\/uploads\\\/2026\\\/02\\\/logo_LRC.svg\",\"width\":1,\"height\":1,\"caption\":\"Law Reform\"},\"image\":{\"@id\":\"https:\\\/\\\/www.lawreform.ie\\\/#\\\/schema\\\/logo\\\/image\\\/\"}}]}<\/script>\n<!-- \/ Yoast SEO plugin. -->","yoast_head_json":{"title":"Tionscadail Reatha - Law Reform","robots":{"index":"index","follow":"follow","max-snippet":"max-snippet:-1","max-image-preview":"max-image-preview:large","max-video-preview":"max-video-preview:-1"},"canonical":"https:\/\/www.lawreform.ie\/current-projects\/","og_locale":"en_US","og_type":"article","og_title":"Tionscadail Reatha - Law Reform","og_url":"https:\/\/www.lawreform.ie\/current-projects\/","og_site_name":"Law Reform","article_modified_time":"2026-05-12T09:41:37+00:00","twitter_card":"summary_large_image","schema":{"@context":"https:\/\/schema.org","@graph":[{"@type":"WebPage","@id":"https:\/\/www.lawreform.ie\/current-projects\/","url":"https:\/\/www.lawreform.ie\/current-projects\/","name":"Tionscadail Reatha - Law Reform","isPartOf":{"@id":"https:\/\/www.lawreform.ie\/#website"},"datePublished":"2026-02-28T07:31:38+00:00","dateModified":"2026-05-12T09:41:37+00:00","breadcrumb":{"@id":"https:\/\/www.lawreform.ie\/current-projects\/#breadcrumb"},"inLanguage":"ga","potentialAction":[{"@type":"ReadAction","target":["https:\/\/www.lawreform.ie\/current-projects\/"]}]},{"@type":"BreadcrumbList","@id":"https:\/\/www.lawreform.ie\/current-projects\/#breadcrumb","itemListElement":[{"@type":"ListItem","position":1,"name":"Home","item":"https:\/\/www.lawreform.ie\/ga\/"},{"@type":"ListItem","position":2,"name":"Tionscadail Reatha"}]},{"@type":"WebSite","@id":"https:\/\/www.lawreform.ie\/#website","url":"https:\/\/www.lawreform.ie\/","name":"Law Reform","description":"","publisher":{"@id":"https:\/\/www.lawreform.ie\/#organization"},"potentialAction":[{"@type":"SearchAction","target":{"@type":"EntryPoint","urlTemplate":"https:\/\/www.lawreform.ie\/?s={search_term_string}"},"query-input":{"@type":"PropertyValueSpecification","valueRequired":true,"valueName":"search_term_string"}}],"inLanguage":"ga"},{"@type":"Organization","@id":"https:\/\/www.lawreform.ie\/#organization","name":"Law Reform","url":"https:\/\/www.lawreform.ie\/","logo":{"@type":"ImageObject","inLanguage":"ga","@id":"https:\/\/www.lawreform.ie\/#\/schema\/logo\/image\/","url":"https:\/\/www.lawreform.ie\/wp-content\/uploads\/2026\/02\/logo_LRC.svg","contentUrl":"https:\/\/www.lawreform.ie\/wp-content\/uploads\/2026\/02\/logo_LRC.svg","width":1,"height":1,"caption":"Law Reform"},"image":{"@id":"https:\/\/www.lawreform.ie\/#\/schema\/logo\/image\/"}}]}},"_links":{"self":[{"href":"https:\/\/www.lawreform.ie\/ga\/wp-json\/wp\/v2\/pages\/867","targetHints":{"allow":["GET"]}}],"collection":[{"href":"https:\/\/www.lawreform.ie\/ga\/wp-json\/wp\/v2\/pages"}],"about":[{"href":"https:\/\/www.lawreform.ie\/ga\/wp-json\/wp\/v2\/types\/page"}],"author":[{"embeddable":true,"href":"https:\/\/www.lawreform.ie\/ga\/wp-json\/wp\/v2\/users\/1"}],"replies":[{"embeddable":true,"href":"https:\/\/www.lawreform.ie\/ga\/wp-json\/wp\/v2\/comments?post=867"}],"version-history":[{"count":0,"href":"https:\/\/www.lawreform.ie\/ga\/wp-json\/wp\/v2\/pages\/867\/revisions"}],"wp:attachment":[{"href":"https:\/\/www.lawreform.ie\/ga\/wp-json\/wp\/v2\/media?parent=867"}],"curies":[{"name":"wp","href":"https:\/\/api.w.org\/{rel}","templated":true}]}}