{"id":869,"date":"2026-03-17T11:18:46","date_gmt":"2026-03-17T11:18:46","guid":{"rendered":"https:\/\/www.lawreform.ie\/freedom-of-information-publication-scheme\/"},"modified":"2026-05-11T10:44:08","modified_gmt":"2026-05-11T10:44:08","slug":"sceim-foilsitheoireachta-saorala-faisneise","status":"publish","type":"page","link":"https:\/\/www.lawreform.ie\/ga\/sceim-foilsitheoireachta-saorala-faisneise\/","title":{"rendered":"Sc\u00e9im Foilsitheoireachta Saor\u00e1la Faisn\u00e9ise"},"content":{"rendered":"<div class=\"wrapper-section wrapper-section--light block--section-heading-block\">\n  <div class=\"ui-grid align-center\">\n    <div class=\"cell medium-10 large-8 text-center\">\n      <div class=\"flex-container flex-gap-20 flex-column\">\n          <h2>Sc\u00e9im Foilsitheoireachta Saor\u00e1la Faisn\u00e9ise<\/h2>\n      <\/div>\n    <\/div>\n  <\/div>\n<\/div>\n\n<div class=\"wrapper-section wrapper-section--white\">\n    <div class=\"ui-grid\">\n        <div class=\"cell medium-12\">\n            <article class=\"content-flow wysiwyg\">\n                <p>Is comhlacht poibl\u00ed \u201cnua\u201d faoin Acht um Shaor\u00e1il Faisn\u00e9ise, 2014, \u00e9 an <a href=\"https:\/\/www.irishstatutebook.ie\/eli\/2014\/act\/30\/enacted\/en\/html\">Coimisi\u00fan um Athch\u00f3iri\u00fa an Dl\u00ed<\/a> agus, de r\u00e9ir an mh\u00ednithe ar \u201cd\u00e1ta \u00e9ifeachtach\u201d at\u00e1 in alt 2(c) d\u2019Acht 2014, t\u00e1 feidhm ag an Acht maidir le taifid at\u00e1 i seilbh an Choimisi\u00fain \u00f3n 21 Aibre\u00e1n 2008 i leith.<\/p>\n<p>Is leagtha amach th\u00edos at\u00e1 an Sc\u00e9im Foilsitheoireachta Saor\u00e1la Faisn\u00e9ise at\u00e1 \u00e1 foilsi\u00fa againn faoi Acht 2014. Leagtar amach sa Sc\u00e9im raon faisn\u00e9ise faoin gCoimisi\u00fan um Athch\u00f3iri\u00fa an Dl\u00ed agus t\u00e1 s\u00ed rangaithe faoi na s\u00e9 cheannteideal at\u00e1 molta faoi alt 8 d\u2019Acht 2014.<\/p>\n<p>&nbsp;<\/p>\n<h4>1) R\u00f3l agus Freagrachta\u00ed<\/h4>\n<p>T\u00e1 c\u00faigear comhalta\u00ed ag an gCoimisi\u00fan: an tUachtar\u00e1n, Coimisin\u00e9ir l\u00e1naimseartha, agus tri\u00far Coimisin\u00e9ir\u00ed p\u00e1irtaimseartha. Is f\u00e9idir tuilleadh faisn\u00e9ise c\u00falra maidir le gach duine d\u00edobh a fh\u00e1il anseo. Faigheann an Coimisi\u00fan taca\u00edocht \u00f3 roinnt ball foirne taighde agus riarach\u00e1in, mar at\u00e1 leagtha amach ina chairt eagra\u00edochta (insert a link to recent org chart). Riala\u00edtear p\u00e1 agus gr\u00e1d\u00fa na mball foirne sin leis na <a href=\"https:\/\/www.lawreform.ie\/ga\/coimisineiri\/\">beartais iomchu\u00ed,<\/a> mar at\u00e1 leagtha amach ag an Roinn Caiteachais Phoibl\u00ed agus Athch\u00f3irithe, agus feidhm\u00edonn an Coimisi\u00fan freisin faoi <a href=\"https:\/\/www.sipo.ie\/en\/Codes-of-Conduct\/Civil-Servants\/Civil-Service-Code-of-Standards.pdf\">Ch\u00f3d Caighde\u00e1n agus Iompra\u00edochta na St\u00e1tseirbh\u00edse.<\/a><\/p>\n<p>Seo a leanas an raon taifead at\u00e1 i seilbh an Choimisi\u00fain agus a fh\u00e9adfar a eisi\u00faint:<\/p>\n<ul>\n<li>Riarach\u00e1n Ginear\u00e1lta<\/li>\n<li>Cuntais\/Taifid Chaiteachais<\/li>\n<li>Cl\u00e1r S\u00f3cmhainn\u00ed<\/li>\n<li>Aighneachta\u00ed (seachas aighneachta\u00ed a thugtar i modh r\u00fain agus lena gcruth\u00f3fa\u00ed an baol go gcuirf\u00ed as do chumas an Choimisi\u00fain taighde a dh\u00e9anamh amach anseo d\u00e1 n-eiseofa\u00ed iad agus\/n\u00f3 a mbeadh s\u00e9 neamhdhleathach iad a eisi\u00faint ar shl\u00ed eile)<\/li>\n<li>Treoirl\u00ednte agus ciorcl\u00e1in \u00f3n St\u00e1tseirbh\u00eds n\u00f3 \u00f3n tSeirbh\u00eds Phoibl\u00ed<\/li>\n<li>Tuarasc\u00e1lacha Bliant\u00fala<\/li>\n<li>R\u00e1itis Strait\u00e9ise<\/li>\n<\/ul>\n<p>M\u00e1 theasta\u00edonn aon fhaisn\u00e9is bhreise uait, n\u00e1 b\u00edodh aon leisce ort <a href=\"https:\/\/www.lawreform.ie\/contact-us\/\" target=\"_blank\" rel=\"noopener\"><strong>teagmh\u00e1il a dh\u00e9anamh linn.<\/strong><\/a><\/p>\n<p>&nbsp;<\/p>\n<h4>2) \u00c1r Seirbh\u00eds\u00ed<\/h4>\n<p><a href=\"https:\/\/publications.lawreform.ie\/Portal\/External\/en-GB\/Search\/SimpleSearch\">Foilseach\u00e1in<\/a><\/p>\n<p><a href=\"https:\/\/www.lawreform.ie\/ga\/an-teolaire-reachtaiochta\/\" target=\"_blank\" rel=\"noopener\">An tEolaire Reachta\u00edochta <\/a><\/p>\n<p><a href=\"https:\/\/revisedacts.lawreform.ie\/classlist\/intro\">An Liosta Aicmithe Reachta\u00edochta <\/a><\/p>\n<p><a href=\"https:\/\/www.lawreform.ie\/ga\/achtanna-athbhreithnithe\/\" target=\"_blank\" rel=\"noopener\">Achtanna Athbhreithnithe <\/a><\/p>\n<p>&nbsp;<\/p>\n<h4>3) Faisn\u00e9is Airgeadais<\/h4>\n<p>Is f\u00e9idir \u00e1r R\u00e1itis Airgeadais a fh\u00e1il in\u00e1r <a href=\"https:\/\/www.lawreform.ie\/ga\/tuarascalacha-bliantula\/\" target=\"_blank\" rel=\"noopener\"> dTuarasc\u00e1lacha Bliant\u00fala<\/a><\/p>\n<p>&nbsp;<\/p>\n<h6>2020<\/h6>\n<p><a href=\"https:\/\/www.lawreform.ie\/wp-content\/uploads\/2026\/03\/Q1-Prompt-Payment-Return-2020.pdf\">\u00cdoca\u00edochta\u00ed Prasa \u2013 R\u00e1ithe 1 de 2020<\/a><\/p>\n<p><a href=\"https:\/\/www.lawreform.ie\/wp-content\/uploads\/2026\/03\/Q2-Prompt-Payment-Return-2020.pdf\">\u00cdoca\u00edochta\u00ed Prasa \u2013 R\u00e1ithe 2 de 2020<\/a><\/p>\n<p><a href=\"https:\/\/www.lawreform.ie\/wp-content\/uploads\/2026\/03\/Q3-Prompt-Payment-Return-2020.pdf\">\u00cdoca\u00edochta\u00ed Prasa \u2013 R\u00e1ithe 3 de 2020<\/a><\/p>\n<p><a href=\"https:\/\/www.lawreform.ie\/wp-content\/uploads\/2026\/03\/Q4-Prompt-Payment-Return-2020.pdf\">\u00cdoca\u00edochta\u00ed Prasa \u2013 R\u00e1ithe 4 de 2020<\/a><\/p>\n<p>&nbsp;<\/p>\n<h6>2021<\/h6>\n<p><a href=\"https:\/\/www.lawreform.ie\/wp-content\/uploads\/2026\/03\/Q1-Prompt-Payment-Return-2021.pdf\">\u00cdoca\u00edochta\u00ed Prasa \u2013 R\u00e1ithe 1 de 2021<\/a><\/p>\n<p><a href=\"https:\/\/www.lawreform.ie\/wp-content\/uploads\/2026\/03\/Q2-Prompt-Payment-Return-2021.pdf\">\u00cdoca\u00edochta\u00ed Prasa \u2013 R\u00e1ithe 2 de 2021<\/a><\/p>\n<p><a href=\"https:\/\/www.lawreform.ie\/wp-content\/uploads\/2026\/03\/Q3-Prompt-Payment-Return-2021-Signed.pdf\">\u00cdoca\u00edochta\u00ed Prasa \u2013 R\u00e1ithe 3 de 2021<\/a><\/p>\n<p><a href=\"https:\/\/www.lawreform.ie\/wp-content\/uploads\/2026\/03\/Q4-Prompt-Payment-Return-2021-signed.pdf\">\u00cdoca\u00edochta\u00ed Prasa \u2013 R\u00e1ithe 4 de 2021<\/a><\/p>\n<p>&nbsp;<\/p>\n<h6><strong>2022<\/strong><\/h6>\n<p><a href=\"https:\/\/www.lawreform.ie\/wp-content\/uploads\/2026\/03\/Q1-Prompt-Payment-Return-2022.pdf\">\u00cdoca\u00edochta\u00ed Prasa \u2013 R\u00e1ithe 1 de 2022<\/a><\/p>\n<p><a href=\"https:\/\/www.lawreform.ie\/wp-content\/uploads\/2026\/03\/Q2-Prompt-Payment-Return-2022.pdf\">\u00cdoca\u00edochta\u00ed Prasa \u2013 R\u00e1ithe 2 de 2022<\/a><\/p>\n<p><a href=\"https:\/\/www.lawreform.ie\/wp-content\/uploads\/2026\/03\/Q3-Prompt-Payment-Return-2022.pdf\">\u00cdoca\u00edochta\u00ed Prasa \u2013 R\u00e1ithe 3 de 2022<\/a><\/p>\n<p><a href=\"https:\/\/www.lawreform.ie\/wp-content\/uploads\/2026\/03\/Q4-Prompt-Payment-Return-2022.pdf\">\u00cdoca\u00edochta\u00ed Prasa \u2013 R\u00e1ithe 4 de 2022<\/a><\/p>\n<p>&nbsp;<\/p>\n<h6>2023<\/h6>\n<p><a href=\"https:\/\/www.lawreform.ie\/wp-content\/uploads\/2026\/03\/Q1-Prompt-Payments-Return-2023.pdf\">\u00cdoca\u00edochta\u00ed Prasa \u2013 R\u00e1ithe 1 de 2023<\/a><\/p>\n<p><a href=\"https:\/\/www.lawreform.ie\/wp-content\/uploads\/2026\/03\/Q2-Prompt-Payments-Return-2023.pdf\">\u00cdoca\u00edochta\u00ed Prasa \u2013 R\u00e1ithe 2 de 2023<\/a><\/p>\n<p><a href=\"https:\/\/www.lawreform.ie\/wp-content\/uploads\/2026\/03\/Q3-Prompt-Payments-Return-202023.pdf\">\u00cdoca\u00edochta\u00ed Prasa \u2013 R\u00e1ithe 3 de 2023<\/a><\/p>\n<p><a href=\"https:\/\/www.lawreform.ie\/wp-content\/uploads\/2026\/03\/Q4-prompt-payments-return-11012024.pdf\">\u00cdoca\u00edochta\u00ed Prasa \u2013 R\u00e1ithe 4 de 2023<\/a><\/p>\n<p>&nbsp;<\/p>\n<h6>2024<\/h6>\n<p><a href=\"https:\/\/www.lawreform.ie\/wp-content\/uploads\/2026\/03\/Q1-prompt-payments-return-31032024.pdf\">\u00cdoca\u00edochta\u00ed Prasa \u2013 R\u00e1ithe 1 de 2024<\/a><\/p>\n<p><a href=\"https:\/\/www.lawreform.ie\/wp-content\/uploads\/2026\/03\/Q2-2024-prompt-payments-2024.pdf\">\u00cdoca\u00edochta\u00ed Prasa \u2013 R\u00e1ithe 2 de 2024<\/a><\/p>\n<p><a href=\"https:\/\/www.lawreform.ie\/wp-content\/uploads\/2026\/03\/Q3-2024-prompt-payments.pdf\">\u00cdoca\u00edochta\u00ed Prasa \u2013 R\u00e1ithe 3 de 2024<\/a><\/p>\n<p><a href=\"https:\/\/www.lawreform.ie\/wp-content\/uploads\/2026\/03\/Q4-2024-prmpt-payments.pdf\">\u00cdoca\u00edochta\u00ed Prasa \u2013 R\u00e1ithe 4 de 2024<\/a><\/p>\n<p>&nbsp;<\/p>\n<h6>2025<\/h6>\n<p><a href=\"https:\/\/www.lawreform.ie\/wp-content\/uploads\/2026\/03\/Q1-2025-invoice.pdf\">\u00cdoca\u00edochta\u00ed Prasa \u2013 R\u00e1ithe 1 de 2025<\/a><\/p>\n<p><a href=\"https:\/\/www.lawreform.ie\/wp-content\/uploads\/2026\/03\/Q2-2025-invoice.pdf\">\u00cdoca\u00edochta\u00ed Prasa \u2013 R\u00e1ithe 2 de 2025<\/a><\/p>\n<p><a href=\"https:\/\/www.lawreform.ie\/wp-content\/uploads\/2026\/03\/Q3-2025-prompt-payments.pdf\">\u00cdoca\u00edochta\u00ed Prasa \u2013 R\u00e1ithe 3 de 2025<\/a><\/p>\n<p>&nbsp;<\/p>\n<p>&nbsp;<\/p>\n<h4>4) Feidhmeanna agus Pr\u00f3iseas Cinnteoireachta an Choimisi\u00fain<\/h4>\n<h6><strong>Feidhmeanna an Choimisi\u00fain<\/strong><\/h6>\n<p>T\u00e1 an Coimisi\u00fan ina chomhlacht reacht\u00fail a buna\u00edodh leis an <em><strong><a href=\"https:\/\/revisedacts.lawreform.ie\/eli\/1975\/act\/3\/front\/revised\/en\/html\">Acht f\u00e1n gCoimisi\u00fan um Athch\u00f3iri\u00fa an Dl\u00ed, 1975<\/a><\/strong><\/em>, lena gceangla\u00edtear ar an gCoimisi\u00fan an dl\u00ed a choime\u00e1d faoi bhreithni\u00fa agus taighde a sheoladh d\u2019fhonn an dl\u00ed a athch\u00f3iri\u00fa. Faigh tuilleadh faisn\u00e9ise faoin\u00e1r<a href=\"https:\/\/www.lawreform.ie\/ga\/maidir-linne\/\"> bhfeidhmeanna anseo.<\/a><\/p>\n<p>Rud eile at\u00e1 i gceist le hobair an Choimisi\u00fain is ea reachta\u00edocht a dh\u00e9anamh n\u00edos inrochtana don phobal. T\u00e1irgeann an Coimisi\u00fan roinnt t\u00e1irg\u00ed a bhaineann le rochtain ar reachta\u00edocht. <a href=\"https:\/\/www.lawreform.ie\/ga\/access-to-legislation\/\" target=\"_blank\" rel=\"noopener\">Faigh tuilleadh faisn\u00e9ise f\u00fathu anseo.<\/a><\/p>\n<h6><strong>Pr\u00f3iseas Cinnteoireachta an Choimisi\u00fain<br \/>\n<\/strong><\/h6>\n<p>Comhalta\u00ed an Choimisi\u00fain<\/p>\n<p>T\u00e1 c\u00faigear comhalta\u00ed ag an gCoimisi\u00fan: an tUachtar\u00e1n, Coimisin\u00e9ir l\u00e1naimseartha, agus tri\u00far Coimisin\u00e9ir\u00ed p\u00e1irtaimseartha. Is \u00e9 an Rialtas a cheapann na Coimisin\u00e9ir\u00ed ar feadh t\u00e9arma c\u00faig bliana ar a mh\u00e9ad, agus f\u00e9adfar a gceapach\u00e1n a athnuachan.<br \/>\n<a href=\"https:\/\/www.lawreform.ie\/ga\/coimisineiri\/\" target=\"_blank\" rel=\"noopener\"> Is f\u00e9idir leat tuilleadh faisn\u00e9ise a fh\u00e1il anseo.<\/a><\/p>\n<p>Coiste Bainist\u00edochta an Choimisi\u00fain<\/p>\n<p>Cuims\u00edonn Coiste Bainist\u00edochta an Choimisi\u00fain an Coimisin\u00e9ir l\u00e1naimseartha, an Ceann Riarach\u00e1in, an Sti\u00farth\u00f3ir Taighde, na Leas-Sti\u00farth\u00f3ir\u00ed Taighde, an Bainisteoir um Rochtain ar Reachta\u00edocht, na Leas-Bhainisteoir\u00ed um Rochtain ar Reachta\u00edocht, an Ceann Gn\u00f3tha\u00ed Corpar\u00e1ideacha, agus an Bainisteoir Leabharlainne agus Faisn\u00e9ise. Tagann an Coiste Bainist\u00edochta le ch\u00e9ile ar bhonn tr\u00e1thrialta \u2013 ar bhonn m\u00edos\u00fail de ghn\u00e1th agus roimh chruinnithe foirmi\u00fala an Choimisi\u00fain \u2013 chun athbhreithni\u00fa a dh\u00e9anamh ar na m\u00f3r-shaincheisteanna uile a bhaineann le hoibri\u00fa \u00e9ifeacht\u00fail \u00e9ifeachtach an Choimisi\u00fain.<\/p>\n<p>&nbsp;<\/p>\n<h4>5) Sol\u00e1thar<\/h4>\n<p><a href=\"https:\/\/www.etenders.gov.ie\/epps\/home.do\">Beartais Sol\u00e1thair<\/a><\/p>\n<p><a href=\"https:\/\/irl.eu-supply.com\/ctm\/supplier\/publictenders\">Tairiscint\u00ed Reatha<\/a><\/p>\n<p>&nbsp;<\/p>\n<h4>6) Faisn\u00e9is a Fhoils\u00edtear go Rialta<\/h4>\n<p><a href=\"https:\/\/www.lawreform.ie\/wp-content\/uploads\/2026\/03\/FOI_GUIDE-2022.pdf\">Treoir maidir le Saor\u00e1il Faisn\u00e9ise<\/a><\/p>\n<p><a href=\"https:\/\/www.lawreform.ie\/wp-content\/uploads\/2026\/03\/FOI_Application_Form_English1.pdf\">Foirm Iarratais Saor\u00e1la Faisn\u00e9ise (B\u00e9arla)<\/a><\/p>\n<p><a href=\"https:\/\/www.lawreform.ie\/wp-content\/uploads\/2026\/03\/FOI_Application_Form_Irish1.pdf\">Foirm Iarratais Saor\u00e1la Faisn\u00e9ise (Gaeilge)<\/a><\/p>\n<p><a href=\"https:\/\/www.lawreform.ie\/wp-content\/uploads\/2026\/03\/foi-log-10072025-1.pdf\">Loga Saor\u00e1la Faisn\u00e9ise<\/a><\/p>\n<p><a href=\"https:\/\/publications.lawreform.ie\/Portal\/External\/en-GB\/Search\/SimpleSearch\">Foilseach\u00e1in Tionscadail an Choimisi\u00fain <\/a><\/p>\n<p><a href=\"https:\/\/revisedacts.lawreform.ie\/revacts\/intro\">Achtanna Athbhreithnithe <\/a><\/p>\n<p><a href=\"https:\/\/publications.lawreform.ie\/Portal\/External\/en-GB\/Search\/SimpleSearch\">Tuarasc\u00e1lacha Bliant\u00fala agus R\u00e1itis Strait\u00e9ise <\/a><\/p>\n<p><a href=\"https:\/\/www.lawreform.ie\/wp-content\/uploads\/2026\/05\/3-LRC-Protected-Disclosures-Document-July-2017.pdf\">Doicim\u00e9ad maidir le Nochtadh Cosanta, I\u00fail 2017 <\/a><\/p>\n<p><a href=\"https:\/\/www.lawreform.ie\/wp-content\/uploads\/2026\/03\/lrc-ipa-review-2023.pdf\">Athbhreithni\u00fa an Fhorais Riarach\u00e1in 2023 <\/a><\/p>\n\n            <\/article>\n        <\/div>\n    <\/div>\n<\/div>","protected":false},"excerpt":{"rendered":"","protected":false},"author":12,"featured_media":0,"parent":0,"menu_order":0,"comment_status":"closed","ping_status":"closed","template":"","meta":{"_acf_changed":true,"footnotes":""},"class_list":["post-869","page","type-page","status-publish","hentry"],"acf":[],"yoast_head":"<!-- This site is optimized with the Yoast SEO plugin v27.6 - https:\/\/yoast.com\/product\/yoast-seo-wordpress\/ -->\n<title>Sc\u00e9im Foilsitheoireachta Saor\u00e1la Faisn\u00e9ise - Law Reform<\/title>\n<meta name=\"robots\" content=\"index, follow, max-snippet:-1, max-image-preview:large, max-video-preview:-1\" \/>\n<link rel=\"canonical\" href=\"https:\/\/www.lawreform.ie\/freedom-of-information-publication-scheme\/\" \/>\n<meta property=\"og:locale\" content=\"en_US\" \/>\n<meta property=\"og:type\" content=\"article\" \/>\n<meta property=\"og:title\" content=\"Sc\u00e9im Foilsitheoireachta Saor\u00e1la Faisn\u00e9ise - Law Reform\" \/>\n<meta property=\"og:url\" content=\"https:\/\/www.lawreform.ie\/freedom-of-information-publication-scheme\/\" \/>\n<meta property=\"og:site_name\" content=\"Law Reform\" \/>\n<meta property=\"article:modified_time\" content=\"2026-05-11T10:44:08+00:00\" \/>\n<meta name=\"twitter:card\" content=\"summary_large_image\" \/>\n<script type=\"application\/ld+json\" class=\"yoast-schema-graph\">{\"@context\":\"https:\\\/\\\/schema.org\",\"@graph\":[{\"@type\":\"WebPage\",\"@id\":\"https:\\\/\\\/www.lawreform.ie\\\/freedom-of-information-publication-scheme\\\/\",\"url\":\"https:\\\/\\\/www.lawreform.ie\\\/freedom-of-information-publication-scheme\\\/\",\"name\":\"Sc\u00e9im Foilsitheoireachta Saor\u00e1la Faisn\u00e9ise - Law Reform\",\"isPartOf\":{\"@id\":\"https:\\\/\\\/www.lawreform.ie\\\/#website\"},\"datePublished\":\"2026-03-17T11:18:46+00:00\",\"dateModified\":\"2026-05-11T10:44:08+00:00\",\"breadcrumb\":{\"@id\":\"https:\\\/\\\/www.lawreform.ie\\\/freedom-of-information-publication-scheme\\\/#breadcrumb\"},\"inLanguage\":\"ga\",\"potentialAction\":[{\"@type\":\"ReadAction\",\"target\":[\"https:\\\/\\\/www.lawreform.ie\\\/freedom-of-information-publication-scheme\\\/\"]}]},{\"@type\":\"BreadcrumbList\",\"@id\":\"https:\\\/\\\/www.lawreform.ie\\\/freedom-of-information-publication-scheme\\\/#breadcrumb\",\"itemListElement\":[{\"@type\":\"ListItem\",\"position\":1,\"name\":\"Home\",\"item\":\"https:\\\/\\\/www.lawreform.ie\\\/ga\\\/\"},{\"@type\":\"ListItem\",\"position\":2,\"name\":\"Sc\u00e9im Foilsitheoireachta Saor\u00e1la Faisn\u00e9ise\"}]},{\"@type\":\"WebSite\",\"@id\":\"https:\\\/\\\/www.lawreform.ie\\\/#website\",\"url\":\"https:\\\/\\\/www.lawreform.ie\\\/\",\"name\":\"Law Reform\",\"description\":\"\",\"publisher\":{\"@id\":\"https:\\\/\\\/www.lawreform.ie\\\/#organization\"},\"potentialAction\":[{\"@type\":\"SearchAction\",\"target\":{\"@type\":\"EntryPoint\",\"urlTemplate\":\"https:\\\/\\\/www.lawreform.ie\\\/?s={search_term_string}\"},\"query-input\":{\"@type\":\"PropertyValueSpecification\",\"valueRequired\":true,\"valueName\":\"search_term_string\"}}],\"inLanguage\":\"ga\"},{\"@type\":\"Organization\",\"@id\":\"https:\\\/\\\/www.lawreform.ie\\\/#organization\",\"name\":\"Law Reform\",\"url\":\"https:\\\/\\\/www.lawreform.ie\\\/\",\"logo\":{\"@type\":\"ImageObject\",\"inLanguage\":\"ga\",\"@id\":\"https:\\\/\\\/www.lawreform.ie\\\/#\\\/schema\\\/logo\\\/image\\\/\",\"url\":\"https:\\\/\\\/www.lawreform.ie\\\/wp-content\\\/uploads\\\/2026\\\/02\\\/logo_LRC.svg\",\"contentUrl\":\"https:\\\/\\\/www.lawreform.ie\\\/wp-content\\\/uploads\\\/2026\\\/02\\\/logo_LRC.svg\",\"width\":1,\"height\":1,\"caption\":\"Law Reform\"},\"image\":{\"@id\":\"https:\\\/\\\/www.lawreform.ie\\\/#\\\/schema\\\/logo\\\/image\\\/\"}}]}<\/script>\n<!-- \/ Yoast SEO plugin. -->","yoast_head_json":{"title":"Sc\u00e9im Foilsitheoireachta Saor\u00e1la Faisn\u00e9ise - Law Reform","robots":{"index":"index","follow":"follow","max-snippet":"max-snippet:-1","max-image-preview":"max-image-preview:large","max-video-preview":"max-video-preview:-1"},"canonical":"https:\/\/www.lawreform.ie\/freedom-of-information-publication-scheme\/","og_locale":"en_US","og_type":"article","og_title":"Sc\u00e9im Foilsitheoireachta Saor\u00e1la Faisn\u00e9ise - Law Reform","og_url":"https:\/\/www.lawreform.ie\/freedom-of-information-publication-scheme\/","og_site_name":"Law Reform","article_modified_time":"2026-05-11T10:44:08+00:00","twitter_card":"summary_large_image","schema":{"@context":"https:\/\/schema.org","@graph":[{"@type":"WebPage","@id":"https:\/\/www.lawreform.ie\/freedom-of-information-publication-scheme\/","url":"https:\/\/www.lawreform.ie\/freedom-of-information-publication-scheme\/","name":"Sc\u00e9im Foilsitheoireachta Saor\u00e1la Faisn\u00e9ise - Law Reform","isPartOf":{"@id":"https:\/\/www.lawreform.ie\/#website"},"datePublished":"2026-03-17T11:18:46+00:00","dateModified":"2026-05-11T10:44:08+00:00","breadcrumb":{"@id":"https:\/\/www.lawreform.ie\/freedom-of-information-publication-scheme\/#breadcrumb"},"inLanguage":"ga","potentialAction":[{"@type":"ReadAction","target":["https:\/\/www.lawreform.ie\/freedom-of-information-publication-scheme\/"]}]},{"@type":"BreadcrumbList","@id":"https:\/\/www.lawreform.ie\/freedom-of-information-publication-scheme\/#breadcrumb","itemListElement":[{"@type":"ListItem","position":1,"name":"Home","item":"https:\/\/www.lawreform.ie\/ga\/"},{"@type":"ListItem","position":2,"name":"Sc\u00e9im Foilsitheoireachta Saor\u00e1la Faisn\u00e9ise"}]},{"@type":"WebSite","@id":"https:\/\/www.lawreform.ie\/#website","url":"https:\/\/www.lawreform.ie\/","name":"Law Reform","description":"","publisher":{"@id":"https:\/\/www.lawreform.ie\/#organization"},"potentialAction":[{"@type":"SearchAction","target":{"@type":"EntryPoint","urlTemplate":"https:\/\/www.lawreform.ie\/?s={search_term_string}"},"query-input":{"@type":"PropertyValueSpecification","valueRequired":true,"valueName":"search_term_string"}}],"inLanguage":"ga"},{"@type":"Organization","@id":"https:\/\/www.lawreform.ie\/#organization","name":"Law Reform","url":"https:\/\/www.lawreform.ie\/","logo":{"@type":"ImageObject","inLanguage":"ga","@id":"https:\/\/www.lawreform.ie\/#\/schema\/logo\/image\/","url":"https:\/\/www.lawreform.ie\/wp-content\/uploads\/2026\/02\/logo_LRC.svg","contentUrl":"https:\/\/www.lawreform.ie\/wp-content\/uploads\/2026\/02\/logo_LRC.svg","width":1,"height":1,"caption":"Law Reform"},"image":{"@id":"https:\/\/www.lawreform.ie\/#\/schema\/logo\/image\/"}}]}},"_links":{"self":[{"href":"https:\/\/www.lawreform.ie\/ga\/wp-json\/wp\/v2\/pages\/869","targetHints":{"allow":["GET"]}}],"collection":[{"href":"https:\/\/www.lawreform.ie\/ga\/wp-json\/wp\/v2\/pages"}],"about":[{"href":"https:\/\/www.lawreform.ie\/ga\/wp-json\/wp\/v2\/types\/page"}],"author":[{"embeddable":true,"href":"https:\/\/www.lawreform.ie\/ga\/wp-json\/wp\/v2\/users\/12"}],"replies":[{"embeddable":true,"href":"https:\/\/www.lawreform.ie\/ga\/wp-json\/wp\/v2\/comments?post=869"}],"version-history":[{"count":0,"href":"https:\/\/www.lawreform.ie\/ga\/wp-json\/wp\/v2\/pages\/869\/revisions"}],"wp:attachment":[{"href":"https:\/\/www.lawreform.ie\/ga\/wp-json\/wp\/v2\/media?parent=869"}],"curies":[{"name":"wp","href":"https:\/\/api.w.org\/{rel}","templated":true}]}}