{"id":875,"date":"2026-03-13T16:44:19","date_gmt":"2026-03-13T16:44:19","guid":{"rendered":"https:\/\/www.lawreform.ie\/an-tacht-um-nochtadh-cosanta-2014\/"},"modified":"2026-04-26T16:09:07","modified_gmt":"2026-04-26T16:09:07","slug":"an-tacht-um-nochtadh-cosanta-2014","status":"publish","type":"page","link":"https:\/\/www.lawreform.ie\/ga\/an-tacht-um-nochtadh-cosanta-2014\/","title":{"rendered":"An tAcht um Nochtadh Cosanta, 2014"},"content":{"rendered":"<div class=\"wrapper-section wrapper-section--light block--section-heading-block\">\n  <div class=\"ui-grid align-center\">\n    <div class=\"cell medium-10 large-8 text-center\">\n      <div class=\"flex-container flex-gap-20 flex-column\">\n          <h2>An tAcht um Nochtadh Cosanta, 2014<\/h2>\n      <\/div>\n    <\/div>\n  <\/div>\n<\/div><div class=\"wrapper-section wrapper-section--white\">\n    <div class=\"ui-grid\">\n        <div class=\"cell medium-12\">\n            <article class=\"content-flow wysiwyg\">\n                <p>T\u00e1 an Coimisi\u00fan um Athch\u00f3iri\u00fa an Dl\u00ed, an Coimisin\u00e9ir l\u00e1naimseartha, an Ceann Riarach\u00e1in agus Coiste Bainist\u00edochta an Choimisi\u00fain tiomanta go l\u00e1idir d\u00e1 chinnti\u00fa go mbeidh cult\u00far agus timpeallacht oibre an Choimisi\u00fain de chine\u00e1l a thugann spreagadh agus taca\u00edocht d\u2019aon bhall foirne \u201clabhairt amach\u201d faoi aon saincheist a d\u2019fh\u00e9adfadh drochthionchar a imirt ar an gcumas at\u00e1 ag an gCoimisi\u00fan a r\u00f3il agus a fhreagrachta\u00ed uile faoin Acht f\u00e1n<strong><em><a href=\"https:\/\/revisedacts.lawreform.ie\/eli\/1975\/act\/3\/front\/revised\/en\/html\"> gCoimisi\u00fan um Athch\u00f3iri\u00fa an Dl\u00ed, 1975<\/a><\/em><\/strong><em> <\/em>a chomhl\u00edonadh go cu\u00ed agus go hioml\u00e1n de r\u00e9ir an ardchaighde\u00e1in feidhm\u00edochta a cheangla\u00edtear faoi Acht 1975 agus faoi aon ch\u00f3id agus beartais rialachais iomchu\u00ed.<\/p>\n<p>I gcomhr\u00e9ir leis an dea-chleachtas at\u00e1 ann cheana agus leis na beartais iomchu\u00ed, t\u00e1thar ag s\u00fail leis gur ar bhealach gairmi\u00fail cu\u00ed a dh\u00e9ile\u00e1lfar le haon saincheist chu\u00ed a chuirfidh ball foirne in i\u00fal d\u00e1 b(h)ainisteoir l\u00edne maidir le n\u00ed a bhaineann le seoladh ghn\u00f3 an Choimisi\u00fain. T\u00e1 r\u00edth\u00e1bhacht ag baint leis sin maidir lena chinnti\u00fa go sainaithneofar na riosca\u00ed suntasacha uile a thiocfaidh chun cinn don Choimisi\u00fan agus go mbainisteofar go h\u00e9ifeachtach iad. Ina theannta sin, maidir le haon bhall foirne a chuirfidh aon \u00e1bhar imn\u00ed in i\u00fal go cu\u00ed, n\u00ed chuirfear faoi mh\u00edbhunt\u00e1iste \u00e9\/\u00ed mar thoradh ar \u00e9 sin a dh\u00e9anamh.<\/p>\n<p>N\u00edor cheart an ball foirne a chur faoi mh\u00edbhunt\u00e1iste in aon ch\u00e1s ar bith, is cuma c\u00e9 acu a thagann n\u00f3 nach dtagann an tsaincheist faoin doicim\u00e9ad beartais agus n\u00f3sanna imeachta seo.<\/p>\n<p>Baineann an <strong><a href=\"https:\/\/www.lawreform.ie\/wp-content\/uploads\/2026\/04\/23-Protected-Disclosures-Policy-040423.pdf\">doicim\u00e9ad beartais agus n\u00f3sanna imeachta<\/a><\/strong> seo le nochtadh cosanta, mar at\u00e1 m\u00ednithe san Acht um Nochtadh Cosanta, 2014, arna leas\u00fa, agus t\u00e1 beala\u00ed agus n\u00f3sanna imeachta tuairiscithe inmhe\u00e1nacha agus seachtracha ann.<\/p>\n<p>N\u00ed dhearnadh aon nochta\u00ed cosanta leis an gCoimisi\u00fan sa bhliain 2025.<\/p>\n\n            <\/article>\n        <\/div>\n    <\/div>\n<\/div>","protected":false},"excerpt":{"rendered":"","protected":false},"author":12,"featured_media":0,"parent":0,"menu_order":0,"comment_status":"closed","ping_status":"closed","template":"","meta":{"_acf_changed":false,"footnotes":""},"class_list":["post-875","page","type-page","status-publish","hentry"],"acf":[],"yoast_head":"<!-- This site is optimized with the Yoast SEO plugin v27.6 - https:\/\/yoast.com\/product\/yoast-seo-wordpress\/ -->\n<title>An tAcht um Nochtadh Cosanta, 2014 - Law Reform<\/title>\n<meta name=\"robots\" content=\"index, follow, max-snippet:-1, max-image-preview:large, max-video-preview:-1\" \/>\n<link rel=\"canonical\" href=\"https:\/\/www.lawreform.ie\/ga\/an-tacht-um-nochtadh-cosanta-2014\/\" \/>\n<meta property=\"og:locale\" content=\"en_US\" \/>\n<meta property=\"og:type\" content=\"article\" \/>\n<meta property=\"og:title\" content=\"An tAcht um Nochtadh Cosanta, 2014 - Law Reform\" \/>\n<meta property=\"og:url\" content=\"https:\/\/www.lawreform.ie\/ga\/an-tacht-um-nochtadh-cosanta-2014\/\" \/>\n<meta property=\"og:site_name\" content=\"Law Reform\" \/>\n<meta property=\"article:modified_time\" content=\"2026-04-26T16:09:07+00:00\" \/>\n<meta name=\"twitter:card\" content=\"summary_large_image\" \/>\n<script type=\"application\/ld+json\" class=\"yoast-schema-graph\">{\"@context\":\"https:\\\/\\\/schema.org\",\"@graph\":[{\"@type\":\"WebPage\",\"@id\":\"https:\\\/\\\/www.lawreform.ie\\\/ga\\\/an-tacht-um-nochtadh-cosanta-2014\\\/\",\"url\":\"https:\\\/\\\/www.lawreform.ie\\\/ga\\\/an-tacht-um-nochtadh-cosanta-2014\\\/\",\"name\":\"An tAcht um Nochtadh Cosanta, 2014 - Law Reform\",\"isPartOf\":{\"@id\":\"https:\\\/\\\/www.lawreform.ie\\\/#website\"},\"datePublished\":\"2026-03-13T16:44:19+00:00\",\"dateModified\":\"2026-04-26T16:09:07+00:00\",\"breadcrumb\":{\"@id\":\"https:\\\/\\\/www.lawreform.ie\\\/ga\\\/an-tacht-um-nochtadh-cosanta-2014\\\/#breadcrumb\"},\"inLanguage\":\"ga\",\"potentialAction\":[{\"@type\":\"ReadAction\",\"target\":[\"https:\\\/\\\/www.lawreform.ie\\\/ga\\\/an-tacht-um-nochtadh-cosanta-2014\\\/\"]}]},{\"@type\":\"BreadcrumbList\",\"@id\":\"https:\\\/\\\/www.lawreform.ie\\\/ga\\\/an-tacht-um-nochtadh-cosanta-2014\\\/#breadcrumb\",\"itemListElement\":[{\"@type\":\"ListItem\",\"position\":1,\"name\":\"Home\",\"item\":\"https:\\\/\\\/www.lawreform.ie\\\/ga\\\/\"},{\"@type\":\"ListItem\",\"position\":2,\"name\":\"An tAcht um Nochtadh Cosanta, 2014\"}]},{\"@type\":\"WebSite\",\"@id\":\"https:\\\/\\\/www.lawreform.ie\\\/#website\",\"url\":\"https:\\\/\\\/www.lawreform.ie\\\/\",\"name\":\"Law Reform\",\"description\":\"\",\"publisher\":{\"@id\":\"https:\\\/\\\/www.lawreform.ie\\\/#organization\"},\"potentialAction\":[{\"@type\":\"SearchAction\",\"target\":{\"@type\":\"EntryPoint\",\"urlTemplate\":\"https:\\\/\\\/www.lawreform.ie\\\/?s={search_term_string}\"},\"query-input\":{\"@type\":\"PropertyValueSpecification\",\"valueRequired\":true,\"valueName\":\"search_term_string\"}}],\"inLanguage\":\"ga\"},{\"@type\":\"Organization\",\"@id\":\"https:\\\/\\\/www.lawreform.ie\\\/#organization\",\"name\":\"Law Reform\",\"url\":\"https:\\\/\\\/www.lawreform.ie\\\/\",\"logo\":{\"@type\":\"ImageObject\",\"inLanguage\":\"ga\",\"@id\":\"https:\\\/\\\/www.lawreform.ie\\\/#\\\/schema\\\/logo\\\/image\\\/\",\"url\":\"https:\\\/\\\/www.lawreform.ie\\\/wp-content\\\/uploads\\\/2026\\\/02\\\/logo_LRC.svg\",\"contentUrl\":\"https:\\\/\\\/www.lawreform.ie\\\/wp-content\\\/uploads\\\/2026\\\/02\\\/logo_LRC.svg\",\"width\":1,\"height\":1,\"caption\":\"Law Reform\"},\"image\":{\"@id\":\"https:\\\/\\\/www.lawreform.ie\\\/#\\\/schema\\\/logo\\\/image\\\/\"}}]}<\/script>\n<!-- \/ Yoast SEO plugin. -->","yoast_head_json":{"title":"An tAcht um Nochtadh Cosanta, 2014 - Law Reform","robots":{"index":"index","follow":"follow","max-snippet":"max-snippet:-1","max-image-preview":"max-image-preview:large","max-video-preview":"max-video-preview:-1"},"canonical":"https:\/\/www.lawreform.ie\/ga\/an-tacht-um-nochtadh-cosanta-2014\/","og_locale":"en_US","og_type":"article","og_title":"An tAcht um Nochtadh Cosanta, 2014 - Law Reform","og_url":"https:\/\/www.lawreform.ie\/ga\/an-tacht-um-nochtadh-cosanta-2014\/","og_site_name":"Law Reform","article_modified_time":"2026-04-26T16:09:07+00:00","twitter_card":"summary_large_image","schema":{"@context":"https:\/\/schema.org","@graph":[{"@type":"WebPage","@id":"https:\/\/www.lawreform.ie\/ga\/an-tacht-um-nochtadh-cosanta-2014\/","url":"https:\/\/www.lawreform.ie\/ga\/an-tacht-um-nochtadh-cosanta-2014\/","name":"An tAcht um Nochtadh Cosanta, 2014 - Law Reform","isPartOf":{"@id":"https:\/\/www.lawreform.ie\/#website"},"datePublished":"2026-03-13T16:44:19+00:00","dateModified":"2026-04-26T16:09:07+00:00","breadcrumb":{"@id":"https:\/\/www.lawreform.ie\/ga\/an-tacht-um-nochtadh-cosanta-2014\/#breadcrumb"},"inLanguage":"ga","potentialAction":[{"@type":"ReadAction","target":["https:\/\/www.lawreform.ie\/ga\/an-tacht-um-nochtadh-cosanta-2014\/"]}]},{"@type":"BreadcrumbList","@id":"https:\/\/www.lawreform.ie\/ga\/an-tacht-um-nochtadh-cosanta-2014\/#breadcrumb","itemListElement":[{"@type":"ListItem","position":1,"name":"Home","item":"https:\/\/www.lawreform.ie\/ga\/"},{"@type":"ListItem","position":2,"name":"An tAcht um Nochtadh Cosanta, 2014"}]},{"@type":"WebSite","@id":"https:\/\/www.lawreform.ie\/#website","url":"https:\/\/www.lawreform.ie\/","name":"Law Reform","description":"","publisher":{"@id":"https:\/\/www.lawreform.ie\/#organization"},"potentialAction":[{"@type":"SearchAction","target":{"@type":"EntryPoint","urlTemplate":"https:\/\/www.lawreform.ie\/?s={search_term_string}"},"query-input":{"@type":"PropertyValueSpecification","valueRequired":true,"valueName":"search_term_string"}}],"inLanguage":"ga"},{"@type":"Organization","@id":"https:\/\/www.lawreform.ie\/#organization","name":"Law Reform","url":"https:\/\/www.lawreform.ie\/","logo":{"@type":"ImageObject","inLanguage":"ga","@id":"https:\/\/www.lawreform.ie\/#\/schema\/logo\/image\/","url":"https:\/\/www.lawreform.ie\/wp-content\/uploads\/2026\/02\/logo_LRC.svg","contentUrl":"https:\/\/www.lawreform.ie\/wp-content\/uploads\/2026\/02\/logo_LRC.svg","width":1,"height":1,"caption":"Law Reform"},"image":{"@id":"https:\/\/www.lawreform.ie\/#\/schema\/logo\/image\/"}}]}},"_links":{"self":[{"href":"https:\/\/www.lawreform.ie\/ga\/wp-json\/wp\/v2\/pages\/875","targetHints":{"allow":["GET"]}}],"collection":[{"href":"https:\/\/www.lawreform.ie\/ga\/wp-json\/wp\/v2\/pages"}],"about":[{"href":"https:\/\/www.lawreform.ie\/ga\/wp-json\/wp\/v2\/types\/page"}],"author":[{"embeddable":true,"href":"https:\/\/www.lawreform.ie\/ga\/wp-json\/wp\/v2\/users\/12"}],"replies":[{"embeddable":true,"href":"https:\/\/www.lawreform.ie\/ga\/wp-json\/wp\/v2\/comments?post=875"}],"version-history":[{"count":0,"href":"https:\/\/www.lawreform.ie\/ga\/wp-json\/wp\/v2\/pages\/875\/revisions"}],"wp:attachment":[{"href":"https:\/\/www.lawreform.ie\/ga\/wp-json\/wp\/v2\/media?parent=875"}],"curies":[{"name":"wp","href":"https:\/\/api.w.org\/{rel}","templated":true}]}}