{"id":877,"date":"2026-02-28T08:51:23","date_gmt":"2026-02-28T08:51:23","guid":{"rendered":"https:\/\/www.lawreform.ie\/tuarascalacha-bliantula\/"},"modified":"2026-05-06T15:58:23","modified_gmt":"2026-05-06T15:58:23","slug":"tuarascalacha-bliantula","status":"publish","type":"page","link":"https:\/\/www.lawreform.ie\/ga\/tuarascalacha-bliantula\/","title":{"rendered":"Tuarasc\u00e1lacha Bliant\u00fala"},"content":{"rendered":"<div class=\"wrapper-breadcrumbs wrapper-section-- block--breadcrumbs-block\">\n    <div class=\"ui-grid\">\n        <div class=\"cell medium-12\">\n        <nav aria-label=\"Breadcrumb\" id=\"breadcrumbs\" class=\"menu menu--breadcrumb\"><span><span><a href=\"https:\/\/www.lawreform.ie\/ga\/\">Home<\/a><\/span><\/span><\/nav>\n        <\/div>\n    <\/div>\n<\/div><div class=\"wrapper-section wrapper-section--white\">\n\n    <!-- title and filters -->\n    <div class=\"ui-grid\">\n        <div class=\"medium-12 cell\">\n            <h1 class=\"m-b-0\">Tuarasc\u00e1lacha Bliant\u00fala<\/h1>\n        <\/div>\n    <\/div>\n\n    <!-- results -->\n    <div class=\"ui-grid\">\n        <div class=\"cell medium-12\">\n            \n                        <div class=\"card-list-item card-list-item--static\">\n                            <div class=\"content\">\n                                <p class=\"meta\">1 Ean\u00e1ir 2025<\/p>\n                                <h2 class=\"title\">\n                                        <a href=\"https:\/\/www.lawreform.ie\/wp-content\/uploads\/2026\/03\/final-law-reform-commission-annual-report-2024-ga.pdf\" target=\"_blank\" rel=\"noopener\">An Tuarasc\u00e1il Bhliant\u00fail 2024<\/a>\n                                        &nbsp;&nbsp;|&nbsp;&nbsp;\n                                        <a href=\"https:\/\/www.lawreform.ie\/wp-content\/uploads\/2026\/03\/final-law-reform-commission-annual-report-2024.pdf\" target=\"_blank\" rel=\"noopener\">Annual Report 2024<\/a>\n                                <\/h2>\n                            <\/div>\n                        <\/div>\n                        <div class=\"card-list-item card-list-item--static\">\n                            <div class=\"content\">\n                                <p class=\"meta\">1 Deireadh F\u00f3mhair 2024<\/p>\n                                <h2 class=\"title\">\n                                        <a href=\"https:\/\/www.lawreform.ie\/wp-content\/uploads\/2026\/03\/law-reform-commission-annual-report-2023-ga.pdf\" target=\"_blank\" rel=\"noopener\">An Tuarasc\u00e1il Bhliant\u00fail 2023<\/a>\n                                        &nbsp;&nbsp;|&nbsp;&nbsp;\n                                        <a href=\"https:\/\/www.lawreform.ie\/wp-content\/uploads\/2026\/03\/1-final-law-reform-commission-annual-report-2023-including-appendix.pdf\" target=\"_blank\" rel=\"noopener\">Annual Report 2023<\/a>\n                                <\/h2>\n                            <\/div>\n                        <\/div>\n                        <div class=\"card-list-item card-list-item--static\">\n                            <div class=\"content\">\n                                <p class=\"meta\">2 Deireadh F\u00f3mhair 2023<\/p>\n                                <h2 class=\"title\">\n                                        <a href=\"https:\/\/www.lawreform.ie\/wp-content\/uploads\/2026\/03\/1_-Law-Reform-Commission-Annual-Report-2022-GA.pdf\" target=\"_blank\" rel=\"noopener\">An Tuarasc\u00e1il Bhliant\u00fail 2022<\/a>\n                                        &nbsp;&nbsp;|&nbsp;&nbsp;\n                                        <a href=\"https:\/\/www.lawreform.ie\/wp-content\/uploads\/2026\/03\/1_-Law-Reform-Commission-Annual-Report-2022.pdf\" target=\"_blank\" rel=\"noopener\">Annual Report 2022<\/a>\n                                <\/h2>\n                            <\/div>\n                        <\/div>\n                        <div class=\"card-list-item card-list-item--static\">\n                            <div class=\"content\">\n                                <p class=\"meta\">10 L\u00fanasa 2022<\/p>\n                                <h2 class=\"title\">\n                                        <a href=\"https:\/\/www.lawreform.ie\/wp-content\/uploads\/2026\/03\/LRC-AR-43-2021-As-Gaelige.pdf\" target=\"_blank\" rel=\"noopener\">An Tuarasc\u00e1il Bhliant\u00fail 2021<\/a>\n                                        &nbsp;&nbsp;|&nbsp;&nbsp;\n                                        <a href=\"https:\/\/www.lawreform.ie\/wp-content\/uploads\/2026\/03\/LRC-AR-43-2021.pdf\" target=\"_blank\" rel=\"noopener\">Annual Report 2021<\/a>\n                                <\/h2>\n                            <\/div>\n                        <\/div>\n                        <div class=\"card-list-item card-list-item--static\">\n                            <div class=\"content\">\n                                <p class=\"meta\">22 M\u00e1rta 2022<\/p>\n                                <h2 class=\"title\">\n                                        <a href=\"https:\/\/www.lawreform.ie\/wp-content\/uploads\/2026\/03\/An-Tuarascail-Bhliantuil-2020.pdf\" target=\"_blank\" rel=\"noopener\">An Tuarasc\u00e1il Bhliant\u00fail 2020<\/a>\n                                        &nbsp;&nbsp;|&nbsp;&nbsp;\n                                        <a href=\"https:\/\/www.lawreform.ie\/wp-content\/uploads\/2026\/03\/Law-Reform-Commission-Annual-Report-2020.pdf\" target=\"_blank\" rel=\"noopener\">Annual Report 2020<\/a>\n                                <\/h2>\n                            <\/div>\n                        <\/div>\n                        <div class=\"card-list-item card-list-item--static\">\n                            <div class=\"content\">\n                                <p class=\"meta\">1 Nollaig 2020<\/p>\n                                <h2 class=\"title\">\n                                        <a href=\"https:\/\/www.lawreform.ie\/wp-content\/uploads\/2026\/03\/An-Tuarascail-Bhliantuil-2019.pdf\" target=\"_blank\" rel=\"noopener\">An Tuarasc\u00e1il Bhliant\u00fail 2019<\/a>\n                                        &nbsp;&nbsp;|&nbsp;&nbsp;\n                                        <a href=\"https:\/\/www.lawreform.ie\/wp-content\/uploads\/2026\/03\/LRC-AR-41-2019-1.pdf\" target=\"_blank\" rel=\"noopener\">Annual Report 2019<\/a>\n                                <\/h2>\n                            <\/div>\n                        <\/div>\n                        <div class=\"card-list-item card-list-item--static\">\n                            <div class=\"content\">\n                                <p class=\"meta\">1 Deireadh F\u00f3mhair 2020<\/p>\n                                <h2 class=\"title\">\n                                        <a href=\"https:\/\/www.lawreform.ie\/wp-content\/uploads\/2026\/03\/An-Tuarascail-Bhliantuil-2018.pdf\" target=\"_blank\" rel=\"noopener\">An Tuarasc\u00e1il Bhliant\u00fail 2018<\/a>\n                                        &nbsp;&nbsp;|&nbsp;&nbsp;\n                                        <a href=\"https:\/\/www.lawreform.ie\/wp-content\/uploads\/2026\/03\/LRC-AR-40-2018.pdf\" target=\"_blank\" rel=\"noopener\">Annual Report 2018<\/a>\n                                <\/h2>\n                            <\/div>\n                        <\/div>\n                        <div class=\"card-list-item card-list-item--static\">\n                            <div class=\"content\">\n                                <p class=\"meta\">1 Meitheamh 2018<\/p>\n                                <h2 class=\"title\">\n                                        <a href=\"https:\/\/www.lawreform.ie\/wp-content\/uploads\/2026\/03\/LRC-AR-39-2017-IRISH-incl-GAG-Audit-and-Financial-Statements.pdf\" target=\"_blank\" rel=\"noopener\">An Tuarasc\u00e1il Bhliant\u00fail 2017<\/a>\n                                        &nbsp;&nbsp;|&nbsp;&nbsp;\n                                        <a href=\"https:\/\/www.lawreform.ie\/wp-content\/uploads\/2026\/03\/LRC-AR-39-2017-incl-GAG-Audit-and-Financial-Statements.pdf\" target=\"_blank\" rel=\"noopener\">Annual Report 2017<\/a>\n                                <\/h2>\n                            <\/div>\n                        <\/div>\n                        <div class=\"card-list-item card-list-item--static\">\n                            <div class=\"content\">\n                                <p class=\"meta\">1 Meitheamh 2017<\/p>\n                                <h2 class=\"title\">\n                                        <a href=\"https:\/\/www.lawreform.ie\/wp-content\/uploads\/2026\/03\/Tuarascail-Bhliantuil-2016.pdf\" target=\"_blank\" rel=\"noopener\">An Tuarasc\u00e1il Bhliant\u00fail 2016<\/a>\n                                        &nbsp;&nbsp;|&nbsp;&nbsp;\n                                        <a href=\"https:\/\/www.lawreform.ie\/wp-content\/uploads\/2026\/03\/Annual-Report-2016-24-July-2017-FINAL.pdf\" target=\"_blank\" rel=\"noopener\">Annual Report 2016<\/a>\n                                <\/h2>\n                            <\/div>\n                        <\/div>\n                        <div class=\"card-list-item card-list-item--static\">\n                            <div class=\"content\">\n                                <p class=\"meta\">1 Meitheamh 2016<\/p>\n                                <h2 class=\"title\">\n                                        <a href=\"https:\/\/www.lawreform.ie\/wp-content\/uploads\/2026\/03\/9_8_16-ENG-IRISH-Draft-Copy-Annual-Report-2015-July_gd-IE-1.pdf\" target=\"_blank\" rel=\"noopener\">An Tuarasc\u00e1il Bhliant\u00fail 2016<\/a>\n                                        &nbsp;&nbsp;|&nbsp;&nbsp;\n                                        <a href=\"https:\/\/www.lawreform.ie\/wp-content\/uploads\/2026\/03\/Draft-Copy-Annual-Report-2015-11-August.pdf\" target=\"_blank\" rel=\"noopener\">Annual Report 2016<\/a>\n                                <\/h2>\n                            <\/div>\n                        <\/div>\n                        <div class=\"card-list-item card-list-item--static\">\n                            <div class=\"content\">\n                                <p class=\"meta\">1 Deireadh F\u00f3mhair 2015<\/p>\n                                <h2 class=\"title\">\n                                        <a href=\"https:\/\/www.lawreform.ie\/wp-content\/uploads\/2026\/03\/AR2014Irish.pdf\" target=\"_blank\" rel=\"noopener\">An Tuarasc\u00e1il Bhliant\u00fail 2014<\/a>\n                                        &nbsp;&nbsp;|&nbsp;&nbsp;\n                                        <a href=\"https:\/\/www.lawreform.ie\/wp-content\/uploads\/2026\/03\/AR2014Eng-2014.pdf\" target=\"_blank\" rel=\"noopener\">Annual Report 2014<\/a>\n                                <\/h2>\n                            <\/div>\n                        <\/div>\n                        <div class=\"card-list-item card-list-item--static\">\n                            <div class=\"content\">\n                                <p class=\"meta\">1 Me\u00e1n F\u00f3mhair 2014<\/p>\n                                <h2 class=\"title\">\n                                        <a href=\"https:\/\/www.lawreform.ie\/wp-content\/uploads\/2026\/03\/Annual-report-2013-MASTER-Irish-Version-V2.pdf\" target=\"_blank\" rel=\"noopener\">An Tuarasc\u00e1il Bhliant\u00fail 2013<\/a>\n                                        &nbsp;&nbsp;|&nbsp;&nbsp;\n                                        <a href=\"https:\/\/www.lawreform.ie\/wp-content\/uploads\/2026\/03\/Annual-report-2013-MASTER-COPY.pdf\" target=\"_blank\" rel=\"noopener\">Annual Report 2013<\/a>\n                                <\/h2>\n                            <\/div>\n                        <\/div>\n\n            <!-- Pagination -->\n                <nav aria-label=\"Pagination\" class=\"nav-pagination align-center\">\n    <div class=\"nav-pages\">\n        <a href=\"#\" aria-disabled=\"true\" tabindex=\"-1\" class=\"nav-pager is-disabled\">\n            <span aria-hidden=\"true\" class=\"szicon-keyboard-arrow-left\"><\/span>\n            <span class=\"show-for-sr\">Previous page<\/span>\n        <\/a>\n        <a href=\"#\" aria-current=\"page\" class=\"nav-button is-active\">1<\/a>\n        <a href=\"https:\/\/www.lawreform.ie\/ga\/tuarascalacha-bliantula\/?paged=2\" class=\"nav-button\">2<\/a>\n        <a href=\"https:\/\/www.lawreform.ie\/ga\/tuarascalacha-bliantula\/?paged=3\" class=\"nav-button\">3<\/a>\n        <a href=\"https:\/\/www.lawreform.ie\/ga\/tuarascalacha-bliantula\/?paged=4\" class=\"nav-button\">4<\/a>\n        <a href=\"https:\/\/www.lawreform.ie\/ga\/tuarascalacha-bliantula\/?paged=2\" class=\"nav-pager\">\n            <span aria-hidden=\"true\" class=\"szicon-keyboard-arrow-right\"><\/span>\n            <span class=\"show-for-sr\">Next page<\/span>\n        <\/a>\n    <\/div>\n<\/nav>\n\n        <\/div>\n    <\/div>\n<\/div><div class=\"wrapper-section wrapper-section--white block--content-block\">\n  <div class=\"ui-grid\">\n    <div class=\"cell medium-12\">\n      <div class=\"feature-block\">\n        <div class=\"flex-container flex-gap-20 flex-column align-i-start\">\n            <h3>Comhairli\u00fach\u00e1in Reatha<\/h3>\n            <p>San am i l\u00e1thair, t\u00e1 an Coimisi\u00fan ag dul i gcomhairle maidir le Comhlachta\u00ed Tugtha Breithi\u00fanas nach C\u00fairteanna iad agus achomhairc chun na gc\u00fairteanna a athch\u00f3iri\u00fa. Cuirimid f\u00e1ilte roimh aighneachta\u00ed \u00f3 gach p\u00e1irt\u00ed leasmhar maidir leis an ngn\u00e9 sin, agus gn\u00e9ithe eile, d\u00e1r gcuid oibre. <\/p>\n            <div class=\"flex-container flex-gap-10 flex-wrap\">\n                <a href=\"https:\/\/www.lawreform.ie\/ga\/comhairliuchain\/\"  class=\"btn-main btn-main--light\">\n                  <span aria-hidden=\"true\" class=\"szicon-arrow-right\"><\/span>\n                  Faigh tuilleadh faisn\u00e9ise faoin\u00e1r gcomhairli\u00fach\u00e1in\n                <\/a>\n            <\/div>\n        <\/div>\n      <\/div>\n    <\/div>\n  <\/div>\n<\/div>","protected":false},"excerpt":{"rendered":"","protected":false},"author":1,"featured_media":0,"parent":0,"menu_order":0,"comment_status":"closed","ping_status":"closed","template":"","meta":{"_acf_changed":false,"footnotes":""},"class_list":["post-877","page","type-page","status-publish","hentry"],"acf":[],"yoast_head":"<!-- This site is optimized with the Yoast SEO plugin v27.6 - https:\/\/yoast.com\/product\/yoast-seo-wordpress\/ -->\n<title>Tuarasc\u00e1lacha Bliant\u00fala - Law Reform<\/title>\n<meta name=\"robots\" content=\"index, follow, max-snippet:-1, max-image-preview:large, max-video-preview:-1\" \/>\n<link rel=\"canonical\" href=\"https:\/\/www.lawreform.ie\/annual-reports\/\" \/>\n<meta property=\"og:locale\" content=\"en_US\" \/>\n<meta property=\"og:type\" content=\"article\" \/>\n<meta property=\"og:title\" content=\"Tuarasc\u00e1lacha Bliant\u00fala - Law Reform\" \/>\n<meta property=\"og:url\" content=\"https:\/\/www.lawreform.ie\/annual-reports\/\" \/>\n<meta property=\"og:site_name\" content=\"Law Reform\" \/>\n<meta property=\"article:modified_time\" content=\"2026-05-06T15:58:23+00:00\" \/>\n<meta name=\"twitter:card\" content=\"summary_large_image\" \/>\n<script type=\"application\/ld+json\" class=\"yoast-schema-graph\">{\"@context\":\"https:\\\/\\\/schema.org\",\"@graph\":[{\"@type\":\"WebPage\",\"@id\":\"https:\\\/\\\/www.lawreform.ie\\\/annual-reports\\\/\",\"url\":\"https:\\\/\\\/www.lawreform.ie\\\/annual-reports\\\/\",\"name\":\"Tuarasc\u00e1lacha Bliant\u00fala - Law Reform\",\"isPartOf\":{\"@id\":\"https:\\\/\\\/www.lawreform.ie\\\/#website\"},\"datePublished\":\"2026-02-28T08:51:23+00:00\",\"dateModified\":\"2026-05-06T15:58:23+00:00\",\"breadcrumb\":{\"@id\":\"https:\\\/\\\/www.lawreform.ie\\\/annual-reports\\\/#breadcrumb\"},\"inLanguage\":\"ga\",\"potentialAction\":[{\"@type\":\"ReadAction\",\"target\":[\"https:\\\/\\\/www.lawreform.ie\\\/annual-reports\\\/\"]}]},{\"@type\":\"BreadcrumbList\",\"@id\":\"https:\\\/\\\/www.lawreform.ie\\\/annual-reports\\\/#breadcrumb\",\"itemListElement\":[{\"@type\":\"ListItem\",\"position\":1,\"name\":\"Home\",\"item\":\"https:\\\/\\\/www.lawreform.ie\\\/ga\\\/\"},{\"@type\":\"ListItem\",\"position\":2,\"name\":\"Tuarasc\u00e1lacha Bliant\u00fala\"}]},{\"@type\":\"WebSite\",\"@id\":\"https:\\\/\\\/www.lawreform.ie\\\/#website\",\"url\":\"https:\\\/\\\/www.lawreform.ie\\\/\",\"name\":\"Law Reform\",\"description\":\"\",\"publisher\":{\"@id\":\"https:\\\/\\\/www.lawreform.ie\\\/#organization\"},\"potentialAction\":[{\"@type\":\"SearchAction\",\"target\":{\"@type\":\"EntryPoint\",\"urlTemplate\":\"https:\\\/\\\/www.lawreform.ie\\\/?s={search_term_string}\"},\"query-input\":{\"@type\":\"PropertyValueSpecification\",\"valueRequired\":true,\"valueName\":\"search_term_string\"}}],\"inLanguage\":\"ga\"},{\"@type\":\"Organization\",\"@id\":\"https:\\\/\\\/www.lawreform.ie\\\/#organization\",\"name\":\"Law Reform\",\"url\":\"https:\\\/\\\/www.lawreform.ie\\\/\",\"logo\":{\"@type\":\"ImageObject\",\"inLanguage\":\"ga\",\"@id\":\"https:\\\/\\\/www.lawreform.ie\\\/#\\\/schema\\\/logo\\\/image\\\/\",\"url\":\"https:\\\/\\\/www.lawreform.ie\\\/wp-content\\\/uploads\\\/2026\\\/02\\\/logo_LRC.svg\",\"contentUrl\":\"https:\\\/\\\/www.lawreform.ie\\\/wp-content\\\/uploads\\\/2026\\\/02\\\/logo_LRC.svg\",\"width\":1,\"height\":1,\"caption\":\"Law Reform\"},\"image\":{\"@id\":\"https:\\\/\\\/www.lawreform.ie\\\/#\\\/schema\\\/logo\\\/image\\\/\"}}]}<\/script>\n<!-- \/ Yoast SEO plugin. -->","yoast_head_json":{"title":"Tuarasc\u00e1lacha Bliant\u00fala - Law Reform","robots":{"index":"index","follow":"follow","max-snippet":"max-snippet:-1","max-image-preview":"max-image-preview:large","max-video-preview":"max-video-preview:-1"},"canonical":"https:\/\/www.lawreform.ie\/annual-reports\/","og_locale":"en_US","og_type":"article","og_title":"Tuarasc\u00e1lacha Bliant\u00fala - Law Reform","og_url":"https:\/\/www.lawreform.ie\/annual-reports\/","og_site_name":"Law Reform","article_modified_time":"2026-05-06T15:58:23+00:00","twitter_card":"summary_large_image","schema":{"@context":"https:\/\/schema.org","@graph":[{"@type":"WebPage","@id":"https:\/\/www.lawreform.ie\/annual-reports\/","url":"https:\/\/www.lawreform.ie\/annual-reports\/","name":"Tuarasc\u00e1lacha Bliant\u00fala - Law Reform","isPartOf":{"@id":"https:\/\/www.lawreform.ie\/#website"},"datePublished":"2026-02-28T08:51:23+00:00","dateModified":"2026-05-06T15:58:23+00:00","breadcrumb":{"@id":"https:\/\/www.lawreform.ie\/annual-reports\/#breadcrumb"},"inLanguage":"ga","potentialAction":[{"@type":"ReadAction","target":["https:\/\/www.lawreform.ie\/annual-reports\/"]}]},{"@type":"BreadcrumbList","@id":"https:\/\/www.lawreform.ie\/annual-reports\/#breadcrumb","itemListElement":[{"@type":"ListItem","position":1,"name":"Home","item":"https:\/\/www.lawreform.ie\/ga\/"},{"@type":"ListItem","position":2,"name":"Tuarasc\u00e1lacha Bliant\u00fala"}]},{"@type":"WebSite","@id":"https:\/\/www.lawreform.ie\/#website","url":"https:\/\/www.lawreform.ie\/","name":"Law Reform","description":"","publisher":{"@id":"https:\/\/www.lawreform.ie\/#organization"},"potentialAction":[{"@type":"SearchAction","target":{"@type":"EntryPoint","urlTemplate":"https:\/\/www.lawreform.ie\/?s={search_term_string}"},"query-input":{"@type":"PropertyValueSpecification","valueRequired":true,"valueName":"search_term_string"}}],"inLanguage":"ga"},{"@type":"Organization","@id":"https:\/\/www.lawreform.ie\/#organization","name":"Law Reform","url":"https:\/\/www.lawreform.ie\/","logo":{"@type":"ImageObject","inLanguage":"ga","@id":"https:\/\/www.lawreform.ie\/#\/schema\/logo\/image\/","url":"https:\/\/www.lawreform.ie\/wp-content\/uploads\/2026\/02\/logo_LRC.svg","contentUrl":"https:\/\/www.lawreform.ie\/wp-content\/uploads\/2026\/02\/logo_LRC.svg","width":1,"height":1,"caption":"Law Reform"},"image":{"@id":"https:\/\/www.lawreform.ie\/#\/schema\/logo\/image\/"}}]}},"_links":{"self":[{"href":"https:\/\/www.lawreform.ie\/ga\/wp-json\/wp\/v2\/pages\/877","targetHints":{"allow":["GET"]}}],"collection":[{"href":"https:\/\/www.lawreform.ie\/ga\/wp-json\/wp\/v2\/pages"}],"about":[{"href":"https:\/\/www.lawreform.ie\/ga\/wp-json\/wp\/v2\/types\/page"}],"author":[{"embeddable":true,"href":"https:\/\/www.lawreform.ie\/ga\/wp-json\/wp\/v2\/users\/1"}],"replies":[{"embeddable":true,"href":"https:\/\/www.lawreform.ie\/ga\/wp-json\/wp\/v2\/comments?post=877"}],"version-history":[{"count":0,"href":"https:\/\/www.lawreform.ie\/ga\/wp-json\/wp\/v2\/pages\/877\/revisions"}],"wp:attachment":[{"href":"https:\/\/www.lawreform.ie\/ga\/wp-json\/wp\/v2\/media?parent=877"}],"curies":[{"name":"wp","href":"https:\/\/api.w.org\/{rel}","templated":true}]}}