{"id":878,"date":"2026-02-28T12:46:26","date_gmt":"2026-02-28T12:46:26","guid":{"rendered":"https:\/\/www.lawreform.ie\/earcaiocht\/"},"modified":"2026-05-07T13:33:48","modified_gmt":"2026-05-07T13:33:48","slug":"earcaiocht","status":"publish","type":"page","link":"https:\/\/www.lawreform.ie\/ga\/earcaiocht\/","title":{"rendered":"Earca\u00edocht"},"content":{"rendered":"<div class=\"wrapper-hero bg-circles bg-circles--hero-triple block--hero-block\" data-aos=\"fade-in\" data-aos-duration=\"800\">\n  <div class=\"ui-grid\">\n    <div class=\"cell medium-12\">\n      <div class=\"media-block media-block--text-content\">\n        <div class=\"text-content\">\n            <h1>Earca\u00edocht<\/h1>\n            <div class=\"summary\">\n              <p>T\u00e1 s\u00e9 mar aidhm ag an gCoimisi\u00fan um Athch\u00f3iri\u00fa an Dl\u00ed timpeallacht oibre thairbheach dh\u00fashl\u00e1nach a shol\u00e1thar inar f\u00e9idir le baill foirne a gcuid buanna a fhorbairt agus rannchuidi\u00fa leis an obair fhi\u00fantach a dh\u00e9anaimid mar chuid d\u00e1r misean um athch\u00f3iri\u00fa an dl\u00ed.<\/p>\n\n            <\/div>\n        <\/div>\n      <\/div>\n    <\/div>\n  <\/div>\n<\/div><div class=\"wrapper-breadcrumbs wrapper-section-- block--breadcrumbs-block\">\n    <div class=\"ui-grid\">\n        <div class=\"cell medium-12\">\n        <nav aria-label=\"Breadcrumb\" id=\"breadcrumbs\" class=\"menu menu--breadcrumb\"><span><span><a href=\"https:\/\/www.lawreform.ie\/ga\/\">Home<\/a><\/span><\/span><\/nav>\n        <\/div>\n    <\/div>\n<\/div><div class=\"wrapper-section wrapper-section--b\u00e1n block--section-heading-block\">\n  <div class=\"ui-grid align-center\">\n    <div class=\"cell medium-10 large-8 text-center\">\n      <div class=\"flex-container flex-gap-20 flex-column\">\n          <h2>Obair sa Choimisi\u00fan um Athch\u00f3iri\u00fa an Dl\u00ed<\/h2>\n      <\/div>\n    <\/div>\n  <\/div>\n<\/div><div class=\"wrapper-section wrapper-section--white\">\n    <div class=\"ui-grid\">\n        <div class=\"cell medium-12\">\n            <article class=\"content-flow wysiwyg\">\n                <p>Mar fhost\u00f3ir, ba mhaith linn daoine maithe a mhealladh agus a choinne\u00e1il. Is \u00e9 at\u00e1 i gceist leis sin aire a thabhairt d\u00e1r bhfostaithe.<\/p>\n<p>De bhreis ar ghairm at\u00e1 tairbheach agus d\u00fashl\u00e1nach a bheith agat, beidh rochtain agat ar chuid mh\u00f3r sochar eile.<\/p>\n<ul>\n<li>Comhaont\u00fa Tuarastail na Seirbh\u00edse Poibl\u00ed agus breis\u00edochta\u00ed;<\/li>\n<li>Sc\u00e9im pinsean;<\/li>\n<li>Uaireanta oibre sol\u00fabtha, lena n-\u00e1ir\u00edtearobair hibrideach;<\/li>\n<li>An tSeirbh\u00eds Ch\u00fanaimh d\u2019Fhostaithe;<\/li>\n<li>Deiseanna foghlama agus forbartha (forbairt ghairmi\u00fail leantach);<\/li>\n<li>Cisti\u00fa do bhallra\u00edocht ghairmi\u00fail;<\/li>\n<li>An Sc\u00e9im um Rotha\u00edocht chun na hOibre; agus<\/li>\n<li>Pas Taistil TaxSaver.<\/li>\n<\/ul>\n\n            <\/article>\n        <\/div>\n    <\/div>\n<\/div><div class=\"wrapper-section wrapper-section--white\">\n    \n    <div class=\"ui-grid medium-up-3\">\n            <div class=\"cell medium-12 text-center\">\n                <div class=\"no-vacancies\" style=\"padding: 3rem 1rem; color: #666;\">\n                    <h3>N\u00edl aon Fhol\u00fantais Reatha ann<\/h3>\n                    <p>N\u00edl aon phoist fholmha ann faoi l\u00e1thair. Coinnigh s\u00fail ar an leathanach seo le haghaidh deiseanna nua.<\/p>\n                <\/div>\n            <\/div>\n    <\/div>\n<\/div><div class=\"wrapper-section wrapper-section--accent-secondary bg-circles wrapper-quote block--quote-block-v2\">\n  <div class=\"ui-grid\">\n    <div class=\"cell medium-12\">\n      <blockquote>\n          <p>&#8220;\u201cBa cheart do rialtais i ndomhan dinimici\u00fail a bh\u00edonn ag athr\u00fa go mear a chinnti\u00fa go gcoinn\u00edtear na dl\u00edthe faoi athbhreithni\u00fa lean\u00fanach agus go n-athch\u00f3ir\u00edtear iad go tr\u00e1thrialta agus go c\u00f3rasach&#8230; Is g\u00e1 go mbeadh gn\u00edomhaireacht um athch\u00f3iri\u00fa an dl\u00ed ann, ar ghn\u00edomhaireacht \u00ed a bheadh in ann athbhreithni\u00fa a dh\u00e9anamh ar an dl\u00ed ina ioml\u00e1ine;&#8230;ba cheart \u00ed a bheith comhdh\u00e9anta de dhaoine a ghabhann go l\u00e1naimseartha d\u2019athch\u00f3iri\u00fa an dl\u00ed\u201d&#8221;<\/p>\n          <cite>Declan Costello TD (D\u00edosp\u00f3ireachta\u00ed D\u00e1la ar an mBille f\u00e1n gCoimisi\u00fan um Athch\u00f3iri\u00fa an Dl\u00ed, 1975)<\/cite>\n      <\/blockquote>\n    <\/div>\n  <\/div>\n<\/div>\n","protected":false},"excerpt":{"rendered":"","protected":false},"author":1,"featured_media":0,"parent":0,"menu_order":0,"comment_status":"closed","ping_status":"closed","template":"","meta":{"_acf_changed":true,"footnotes":""},"class_list":["post-878","page","type-page","status-publish","hentry"],"acf":[],"yoast_head":"<!-- This site is optimized with the Yoast SEO plugin v27.6 - https:\/\/yoast.com\/product\/yoast-seo-wordpress\/ -->\n<title>Earca\u00edocht - Law Reform<\/title>\n<meta name=\"robots\" content=\"index, follow, max-snippet:-1, max-image-preview:large, max-video-preview:-1\" \/>\n<link rel=\"canonical\" href=\"https:\/\/www.lawreform.ie\/ga\/earcaiocht\/\" \/>\n<meta property=\"og:locale\" content=\"en_US\" \/>\n<meta property=\"og:type\" content=\"article\" \/>\n<meta property=\"og:title\" content=\"Earca\u00edocht - Law Reform\" \/>\n<meta property=\"og:url\" content=\"https:\/\/www.lawreform.ie\/ga\/earcaiocht\/\" \/>\n<meta property=\"og:site_name\" content=\"Law Reform\" \/>\n<meta property=\"article:modified_time\" content=\"2026-05-07T13:33:48+00:00\" \/>\n<meta name=\"twitter:card\" content=\"summary_large_image\" \/>\n<script type=\"application\/ld+json\" class=\"yoast-schema-graph\">{\"@context\":\"https:\\\/\\\/schema.org\",\"@graph\":[{\"@type\":\"WebPage\",\"@id\":\"https:\\\/\\\/www.lawreform.ie\\\/ga\\\/earcaiocht\\\/\",\"url\":\"https:\\\/\\\/www.lawreform.ie\\\/ga\\\/earcaiocht\\\/\",\"name\":\"Earca\u00edocht - Law Reform\",\"isPartOf\":{\"@id\":\"https:\\\/\\\/www.lawreform.ie\\\/#website\"},\"datePublished\":\"2026-02-28T12:46:26+00:00\",\"dateModified\":\"2026-05-07T13:33:48+00:00\",\"breadcrumb\":{\"@id\":\"https:\\\/\\\/www.lawreform.ie\\\/ga\\\/earcaiocht\\\/#breadcrumb\"},\"inLanguage\":\"ga\",\"potentialAction\":[{\"@type\":\"ReadAction\",\"target\":[\"https:\\\/\\\/www.lawreform.ie\\\/ga\\\/earcaiocht\\\/\"]}]},{\"@type\":\"BreadcrumbList\",\"@id\":\"https:\\\/\\\/www.lawreform.ie\\\/ga\\\/earcaiocht\\\/#breadcrumb\",\"itemListElement\":[{\"@type\":\"ListItem\",\"position\":1,\"name\":\"Home\",\"item\":\"https:\\\/\\\/www.lawreform.ie\\\/ga\\\/\"},{\"@type\":\"ListItem\",\"position\":2,\"name\":\"Earca\u00edocht\"}]},{\"@type\":\"WebSite\",\"@id\":\"https:\\\/\\\/www.lawreform.ie\\\/#website\",\"url\":\"https:\\\/\\\/www.lawreform.ie\\\/\",\"name\":\"Law Reform\",\"description\":\"\",\"publisher\":{\"@id\":\"https:\\\/\\\/www.lawreform.ie\\\/#organization\"},\"potentialAction\":[{\"@type\":\"SearchAction\",\"target\":{\"@type\":\"EntryPoint\",\"urlTemplate\":\"https:\\\/\\\/www.lawreform.ie\\\/?s={search_term_string}\"},\"query-input\":{\"@type\":\"PropertyValueSpecification\",\"valueRequired\":true,\"valueName\":\"search_term_string\"}}],\"inLanguage\":\"ga\"},{\"@type\":\"Organization\",\"@id\":\"https:\\\/\\\/www.lawreform.ie\\\/#organization\",\"name\":\"Law Reform\",\"url\":\"https:\\\/\\\/www.lawreform.ie\\\/\",\"logo\":{\"@type\":\"ImageObject\",\"inLanguage\":\"ga\",\"@id\":\"https:\\\/\\\/www.lawreform.ie\\\/#\\\/schema\\\/logo\\\/image\\\/\",\"url\":\"https:\\\/\\\/www.lawreform.ie\\\/wp-content\\\/uploads\\\/2026\\\/02\\\/logo_LRC.svg\",\"contentUrl\":\"https:\\\/\\\/www.lawreform.ie\\\/wp-content\\\/uploads\\\/2026\\\/02\\\/logo_LRC.svg\",\"width\":1,\"height\":1,\"caption\":\"Law Reform\"},\"image\":{\"@id\":\"https:\\\/\\\/www.lawreform.ie\\\/#\\\/schema\\\/logo\\\/image\\\/\"}}]}<\/script>\n<!-- \/ Yoast SEO plugin. -->","yoast_head_json":{"title":"Earca\u00edocht - Law Reform","robots":{"index":"index","follow":"follow","max-snippet":"max-snippet:-1","max-image-preview":"max-image-preview:large","max-video-preview":"max-video-preview:-1"},"canonical":"https:\/\/www.lawreform.ie\/ga\/earcaiocht\/","og_locale":"en_US","og_type":"article","og_title":"Earca\u00edocht - Law Reform","og_url":"https:\/\/www.lawreform.ie\/ga\/earcaiocht\/","og_site_name":"Law Reform","article_modified_time":"2026-05-07T13:33:48+00:00","twitter_card":"summary_large_image","schema":{"@context":"https:\/\/schema.org","@graph":[{"@type":"WebPage","@id":"https:\/\/www.lawreform.ie\/ga\/earcaiocht\/","url":"https:\/\/www.lawreform.ie\/ga\/earcaiocht\/","name":"Earca\u00edocht - Law Reform","isPartOf":{"@id":"https:\/\/www.lawreform.ie\/#website"},"datePublished":"2026-02-28T12:46:26+00:00","dateModified":"2026-05-07T13:33:48+00:00","breadcrumb":{"@id":"https:\/\/www.lawreform.ie\/ga\/earcaiocht\/#breadcrumb"},"inLanguage":"ga","potentialAction":[{"@type":"ReadAction","target":["https:\/\/www.lawreform.ie\/ga\/earcaiocht\/"]}]},{"@type":"BreadcrumbList","@id":"https:\/\/www.lawreform.ie\/ga\/earcaiocht\/#breadcrumb","itemListElement":[{"@type":"ListItem","position":1,"name":"Home","item":"https:\/\/www.lawreform.ie\/ga\/"},{"@type":"ListItem","position":2,"name":"Earca\u00edocht"}]},{"@type":"WebSite","@id":"https:\/\/www.lawreform.ie\/#website","url":"https:\/\/www.lawreform.ie\/","name":"Law Reform","description":"","publisher":{"@id":"https:\/\/www.lawreform.ie\/#organization"},"potentialAction":[{"@type":"SearchAction","target":{"@type":"EntryPoint","urlTemplate":"https:\/\/www.lawreform.ie\/?s={search_term_string}"},"query-input":{"@type":"PropertyValueSpecification","valueRequired":true,"valueName":"search_term_string"}}],"inLanguage":"ga"},{"@type":"Organization","@id":"https:\/\/www.lawreform.ie\/#organization","name":"Law Reform","url":"https:\/\/www.lawreform.ie\/","logo":{"@type":"ImageObject","inLanguage":"ga","@id":"https:\/\/www.lawreform.ie\/#\/schema\/logo\/image\/","url":"https:\/\/www.lawreform.ie\/wp-content\/uploads\/2026\/02\/logo_LRC.svg","contentUrl":"https:\/\/www.lawreform.ie\/wp-content\/uploads\/2026\/02\/logo_LRC.svg","width":1,"height":1,"caption":"Law Reform"},"image":{"@id":"https:\/\/www.lawreform.ie\/#\/schema\/logo\/image\/"}}]}},"_links":{"self":[{"href":"https:\/\/www.lawreform.ie\/ga\/wp-json\/wp\/v2\/pages\/878","targetHints":{"allow":["GET"]}}],"collection":[{"href":"https:\/\/www.lawreform.ie\/ga\/wp-json\/wp\/v2\/pages"}],"about":[{"href":"https:\/\/www.lawreform.ie\/ga\/wp-json\/wp\/v2\/types\/page"}],"author":[{"embeddable":true,"href":"https:\/\/www.lawreform.ie\/ga\/wp-json\/wp\/v2\/users\/1"}],"replies":[{"embeddable":true,"href":"https:\/\/www.lawreform.ie\/ga\/wp-json\/wp\/v2\/comments?post=878"}],"version-history":[{"count":0,"href":"https:\/\/www.lawreform.ie\/ga\/wp-json\/wp\/v2\/pages\/878\/revisions"}],"wp:attachment":[{"href":"https:\/\/www.lawreform.ie\/ga\/wp-json\/wp\/v2\/media?parent=878"}],"curies":[{"name":"wp","href":"https:\/\/api.w.org\/{rel}","templated":true}]}}