{"id":879,"date":"2026-03-12T16:09:24","date_gmt":"2026-03-12T16:09:24","guid":{"rendered":"https:\/\/www.lawreform.ie\/achtanna-athbhreithnithe\/"},"modified":"2026-05-11T15:20:19","modified_gmt":"2026-05-11T15:20:19","slug":"achtanna-athbhreithnithe","status":"publish","type":"page","link":"https:\/\/www.lawreform.ie\/ga\/achtanna-athbhreithnithe\/","title":{"rendered":"Achtanna Athbhreithnithe"},"content":{"rendered":"<div class=\"wrapper-hero bg-circles bg-circles--hero-triple block--hero-block\" data-aos=\"fade-in\" data-aos-duration=\"800\">\n  <div class=\"ui-grid\">\n    <div class=\"cell medium-12\">\n      <div class=\"media-block media-block--text-content\">\n        <div class=\"text-content\">\n            <h1>Achtanna Athbhreithnithe<\/h1>\n            <div class=\"summary\">\n              <p>Foils\u00edonn an Coimisi\u00fan um Athch\u00f3iri\u00fa an Dl\u00ed Achtanna Athbhreithnithe mar chuid d\u00e1 mhisean an dl\u00ed a choinne\u00e1il faoi athbhreithni\u00fa agus inrochtana. T\u00e1 breis is 550 Acht Athbhreithnithe foilsithe aige go dt\u00ed seo. <\/p>\n\n            <\/div>\n        <\/div>\n      <\/div>\n    <\/div>\n  <\/div>\n<\/div>\n\n<div class=\"wrapper-section wrapper-section--white\">\n    <div class=\"ui-grid\">\n        <div class=\"cell medium-12\">\n            <article class=\"content-flow wysiwyg\">\n                <h4><strong>Cad is Acht Athbhreithnithe ann?<\/strong><\/h4>\n<p>Is \u00e9 is Acht Athbhreithnithe ann comhdhl\u00fath\u00fa riarach\u00e1in ar an Acht lena mbaineann. Leis an Acht Athbhreithnithe, tugtar na leasuithe agus na hathruithe uile ar Acht ar leith le ch\u00e9ile ina dt\u00e9acs aonair, rud a dh\u00e9anann an dl\u00ed n\u00edos inrochtana do gach \u00fas\u00e1ideoir. In \u00c9irinn, a luaithe a achta\u00edtear Acht ar thopaic dhl\u00edthi\u00fail shonrach, is minic a leasa\u00edtear \u00e9 ina dhiaidh sin. Mar shampla, leasa\u00edodh an tAcht um Plean\u00e1il agus Forbairt, 2000, n\u00f3 rinneadh difear d\u00f3 ar shl\u00ed eile, le breis agus 160 ceann d\u2019Achtanna agus d\u2019Ionstraim\u00ed Reacht\u00fala \u00f3 achta\u00edodh ar dt\u00fas \u00e9. Maidir leis an gcleachtadh costasach a bhaineann leis na leasuithe a rinneadh ar Acht 2000 a chur le ch\u00e9ile, a l\u00e9amh agus a thuiscint, seachna\u00edtear \u00e9 a bhu\u00ed le leagan comhdhl\u00faite Achta Athbhreithnithe den Acht um Plean\u00e1il agus Forbairt, 2000, a bheith ar f\u00e1il.<\/p>\n<p>&nbsp;<\/p>\n<h4><strong>C\u00e9 na hAchtanna a Athbhreithn\u00edodh?<\/strong><\/h4>\n<p>\u00d3 leagadh freagracht fheidhmi\u00fail ar an gCoimisi\u00fan as an r\u00e9imse seo sa bhliain 2006, d\u2019fhoilsigh s\u00e9 breis agus 500 Acht Athbhreithnithe. Is f\u00e9idir iad seo a fheice\u00e1il <a href=\"https:\/\/revisedacts.lawreform.ie\/revacts\/alpha\">anseo<\/a>.<\/p>\n<p>Cuims\u00edonn siad sin:<\/p>\n<ul>\n<li>Thart ar 170 ceann d\u2019Achtanna r\u00e9amh-2004, amhail an tAcht um Plean\u00e1il agus Forbairt, 2000, a roghna\u00edodh ar bhonn chomhairli\u00fach\u00e1n poibl\u00ed an Choimisi\u00fain maidir leis na hAchtanna is minice a \u00fas\u00e1idtear; agus<\/li>\n<li>Na hAchtanna uile a achta\u00edodh \u00f3n mbliain 2004 i leith agus a ndearnadh leasuithe ar a dt\u00e9acs (seachas an tAcht Comhdhl\u00faite Leasa Sh\u00f3isialaigh 2005, at\u00e1 \u00e1 ullmh\u00fa faoi l\u00e1thair, agus na hAchtanna Airgeadais).<\/li>\n<\/ul>\n<p>D\u00e9anann an Coimisi\u00fan gach ceann de na hAchtanna sin a chothabh\u00e1il ar bhonn lean\u00fanach. Ina theannta sin, toisc go bhfuil s\u00e9 tiomanta do leaganacha Athbhreithnithe de na hAchtanna uile a achta\u00edodh \u00f3n mbliain 2004 i leith a fhoilsi\u00fa (seachas na heisceachta\u00ed at\u00e1 luaite), cuims\u00edonn an liosta d\u2019Achtanna Athbhreithnithe foilsithe anois c\u00e9atad\u00e1n suntasach de na hAchtanna is m\u00f3 a \u00fas\u00e1idtear at\u00e1 i bhfeidhm go f\u00f3ill sa St\u00e1t.<br \/>\nIs f\u00e9idir leaganacha roimhe d\u2019Achtanna Athbhreithnithe a fheice\u00e1il tr\u00ed chlice\u00e1il ar an tsiombail thriant\u00e1nach ar thaobh na l\u00e1imhe deise den liosta.<\/p>\n<h4><strong>Bar\u00falacha agus Aiseolas<\/strong><\/h4>\n<p>Iarrann an Coimisi\u00fan bar\u00falacha agus aiseolas \u00fas\u00e1ideora maidir lena chuid Achtanna Athbhreithnithe foilsithe ar an lucht dl\u00ed agus ar an bpobal. Seol aon bhar\u00falacha chuig <a href=\"mailto:revisedacts@lawreform.ie\">revisedacts@lawreform.ie. <\/a><\/p>\n<p>F\u00e9achann s\u00e9 le cur leis an stoc Achtanna Athbhreithnithe chun tuilleadh Achtanna a \u00fas\u00e1idtear go minic a chur ar f\u00e1il san fhoirm chomhdhl\u00faite sin<\/p>\n\n            <\/article>\n        <\/div>\n    <\/div>\n<\/div>","protected":false},"excerpt":{"rendered":"","protected":false},"author":12,"featured_media":0,"parent":0,"menu_order":0,"comment_status":"closed","ping_status":"closed","template":"","meta":{"_acf_changed":true,"footnotes":""},"class_list":["post-879","page","type-page","status-publish","hentry"],"acf":[],"yoast_head":"<!-- This site is optimized with the Yoast SEO plugin v27.6 - https:\/\/yoast.com\/product\/yoast-seo-wordpress\/ -->\n<title>Achtanna Athbhreithnithe - Law Reform<\/title>\n<meta name=\"robots\" content=\"index, follow, max-snippet:-1, max-image-preview:large, max-video-preview:-1\" \/>\n<link rel=\"canonical\" href=\"https:\/\/www.lawreform.ie\/ga\/achtanna-athbhreithnithe\/\" \/>\n<meta property=\"og:locale\" content=\"en_US\" \/>\n<meta property=\"og:type\" content=\"article\" \/>\n<meta property=\"og:title\" content=\"Achtanna Athbhreithnithe - Law Reform\" \/>\n<meta property=\"og:url\" content=\"https:\/\/www.lawreform.ie\/ga\/achtanna-athbhreithnithe\/\" \/>\n<meta property=\"og:site_name\" content=\"Law Reform\" \/>\n<meta property=\"article:modified_time\" content=\"2026-05-11T15:20:19+00:00\" \/>\n<meta name=\"twitter:card\" content=\"summary_large_image\" \/>\n<script type=\"application\/ld+json\" class=\"yoast-schema-graph\">{\"@context\":\"https:\\\/\\\/schema.org\",\"@graph\":[{\"@type\":\"WebPage\",\"@id\":\"https:\\\/\\\/www.lawreform.ie\\\/ga\\\/achtanna-athbhreithnithe\\\/\",\"url\":\"https:\\\/\\\/www.lawreform.ie\\\/ga\\\/achtanna-athbhreithnithe\\\/\",\"name\":\"Achtanna Athbhreithnithe - Law Reform\",\"isPartOf\":{\"@id\":\"https:\\\/\\\/www.lawreform.ie\\\/#website\"},\"datePublished\":\"2026-03-12T16:09:24+00:00\",\"dateModified\":\"2026-05-11T15:20:19+00:00\",\"breadcrumb\":{\"@id\":\"https:\\\/\\\/www.lawreform.ie\\\/ga\\\/achtanna-athbhreithnithe\\\/#breadcrumb\"},\"inLanguage\":\"ga\",\"potentialAction\":[{\"@type\":\"ReadAction\",\"target\":[\"https:\\\/\\\/www.lawreform.ie\\\/ga\\\/achtanna-athbhreithnithe\\\/\"]}]},{\"@type\":\"BreadcrumbList\",\"@id\":\"https:\\\/\\\/www.lawreform.ie\\\/ga\\\/achtanna-athbhreithnithe\\\/#breadcrumb\",\"itemListElement\":[{\"@type\":\"ListItem\",\"position\":1,\"name\":\"Home\",\"item\":\"https:\\\/\\\/www.lawreform.ie\\\/ga\\\/\"},{\"@type\":\"ListItem\",\"position\":2,\"name\":\"Achtanna Athbhreithnithe\"}]},{\"@type\":\"WebSite\",\"@id\":\"https:\\\/\\\/www.lawreform.ie\\\/#website\",\"url\":\"https:\\\/\\\/www.lawreform.ie\\\/\",\"name\":\"Law Reform\",\"description\":\"\",\"publisher\":{\"@id\":\"https:\\\/\\\/www.lawreform.ie\\\/#organization\"},\"potentialAction\":[{\"@type\":\"SearchAction\",\"target\":{\"@type\":\"EntryPoint\",\"urlTemplate\":\"https:\\\/\\\/www.lawreform.ie\\\/?s={search_term_string}\"},\"query-input\":{\"@type\":\"PropertyValueSpecification\",\"valueRequired\":true,\"valueName\":\"search_term_string\"}}],\"inLanguage\":\"ga\"},{\"@type\":\"Organization\",\"@id\":\"https:\\\/\\\/www.lawreform.ie\\\/#organization\",\"name\":\"Law Reform\",\"url\":\"https:\\\/\\\/www.lawreform.ie\\\/\",\"logo\":{\"@type\":\"ImageObject\",\"inLanguage\":\"ga\",\"@id\":\"https:\\\/\\\/www.lawreform.ie\\\/#\\\/schema\\\/logo\\\/image\\\/\",\"url\":\"https:\\\/\\\/www.lawreform.ie\\\/wp-content\\\/uploads\\\/2026\\\/02\\\/logo_LRC.svg\",\"contentUrl\":\"https:\\\/\\\/www.lawreform.ie\\\/wp-content\\\/uploads\\\/2026\\\/02\\\/logo_LRC.svg\",\"width\":1,\"height\":1,\"caption\":\"Law Reform\"},\"image\":{\"@id\":\"https:\\\/\\\/www.lawreform.ie\\\/#\\\/schema\\\/logo\\\/image\\\/\"}}]}<\/script>\n<!-- \/ Yoast SEO plugin. -->","yoast_head_json":{"title":"Achtanna Athbhreithnithe - Law Reform","robots":{"index":"index","follow":"follow","max-snippet":"max-snippet:-1","max-image-preview":"max-image-preview:large","max-video-preview":"max-video-preview:-1"},"canonical":"https:\/\/www.lawreform.ie\/ga\/achtanna-athbhreithnithe\/","og_locale":"en_US","og_type":"article","og_title":"Achtanna Athbhreithnithe - Law Reform","og_url":"https:\/\/www.lawreform.ie\/ga\/achtanna-athbhreithnithe\/","og_site_name":"Law Reform","article_modified_time":"2026-05-11T15:20:19+00:00","twitter_card":"summary_large_image","schema":{"@context":"https:\/\/schema.org","@graph":[{"@type":"WebPage","@id":"https:\/\/www.lawreform.ie\/ga\/achtanna-athbhreithnithe\/","url":"https:\/\/www.lawreform.ie\/ga\/achtanna-athbhreithnithe\/","name":"Achtanna Athbhreithnithe - Law Reform","isPartOf":{"@id":"https:\/\/www.lawreform.ie\/#website"},"datePublished":"2026-03-12T16:09:24+00:00","dateModified":"2026-05-11T15:20:19+00:00","breadcrumb":{"@id":"https:\/\/www.lawreform.ie\/ga\/achtanna-athbhreithnithe\/#breadcrumb"},"inLanguage":"ga","potentialAction":[{"@type":"ReadAction","target":["https:\/\/www.lawreform.ie\/ga\/achtanna-athbhreithnithe\/"]}]},{"@type":"BreadcrumbList","@id":"https:\/\/www.lawreform.ie\/ga\/achtanna-athbhreithnithe\/#breadcrumb","itemListElement":[{"@type":"ListItem","position":1,"name":"Home","item":"https:\/\/www.lawreform.ie\/ga\/"},{"@type":"ListItem","position":2,"name":"Achtanna Athbhreithnithe"}]},{"@type":"WebSite","@id":"https:\/\/www.lawreform.ie\/#website","url":"https:\/\/www.lawreform.ie\/","name":"Law Reform","description":"","publisher":{"@id":"https:\/\/www.lawreform.ie\/#organization"},"potentialAction":[{"@type":"SearchAction","target":{"@type":"EntryPoint","urlTemplate":"https:\/\/www.lawreform.ie\/?s={search_term_string}"},"query-input":{"@type":"PropertyValueSpecification","valueRequired":true,"valueName":"search_term_string"}}],"inLanguage":"ga"},{"@type":"Organization","@id":"https:\/\/www.lawreform.ie\/#organization","name":"Law Reform","url":"https:\/\/www.lawreform.ie\/","logo":{"@type":"ImageObject","inLanguage":"ga","@id":"https:\/\/www.lawreform.ie\/#\/schema\/logo\/image\/","url":"https:\/\/www.lawreform.ie\/wp-content\/uploads\/2026\/02\/logo_LRC.svg","contentUrl":"https:\/\/www.lawreform.ie\/wp-content\/uploads\/2026\/02\/logo_LRC.svg","width":1,"height":1,"caption":"Law Reform"},"image":{"@id":"https:\/\/www.lawreform.ie\/#\/schema\/logo\/image\/"}}]}},"_links":{"self":[{"href":"https:\/\/www.lawreform.ie\/ga\/wp-json\/wp\/v2\/pages\/879","targetHints":{"allow":["GET"]}}],"collection":[{"href":"https:\/\/www.lawreform.ie\/ga\/wp-json\/wp\/v2\/pages"}],"about":[{"href":"https:\/\/www.lawreform.ie\/ga\/wp-json\/wp\/v2\/types\/page"}],"author":[{"embeddable":true,"href":"https:\/\/www.lawreform.ie\/ga\/wp-json\/wp\/v2\/users\/12"}],"replies":[{"embeddable":true,"href":"https:\/\/www.lawreform.ie\/ga\/wp-json\/wp\/v2\/comments?post=879"}],"version-history":[{"count":0,"href":"https:\/\/www.lawreform.ie\/ga\/wp-json\/wp\/v2\/pages\/879\/revisions"}],"wp:attachment":[{"href":"https:\/\/www.lawreform.ie\/ga\/wp-json\/wp\/v2\/media?parent=879"}],"curies":[{"name":"wp","href":"https:\/\/api.w.org\/{rel}","templated":true}]}}