{"id":888,"date":"2026-03-12T15:15:20","date_gmt":"2026-03-12T15:15:20","guid":{"rendered":"https:\/\/www.lawreform.ie\/baill-foirne-an-choimisiuin\/"},"modified":"2026-05-01T14:06:26","modified_gmt":"2026-05-01T14:06:26","slug":"baill-foirne-an-choimisiuin","status":"publish","type":"page","link":"https:\/\/www.lawreform.ie\/ga\/baill-foirne-an-choimisiuin\/","title":{"rendered":"Baill Foirne an Choimisi\u00fain"},"content":{"rendered":"<div class=\"wrapper-hero bg-circles bg-circles--hero-triple block--hero-block\" data-aos=\"fade-in\" data-aos-duration=\"800\">\n  <div class=\"ui-grid\">\n    <div class=\"cell medium-12\">\n      <div class=\"media-block media-block--text-content\">\n        <div class=\"text-content\">\n            <p class=\"subheading\">Maidir Linne<\/p>\n            <h1>Baill Foirne an Choimisi\u00fain<\/h1>\n            <div class=\"summary\">\n              <p>Taca\u00edonn a bhfoireann leis na Coimisin\u00e9ir\u00ed, ina bhfuil an Sti\u00farth\u00f3ir Taighde, an Bainisteoir Rochtain ar Reachta\u00edochta, Ceann Riarach\u00e1in agus Ceann Gn\u00f3tha\u00ed Corpar\u00e1ideacha, mar aon le 2 Leas-Sti\u00farth\u00f3ir Taighde, 2 Leas-Bhainisteoir Rochtain ar Reachta\u00edochta, Bainisteoir Leabharlainne &#038; Faisn\u00e9ise, an Speisialt\u00f3ra Bogearra\u00ed Sinsearaigh, 10 dtaighdeoir dl\u00ed agus 4 bhall foirne riarach\u00e1in. <\/p>\n\n            <\/div>\n        <\/div>\n      <\/div>\n    <\/div>\n  <\/div>\n<\/div>\n\n<div class=\"wrapper-section wrapper-section--white\">\n    <div class=\"ui-grid\">\n        <div class=\"cell medium-12\">\n            <article class=\"content-flow wysiwyg\">\n                <p><strong>Sti\u00farth\u00f3ir Taighde<\/strong><\/p>\n<ul>\n<li>Siobh\u00e1n N\u00ed Ch\u00falach\u00e1in, Barrister-at-Law, LL.M, BCL, Teastas Eorpach na Gaeilge (NUI)<\/li>\n<\/ul>\n<p><strong>Leas-Sti\u00farth\u00f3ir\/Leas-Sti\u00farth\u00f3ir\u00ed Taighde<\/strong><\/p>\n<ul>\n<li>Doireann Ansbro BL, BA (Dubl), LL.B (NLS), LL.M (Nott)<\/li>\n<li>Matthew Doncel, BCL (UCD), LLM (UCC)<\/li>\n<\/ul>\n<p><strong>Bainisteoir um Rochtain ar Reachta\u00edocht<\/strong><\/p>\n<ul>\n<li>Alma Clissmann BA (Mod), LLB, Dip Eur Law (Bruges), Solicitor<\/li>\n<\/ul>\n<p><strong>Leas-Bhainisteoir\/Leas-Bhainisteoir\u00ed um Rochtain ar Reachta\u00edocht<\/strong><\/p>\n<ul>\n<li>Dr Kate Doran BCL (NUI), LLM (NUI), PhD (UL), Barrister-at-Law<\/li>\n<li>Dr Robert Noonan LLB (Dubl), BCL (Oxon), PhD (Dubl)<\/li>\n<\/ul>\n<p><strong>Taighdeoir\u00ed Dl\u00ed<\/strong><\/p>\n<ul>\n<li>James Clarke, BA (DCU), LL.M (UCC)<\/li>\n<li>Aoife Enright. LL.B (Dubl)<\/li>\n<li>Saoirse Hyland, LL.B (Ling Germ) (Dubl)<\/li>\n<li>Marianne Joyce, BCL (NUIG), LLM (UCC)<\/li>\n<li>Robert Leahy, BCL (UCD), PMP (Leiden), LL.M (Leiden)<\/li>\n<li>Jenny McDonnell, BCL (UCC)<\/li>\n<li>Cameron Moss, LL.B (NUI), LL.M (EALT)<\/li>\n<li>Fiachra \u00d3 Cochl\u00e1in, BCL (UCD)<\/li>\n<li>Amy Sloane, LL.B (NUI)<\/li>\n<\/ul>\n<p><strong>Ceann Gn\u00f3tha\u00ed Corpar\u00e1ideacha<br \/>\n<\/strong><\/p>\n<ul>\n<li>Fidelma Whelan, BA (TCD), MBA (UCD), ACMA\/CGMA<\/li>\n<\/ul>\n<p><strong>Ceann Riarach\u00e1in<\/strong><\/p>\n<ul>\n<li>Br\u00edd Rogers<\/li>\n<\/ul>\n<p><strong>Foireann Riarach\u00e1in<\/strong><\/p>\n<ul>\n<li>\u200bKatie Conlon<\/li>\n<li>Adam Donnelly<\/li>\n<li>Kevin Gibson<\/li>\n<li>Gavin Walsh<\/li>\n<\/ul>\n<p><strong>Bainisteoir Leabharlainne agus Faisn\u00e9ise<\/strong><\/p>\n<ul>\n<li>Sarah Foley, B.A.(Hons) (UCC), PGDip ILS (Aberystwyth)<\/li>\n<\/ul>\n<p><strong>Speisialt\u00f3ra Bogearra\u00ed Sinsearaigh<\/strong><\/p>\n<ul>\n<li>Brian Mulcair<\/li>\n<\/ul>\n\n            <\/article>\n        <\/div>\n    <\/div>\n<\/div>\n\n<div class=\"block-wrapper\">\n            \n<p><\/p>\n\n        <\/div>\n        ","protected":false},"excerpt":{"rendered":"","protected":false},"author":12,"featured_media":0,"parent":0,"menu_order":0,"comment_status":"closed","ping_status":"closed","template":"","meta":{"_acf_changed":true,"footnotes":""},"class_list":["post-888","page","type-page","status-publish","hentry"],"acf":[],"yoast_head":"<!-- This site is optimized with the Yoast SEO plugin v27.6 - https:\/\/yoast.com\/product\/yoast-seo-wordpress\/ -->\n<title>Baill Foirne an Choimisi\u00fain - Law Reform<\/title>\n<meta name=\"robots\" content=\"index, follow, max-snippet:-1, max-image-preview:large, max-video-preview:-1\" \/>\n<link rel=\"canonical\" href=\"https:\/\/www.lawreform.ie\/ga\/baill-foirne-an-choimisiuin\/\" \/>\n<meta property=\"og:locale\" content=\"en_US\" \/>\n<meta property=\"og:type\" content=\"article\" \/>\n<meta property=\"og:title\" content=\"Baill Foirne an Choimisi\u00fain - Law Reform\" \/>\n<meta property=\"og:url\" content=\"https:\/\/www.lawreform.ie\/ga\/baill-foirne-an-choimisiuin\/\" \/>\n<meta property=\"og:site_name\" content=\"Law Reform\" \/>\n<meta property=\"article:modified_time\" content=\"2026-05-01T14:06:26+00:00\" \/>\n<meta name=\"twitter:card\" content=\"summary_large_image\" \/>\n<script type=\"application\/ld+json\" class=\"yoast-schema-graph\">{\"@context\":\"https:\\\/\\\/schema.org\",\"@graph\":[{\"@type\":\"WebPage\",\"@id\":\"https:\\\/\\\/www.lawreform.ie\\\/ga\\\/baill-foirne-an-choimisiuin\\\/\",\"url\":\"https:\\\/\\\/www.lawreform.ie\\\/ga\\\/baill-foirne-an-choimisiuin\\\/\",\"name\":\"Baill Foirne an Choimisi\u00fain - Law Reform\",\"isPartOf\":{\"@id\":\"https:\\\/\\\/www.lawreform.ie\\\/#website\"},\"datePublished\":\"2026-03-12T15:15:20+00:00\",\"dateModified\":\"2026-05-01T14:06:26+00:00\",\"breadcrumb\":{\"@id\":\"https:\\\/\\\/www.lawreform.ie\\\/ga\\\/baill-foirne-an-choimisiuin\\\/#breadcrumb\"},\"inLanguage\":\"ga\",\"potentialAction\":[{\"@type\":\"ReadAction\",\"target\":[\"https:\\\/\\\/www.lawreform.ie\\\/ga\\\/baill-foirne-an-choimisiuin\\\/\"]}]},{\"@type\":\"BreadcrumbList\",\"@id\":\"https:\\\/\\\/www.lawreform.ie\\\/ga\\\/baill-foirne-an-choimisiuin\\\/#breadcrumb\",\"itemListElement\":[{\"@type\":\"ListItem\",\"position\":1,\"name\":\"Home\",\"item\":\"https:\\\/\\\/www.lawreform.ie\\\/ga\\\/\"},{\"@type\":\"ListItem\",\"position\":2,\"name\":\"Baill Foirne an Choimisi\u00fain\"}]},{\"@type\":\"WebSite\",\"@id\":\"https:\\\/\\\/www.lawreform.ie\\\/#website\",\"url\":\"https:\\\/\\\/www.lawreform.ie\\\/\",\"name\":\"Law Reform\",\"description\":\"\",\"publisher\":{\"@id\":\"https:\\\/\\\/www.lawreform.ie\\\/#organization\"},\"potentialAction\":[{\"@type\":\"SearchAction\",\"target\":{\"@type\":\"EntryPoint\",\"urlTemplate\":\"https:\\\/\\\/www.lawreform.ie\\\/?s={search_term_string}\"},\"query-input\":{\"@type\":\"PropertyValueSpecification\",\"valueRequired\":true,\"valueName\":\"search_term_string\"}}],\"inLanguage\":\"ga\"},{\"@type\":\"Organization\",\"@id\":\"https:\\\/\\\/www.lawreform.ie\\\/#organization\",\"name\":\"Law Reform\",\"url\":\"https:\\\/\\\/www.lawreform.ie\\\/\",\"logo\":{\"@type\":\"ImageObject\",\"inLanguage\":\"ga\",\"@id\":\"https:\\\/\\\/www.lawreform.ie\\\/#\\\/schema\\\/logo\\\/image\\\/\",\"url\":\"https:\\\/\\\/www.lawreform.ie\\\/wp-content\\\/uploads\\\/2026\\\/02\\\/logo_LRC.svg\",\"contentUrl\":\"https:\\\/\\\/www.lawreform.ie\\\/wp-content\\\/uploads\\\/2026\\\/02\\\/logo_LRC.svg\",\"width\":1,\"height\":1,\"caption\":\"Law Reform\"},\"image\":{\"@id\":\"https:\\\/\\\/www.lawreform.ie\\\/#\\\/schema\\\/logo\\\/image\\\/\"}}]}<\/script>\n<!-- \/ Yoast SEO plugin. -->","yoast_head_json":{"title":"Baill Foirne an Choimisi\u00fain - Law Reform","robots":{"index":"index","follow":"follow","max-snippet":"max-snippet:-1","max-image-preview":"max-image-preview:large","max-video-preview":"max-video-preview:-1"},"canonical":"https:\/\/www.lawreform.ie\/ga\/baill-foirne-an-choimisiuin\/","og_locale":"en_US","og_type":"article","og_title":"Baill Foirne an Choimisi\u00fain - Law Reform","og_url":"https:\/\/www.lawreform.ie\/ga\/baill-foirne-an-choimisiuin\/","og_site_name":"Law Reform","article_modified_time":"2026-05-01T14:06:26+00:00","twitter_card":"summary_large_image","schema":{"@context":"https:\/\/schema.org","@graph":[{"@type":"WebPage","@id":"https:\/\/www.lawreform.ie\/ga\/baill-foirne-an-choimisiuin\/","url":"https:\/\/www.lawreform.ie\/ga\/baill-foirne-an-choimisiuin\/","name":"Baill Foirne an Choimisi\u00fain - Law Reform","isPartOf":{"@id":"https:\/\/www.lawreform.ie\/#website"},"datePublished":"2026-03-12T15:15:20+00:00","dateModified":"2026-05-01T14:06:26+00:00","breadcrumb":{"@id":"https:\/\/www.lawreform.ie\/ga\/baill-foirne-an-choimisiuin\/#breadcrumb"},"inLanguage":"ga","potentialAction":[{"@type":"ReadAction","target":["https:\/\/www.lawreform.ie\/ga\/baill-foirne-an-choimisiuin\/"]}]},{"@type":"BreadcrumbList","@id":"https:\/\/www.lawreform.ie\/ga\/baill-foirne-an-choimisiuin\/#breadcrumb","itemListElement":[{"@type":"ListItem","position":1,"name":"Home","item":"https:\/\/www.lawreform.ie\/ga\/"},{"@type":"ListItem","position":2,"name":"Baill Foirne an Choimisi\u00fain"}]},{"@type":"WebSite","@id":"https:\/\/www.lawreform.ie\/#website","url":"https:\/\/www.lawreform.ie\/","name":"Law Reform","description":"","publisher":{"@id":"https:\/\/www.lawreform.ie\/#organization"},"potentialAction":[{"@type":"SearchAction","target":{"@type":"EntryPoint","urlTemplate":"https:\/\/www.lawreform.ie\/?s={search_term_string}"},"query-input":{"@type":"PropertyValueSpecification","valueRequired":true,"valueName":"search_term_string"}}],"inLanguage":"ga"},{"@type":"Organization","@id":"https:\/\/www.lawreform.ie\/#organization","name":"Law Reform","url":"https:\/\/www.lawreform.ie\/","logo":{"@type":"ImageObject","inLanguage":"ga","@id":"https:\/\/www.lawreform.ie\/#\/schema\/logo\/image\/","url":"https:\/\/www.lawreform.ie\/wp-content\/uploads\/2026\/02\/logo_LRC.svg","contentUrl":"https:\/\/www.lawreform.ie\/wp-content\/uploads\/2026\/02\/logo_LRC.svg","width":1,"height":1,"caption":"Law Reform"},"image":{"@id":"https:\/\/www.lawreform.ie\/#\/schema\/logo\/image\/"}}]}},"_links":{"self":[{"href":"https:\/\/www.lawreform.ie\/ga\/wp-json\/wp\/v2\/pages\/888","targetHints":{"allow":["GET"]}}],"collection":[{"href":"https:\/\/www.lawreform.ie\/ga\/wp-json\/wp\/v2\/pages"}],"about":[{"href":"https:\/\/www.lawreform.ie\/ga\/wp-json\/wp\/v2\/types\/page"}],"author":[{"embeddable":true,"href":"https:\/\/www.lawreform.ie\/ga\/wp-json\/wp\/v2\/users\/12"}],"replies":[{"embeddable":true,"href":"https:\/\/www.lawreform.ie\/ga\/wp-json\/wp\/v2\/comments?post=888"}],"version-history":[{"count":0,"href":"https:\/\/www.lawreform.ie\/ga\/wp-json\/wp\/v2\/pages\/888\/revisions"}],"wp:attachment":[{"href":"https:\/\/www.lawreform.ie\/ga\/wp-json\/wp\/v2\/media?parent=888"}],"curies":[{"name":"wp","href":"https:\/\/api.w.org\/{rel}","templated":true}]}}