{"id":988,"date":"2026-02-26T09:18:26","date_gmt":"2026-02-26T09:18:26","guid":{"rendered":"https:\/\/www.lawreform.ie\/privacy-policy\/"},"modified":"2026-05-14T10:14:49","modified_gmt":"2026-05-14T10:14:49","slug":"beartas-priobhaideachta","status":"publish","type":"page","link":"https:\/\/www.lawreform.ie\/ga\/beartas-priobhaideachta\/","title":{"rendered":"Beartas Pr\u00edobh\u00e1ideachta"},"content":{"rendered":"<div class=\"wrapper-section wrapper-section--light block--section-heading-block\">\n  <div class=\"ui-grid align-center\">\n    <div class=\"cell medium-10 large-8 text-center\">\n      <div class=\"flex-container flex-gap-20 flex-column\">\n          <h2>Beartas Pr\u00edobh\u00e1ideachta<\/h2>\n      <\/div>\n    <\/div>\n  <\/div>\n<\/div>\n\n<div class=\"wrapper-section wrapper-section--white\">\n    <div class=\"ui-grid\">\n        <div class=\"cell medium-12\">\n            <article class=\"content-flow wysiwyg\">\n                <p>&nbsp;<\/p>\n<h4><strong>1. R\u00e9amhr\u00e1<\/strong><\/h4>\n<p>Comhlacht reacht\u00fail neamhsple\u00e1ch a buna\u00edodh leis an Acht f\u00e1n gCoimisi\u00fan um Athch\u00f3iri\u00fa an Dl\u00ed, 1975, is ea an Coimisi\u00fan um Athch\u00f3iri\u00fa an Dl\u00ed.\u00a0Is \u00e9 pr\u00edomhr\u00f3l an Choimisi\u00fain an dl\u00ed a choinne\u00e1il faoi athbhreithni\u00fa agus togra\u00ed le haghaidh athch\u00f3irithe a dh\u00e9anamh, go h\u00e1irithe tr\u00ed acht\u00fa reachta\u00edochta a mholadh chun an dl\u00ed a shoil\u00e9iri\u00fa agus a nuach\u00f3iri\u00fa.\u00a0Is \u00e9 at\u00e1 i gceist le taighde a dh\u00e9anamh ar thogra\u00ed athch\u00f3irithe n\u00e1 dul i gcomhairle le gr\u00fapa\u00ed agus daoine aonair leasmhara.<\/p>\n<p>&nbsp;<\/p>\n<p>\u00das\u00e1idimid faisn\u00e9is phearsanta ar aon dul leis na hoibleag\u00e1id\u00ed at\u00e1 orainn faoin Rialach\u00e1n Ginear\u00e1lta maidir le Cosaint Sonra\u00ed (RGCS).\u00a0T\u00e1 an Coimisi\u00fan tiomanta do chearta agus pr\u00edobh\u00e1ideacht daoine aonair a nd\u00e9anann an Coimisi\u00fan a gcuid faisn\u00e9ise a bhaili\u00fa agus a phr\u00f3ise\u00e1il a chosaint de r\u00e9ir reachta\u00edocht cosanta sonra\u00ed an Aontais Eorpaigh agus de r\u00e9ir reachta\u00edocht cosanta sonra\u00ed na h\u00c9ireann araon.<\/p>\n<p>&nbsp;<\/p>\n<h4><strong>2. Cusp\u00f3ir<\/strong><\/h4>\n<p>Is \u00e9 cusp\u00f3ir an bheartais seo na hoibleag\u00e1id\u00ed at\u00e1 ar an gCoimisi\u00fan faoin dl\u00ed cosanta sonra\u00ed is infheidhme a leagan amach agus tuairisc a thabhairt ar na bearta at\u00e1 le d\u00e9anamh chun comhl\u00edonadh na n-oibleag\u00e1id\u00ed sin a chinnti\u00fa.<\/p>\n<p>&nbsp;<\/p>\n<h4><strong>3. Cad is Sonra\u00ed Pearsanta ann?<\/strong><\/h4>\n<p>Is \u00e9 is \u201cSonra\u00ed Pearsanta\u201d ann aon fhaisn\u00e9is a bhaineann le duine n\u00e1d\u00fartha sainaitheanta n\u00f3 in-sainaitheanta; is \u00e9 is duine n\u00e1d\u00fartha in-sainaitheanta ann duine is f\u00e9idir a shainaithint, go d\u00edreach n\u00f3 go hind\u00edreach, go h\u00e1irithe tr\u00ed thagairt a dh\u00e9anamh d&#8217;aitheant\u00f3ir amhail ainm, uimhir aitheantais, sonra\u00ed su\u00edmh n\u00f3 ceann amh\u00e1in n\u00f3 n\u00edos m\u00f3 de thosca a bhaineann go sonrach le c\u00e9annacht fhisiceach, fhiseola\u00edoch, gh\u00e9initeach, mheabhrach, eacnama\u00edoch, chult\u00fartha n\u00f3 sh\u00f3isialta an duine n\u00e1d\u00fartha sin.\u00a0\u00c1ir\u00edtear leo Catag\u00f3ir\u00ed Speisialta Sonra\u00ed Pearsanta freisin.<\/p>\n<p>&nbsp;<\/p>\n<h4><strong>4. Conas a bhail\u00edmid do shonra\u00ed?<\/strong><\/h4>\n<p>Bail\u00edmid agus \u00fas\u00e1idimid faisn\u00e9is phearsanta chun \u00e1r gcuid oibre i r\u00e9imse athch\u00f3iri\u00fa an dl\u00ed a chur i gcr\u00edch agus chun freastal ar na hoibleag\u00e1id\u00ed at\u00e1 orainn i leith daoine a cheaptar chuig an gCoimisi\u00fan n\u00f3 a fhosta\u00edtear chun \u00e1r gcuid oibre a ghabh\u00e1il de l\u00e1imh.<\/p>\n<p>\u00c1ir\u00edtear leis an bhfaisn\u00e9is sin faisn\u00e9is a bhail\u00edmid agus a \u00fas\u00e1idimid faoi na daoine seo a leanas:<\/p>\n<ul>\n<li>Cuairteoir\u00ed ar \u00e1r su\u00edomh Gr\u00e9as\u00e1in<\/li>\n<li>Daoine a oibr\u00edonn linn le linn d\u00fainn forbairt a dh\u00e9anamh ar \u00e1r gcuid togra\u00ed le haghaidh athch\u00f3iri\u00fa an dl\u00ed<\/li>\n<li>Daoine a iarrann go gcoinneofa\u00ed iad ar an eolas faoin\u00e1r gcuid oibre<\/li>\n<li>Daoine a shol\u00e1thra\u00edonn seirbh\u00eds\u00ed d\u00fainn<\/li>\n<li>Coimisin\u00e9ir\u00ed agus baill foirne roimhe, reatha agus amach anseo<\/li>\n<li>Fiosruithe agus gear\u00e1in<\/li>\n<\/ul>\n<p>&nbsp;<\/p>\n<h4><strong>5. Na cr\u00edocha ar chucu a shealbha\u00edmid agus a choinn\u00edmid do shonra\u00ed pearsanta<\/strong><\/h4>\n<p>N\u00ed \u00fas\u00e1idimid faisn\u00e9is phearsanta ach amh\u00e1in a mh\u00e9id is g\u00e1 chun conradh fosta\u00edochta a chomhl\u00edonadh.\u00a0N\u00ed \u00fas\u00e1idimid faisn\u00e9is phearsanta na ndaoine a rannchuid\u00edonn leis na tuarasc\u00e1lacha agus na pl\u00e9ph\u00e1ip\u00e9ir uainn ach amh\u00e1in a mh\u00e9id is g\u00e1 chun \u00e1r gcuid oibre i r\u00e9imse athch\u00f3iri\u00fa an dl\u00ed a chur i gcr\u00edch, rud ar c\u00faram a dh\u00e9antar ar mhaithe le leas an phobail \u00e9.\u00a0\u00das\u00e1idimid faisn\u00e9is phearsanta na ndaoine a d\u2019iarr go gcoinneofa\u00ed iad ar an eolas faoi obair an Choimisi\u00fain lena dtoili\u00fa, agus f\u00e9adfar an toili\u00fa sin a tharraingt siar tr\u00e1th ar bith tr\u00ed iarraidh a sheoladh chuig\u00a0<a href=\"mailto:GDPR@lawreform.ie\"><strong>GDPR@lawreform.ie<\/strong><\/a>.<\/p>\n<p>&nbsp;<\/p>\n<h4><strong>6. Do shonra\u00ed pearsanta a nochtadh<\/strong><\/h4>\n<p>Maidir le haon fhaisn\u00e9is a shol\u00e1thra\u00edonn t\u00fa don Choimisi\u00fan, n\u00ed chuirtear \u00ed ar f\u00e1il d\u2019aon tr\u00ed\u00fa p\u00e1irtithe, agus n\u00ed \u00fas\u00e1ideann an Coimisi\u00fan \u00ed ach amh\u00e1in ar aon dul leis an gcr\u00edoch ar chuici a shol\u00e1thair t\u00fa \u00ed.<\/p>\n<p>&nbsp;<\/p>\n<h4><strong>7. Do shonra\u00ed pearsanta a choinne\u00e1il sl\u00e1n<\/strong><\/h4>\n<p>T\u00e1 an Coimisi\u00fan l\u00e1ntiomanta do na sonra\u00ed pearsanta uile a chuireann a gheallsealbh\u00f3ir\u00ed isteach a choinne\u00e1il sl\u00e1n s\u00e1bh\u00e1ilte le linn pr\u00f3isis riarach\u00e1in.\u00a0Cuireadh na bearta teicni\u00fala riachtanacha uile i bhfeidhm chun s\u00e1bh\u00e1ilteacht agus sl\u00e1nd\u00e1il na gc\u00f3ras lena sealbha\u00edtear na sonra\u00ed sin a chinnti\u00fa.\u00a0\u00c1ir\u00edtear leis na modhanna um chosaint sonra\u00ed tr\u00ed dhearadh a mbaineann an Coimisi\u00fan \u00fas\u00e1id astu a chinnti\u00fa go nd\u00e9antar aon phr\u00f3isis n\u00f3 n\u00f3sanna imeachta nua a dhearadh agus a th\u00e1st\u00e1il \u00f3 thaobh c\u00farsa\u00ed cosanta sonra\u00ed de, oili\u00faint foirne a chinnti\u00fa, agus a chinnti\u00fa go nd\u00e9antar athbhreithnithe ini\u00fach\u00f3ireachta agus beartais i gcomhth\u00e9acs cosanta sonra\u00ed.<\/p>\n<p>&nbsp;<\/p>\n<h4><strong>8. Na cearta at\u00e1 ag an duine aonair i nd\u00e1il le sonra\u00ed pearsanta a shealbha\u00edonn an Coimisi\u00fan<\/strong><\/h4>\n<p>Nuair a shol\u00e1thra\u00edonn t\u00fa, mar gheallsealbh\u00f3ir, sonra\u00ed pearsanta don Choimisi\u00fan, t\u00e1 cearta \u00e1irithe agat i nd\u00e1il leis na sonra\u00ed sin.\u00a0T\u00e1 na cearta sin leagtha amach th\u00edos, agus f\u00e9adfar iad a fheidhmi\u00fa tr\u00ed theagmh\u00e1il a dh\u00e9anamh leis an Oifigeach Cosanta Sonra\u00ed, \u00e1 r\u00e1 c\u00e9n ceart n\u00f3 c\u00e9 na cearta ba mhaith leat a fheidhmi\u00fa:<\/p>\n<ul>\n<li>an ceart chun faisn\u00e9is a fh\u00e1il agus an ceart chun rochtain a fh\u00e1il;<\/li>\n<li>an ceart go nd\u00e9anfa\u00ed ceart\u00fach\u00e1in;<\/li>\n<li>an ceart go nd\u00e9anfa\u00ed l\u00e9irscriosadh;<\/li>\n<li>an ceart go gcuirf\u00ed srian le pr\u00f3ise\u00e1il;<\/li>\n<li>an ceart chun iniomparthacht sonra\u00ed;<\/li>\n<li>an ceart chun ag\u00f3id a dh\u00e9anamh in aghaidh pr\u00f3ise\u00e1il;<\/li>\n<li>cearta i dtaca le cinnteoireacht uathoibrithe agus le pr\u00f3if\u00edli\u00fa.<\/li>\n<\/ul>\n<p>I gc\u00e1s roinnt de na cearta sonracha thuasluaite at\u00e1 ag \u00e1bhair sonra\u00ed faoi RGCS, tabhair faoi deara nach mbeidh feidhm acu maidir leis na catag\u00f3ir\u00ed sonra\u00ed pearsanta uile a phr\u00f3ise\u00e1lann an Coimisi\u00fan.\u00a0 Is \u00e9 an bealach is \u00e9asca chun tuilleadh faisn\u00e9ise a fh\u00e1il n\u00f3 chun iarraidh a dh\u00e9anamh chuig an gCoimisi\u00fan i nd\u00e1il le do shonra\u00ed pearsanta, lena n-\u00e1ir\u00edtear Iarraidh ar Rochtain d\u2019\u00c1bhar Sonra\u00ed a dh\u00e9anamh, n\u00e1 r\u00edomhphost a sheoladh chuig\u00a0<a href=\"mailto:GDPR@lawreform.ie\"><strong>GDPR@lawreform.ie<\/strong><\/a>.<\/p>\n<p>T\u00e1 faisn\u00e9is n\u00edos mine faoi na cearta at\u00e1 agat faoi RGCS ar f\u00e1il \u00f3n gCoimisi\u00fan um Chosaint Sonra\u00ed ag\u00a0<a href=\"https:\/\/www.dataprotection.ie\/en\/individuals\/rights-individuals-under-general-data-protection-regulation\"><strong>https:\/\/www.dataprotection.ie\/en\/individuals\/rights-individuals-under-general-data-protection-regulation<\/strong><\/a>.<\/p>\n<p>&nbsp;<\/p>\n<h4><strong>9. Coinne\u00e1il<\/strong><\/h4>\n<p>N\u00ed choinneoimid do Shonra\u00ed Pearsanta ar feadh tr\u00e9imhse n\u00edos faide n\u00e1 mar is g\u00e1.\u00a0Coinneoimid do Shonra\u00ed Pearsanta fad a theast\u00f3idh uainn iad chun na gcr\u00edoch at\u00e1 tuairiscithe san Fh\u00f3gra Pr\u00edobh\u00e1ideachta seo, n\u00f3 chun aon dl\u00ed n\u00f3 rialach\u00e1n is infheidhme, aon toghairm, aon bhar\u00e1ntas cuardaigh, aon ord\u00fa c\u00fairte n\u00f3 rial\u00e1la, n\u00f3 aon cheanglas reacht\u00fail eile a chomhl\u00edonadh, lena n-\u00e1ir\u00edtear na hoibleag\u00e1id\u00ed at\u00e1 ar an gCoimisi\u00fan faoin Acht um Chartlann N\u00e1isi\u00fanta, 1986 (arna leas\u00fa).<\/p>\n<p>&nbsp;<\/p>\n<h4><strong>10. Beartas Fian\u00e1n<\/strong><\/h4>\n<p>&nbsp;<\/p>\n<h5>Cad is fian\u00e1in ann?<\/h5>\n<p>Is comhad beag sonra\u00ed \u00e9 fian\u00e1n a aistr\u00edtear chuig do ghl\u00e9as (e.g. do ghuth\u00e1n n\u00f3 do r\u00edomhaire) a bhail\u00edonn faisn\u00e9is, lena n-\u00e1ir\u00edtear faisn\u00e9is phearsanta f\u00fat. \u00das\u00e1idtear go forleathan iad chun su\u00edomhanna gr\u00e9as\u00e1in a chur ag obair, n\u00f3 chun oibri\u00fa n\u00edos \u00e9ifeachta\u00ed, chomh maith le faisn\u00e9is a shol\u00e1thar d\u2019\u00fain\u00e9ir\u00ed su\u00edomhanna gr\u00e9as\u00e1in. Mar shampla, d\u2019fh\u00e9adfadh fian\u00e1n ligean d\u00e1r su\u00edomh gr\u00e9as\u00e1in do bhrabhs\u00e1la\u00ed a aithint, agus d\u2019fh\u00e9adfadh ceann eile do chuid sainroghanna agus faisn\u00e9is eile a st\u00f3r\u00e1il agus ligean duit nasclean\u00faint a dh\u00e9anamh ar an su\u00edomh gr\u00e9as\u00e1in go h\u00e9ifeachtach. Is f\u00e9idir le fian\u00e1in cabhr\u00fa freisin lena chinnti\u00fa go bhfuil f\u00f3gra\u00ed a fheiceann t\u00fa ar l\u00edne n\u00edos \u00e1bhartha duit f\u00e9in agus do do leasanna.<\/p>\n<p>Cine\u00e1lacha fian\u00e1n a \u00fas\u00e1idtear ar an su\u00edomh Gr\u00e9as\u00e1in seo<\/p>\n<p><!-- CookiePro Cookies List start --><\/p>\n<div id=\"ot-sdk-cookie-policy\"><\/div>\n<p><!-- CookiePro Cookies List end --><\/p>\n<h5><strong>Fian\u00e1in a bhainisti\u00fa agus a dh\u00edchumas\u00fa<\/strong><\/h5>\n<p>Aon fhian\u00e1n nach bhfuil Riachtanach go D\u00edreach, n\u00ed bh\u00edonn s\u00e9 gn\u00edomhach de r\u00e9ir r\u00e9amhshocraithe agus n\u00ed sheolann s\u00e9 faisn\u00e9is chuig an acmhainn as a nglaotar \u00e9. M\u00e1 ghlactar le gach fian\u00e1n, b\u00edonn na fian\u00e1in uile gn\u00edomhach. Is f\u00e9idir leat do chuid sainroghanna fian\u00e1n don su\u00edomh Gr\u00e9as\u00e1in a mhodhn\u00fa tr\u00e1th ar bith tr\u00ed chlice\u00e1il ar an gcnaipe \u2018Socruithe Fian\u00e1n\u2019 th\u00edos.<\/p>\n<p><!-- CookiePro Cookies Settings button start --><button id=\"ot-sdk-btn\" class=\"ot-sdk-show-settings\">Cookie Settings<\/button><br \/>\n<!-- CookiePro Cookies Settings button end --><\/p>\n\n            <\/article>\n        <\/div>\n    <\/div>\n<\/div>","protected":false},"excerpt":{"rendered":"","protected":false},"author":1,"featured_media":0,"parent":0,"menu_order":0,"comment_status":"closed","ping_status":"closed","template":"","meta":{"_acf_changed":true,"footnotes":""},"class_list":["post-988","page","type-page","status-publish","hentry"],"acf":[],"yoast_head":"<!-- This site is optimized with the Yoast SEO plugin v27.6 - https:\/\/yoast.com\/product\/yoast-seo-wordpress\/ -->\n<title>Beartas Pr\u00edobh\u00e1ideachta - Law Reform<\/title>\n<meta name=\"robots\" content=\"index, follow, max-snippet:-1, max-image-preview:large, max-video-preview:-1\" \/>\n<link rel=\"canonical\" href=\"https:\/\/www.lawreform.ie\/ga\/beartas-priobhaideachta\/\" \/>\n<meta property=\"og:locale\" content=\"en_US\" \/>\n<meta property=\"og:type\" content=\"article\" \/>\n<meta property=\"og:title\" content=\"Beartas Pr\u00edobh\u00e1ideachta - Law Reform\" \/>\n<meta property=\"og:url\" content=\"https:\/\/www.lawreform.ie\/ga\/beartas-priobhaideachta\/\" \/>\n<meta property=\"og:site_name\" content=\"Law Reform\" \/>\n<meta property=\"article:modified_time\" content=\"2026-05-14T10:14:49+00:00\" \/>\n<meta name=\"twitter:card\" content=\"summary_large_image\" \/>\n<script type=\"application\/ld+json\" class=\"yoast-schema-graph\">{\"@context\":\"https:\\\/\\\/schema.org\",\"@graph\":[{\"@type\":\"WebPage\",\"@id\":\"https:\\\/\\\/www.lawreform.ie\\\/ga\\\/beartas-priobhaideachta\\\/\",\"url\":\"https:\\\/\\\/www.lawreform.ie\\\/ga\\\/beartas-priobhaideachta\\\/\",\"name\":\"Beartas Pr\u00edobh\u00e1ideachta - Law Reform\",\"isPartOf\":{\"@id\":\"https:\\\/\\\/www.lawreform.ie\\\/#website\"},\"datePublished\":\"2026-02-26T09:18:26+00:00\",\"dateModified\":\"2026-05-14T10:14:49+00:00\",\"breadcrumb\":{\"@id\":\"https:\\\/\\\/www.lawreform.ie\\\/ga\\\/beartas-priobhaideachta\\\/#breadcrumb\"},\"inLanguage\":\"ga\",\"potentialAction\":[{\"@type\":\"ReadAction\",\"target\":[\"https:\\\/\\\/www.lawreform.ie\\\/ga\\\/beartas-priobhaideachta\\\/\"]}]},{\"@type\":\"BreadcrumbList\",\"@id\":\"https:\\\/\\\/www.lawreform.ie\\\/ga\\\/beartas-priobhaideachta\\\/#breadcrumb\",\"itemListElement\":[{\"@type\":\"ListItem\",\"position\":1,\"name\":\"Home\",\"item\":\"https:\\\/\\\/www.lawreform.ie\\\/ga\\\/\"},{\"@type\":\"ListItem\",\"position\":2,\"name\":\"Beartas Pr\u00edobh\u00e1ideachta\"}]},{\"@type\":\"WebSite\",\"@id\":\"https:\\\/\\\/www.lawreform.ie\\\/#website\",\"url\":\"https:\\\/\\\/www.lawreform.ie\\\/\",\"name\":\"Law Reform\",\"description\":\"\",\"publisher\":{\"@id\":\"https:\\\/\\\/www.lawreform.ie\\\/#organization\"},\"potentialAction\":[{\"@type\":\"SearchAction\",\"target\":{\"@type\":\"EntryPoint\",\"urlTemplate\":\"https:\\\/\\\/www.lawreform.ie\\\/?s={search_term_string}\"},\"query-input\":{\"@type\":\"PropertyValueSpecification\",\"valueRequired\":true,\"valueName\":\"search_term_string\"}}],\"inLanguage\":\"ga\"},{\"@type\":\"Organization\",\"@id\":\"https:\\\/\\\/www.lawreform.ie\\\/#organization\",\"name\":\"Law Reform\",\"url\":\"https:\\\/\\\/www.lawreform.ie\\\/\",\"logo\":{\"@type\":\"ImageObject\",\"inLanguage\":\"ga\",\"@id\":\"https:\\\/\\\/www.lawreform.ie\\\/#\\\/schema\\\/logo\\\/image\\\/\",\"url\":\"https:\\\/\\\/www.lawreform.ie\\\/wp-content\\\/uploads\\\/2026\\\/02\\\/logo_LRC.svg\",\"contentUrl\":\"https:\\\/\\\/www.lawreform.ie\\\/wp-content\\\/uploads\\\/2026\\\/02\\\/logo_LRC.svg\",\"width\":1,\"height\":1,\"caption\":\"Law Reform\"},\"image\":{\"@id\":\"https:\\\/\\\/www.lawreform.ie\\\/#\\\/schema\\\/logo\\\/image\\\/\"}}]}<\/script>\n<!-- \/ Yoast SEO plugin. -->","yoast_head_json":{"title":"Beartas Pr\u00edobh\u00e1ideachta - Law Reform","robots":{"index":"index","follow":"follow","max-snippet":"max-snippet:-1","max-image-preview":"max-image-preview:large","max-video-preview":"max-video-preview:-1"},"canonical":"https:\/\/www.lawreform.ie\/ga\/beartas-priobhaideachta\/","og_locale":"en_US","og_type":"article","og_title":"Beartas Pr\u00edobh\u00e1ideachta - Law Reform","og_url":"https:\/\/www.lawreform.ie\/ga\/beartas-priobhaideachta\/","og_site_name":"Law Reform","article_modified_time":"2026-05-14T10:14:49+00:00","twitter_card":"summary_large_image","schema":{"@context":"https:\/\/schema.org","@graph":[{"@type":"WebPage","@id":"https:\/\/www.lawreform.ie\/ga\/beartas-priobhaideachta\/","url":"https:\/\/www.lawreform.ie\/ga\/beartas-priobhaideachta\/","name":"Beartas Pr\u00edobh\u00e1ideachta - Law Reform","isPartOf":{"@id":"https:\/\/www.lawreform.ie\/#website"},"datePublished":"2026-02-26T09:18:26+00:00","dateModified":"2026-05-14T10:14:49+00:00","breadcrumb":{"@id":"https:\/\/www.lawreform.ie\/ga\/beartas-priobhaideachta\/#breadcrumb"},"inLanguage":"ga","potentialAction":[{"@type":"ReadAction","target":["https:\/\/www.lawreform.ie\/ga\/beartas-priobhaideachta\/"]}]},{"@type":"BreadcrumbList","@id":"https:\/\/www.lawreform.ie\/ga\/beartas-priobhaideachta\/#breadcrumb","itemListElement":[{"@type":"ListItem","position":1,"name":"Home","item":"https:\/\/www.lawreform.ie\/ga\/"},{"@type":"ListItem","position":2,"name":"Beartas Pr\u00edobh\u00e1ideachta"}]},{"@type":"WebSite","@id":"https:\/\/www.lawreform.ie\/#website","url":"https:\/\/www.lawreform.ie\/","name":"Law Reform","description":"","publisher":{"@id":"https:\/\/www.lawreform.ie\/#organization"},"potentialAction":[{"@type":"SearchAction","target":{"@type":"EntryPoint","urlTemplate":"https:\/\/www.lawreform.ie\/?s={search_term_string}"},"query-input":{"@type":"PropertyValueSpecification","valueRequired":true,"valueName":"search_term_string"}}],"inLanguage":"ga"},{"@type":"Organization","@id":"https:\/\/www.lawreform.ie\/#organization","name":"Law Reform","url":"https:\/\/www.lawreform.ie\/","logo":{"@type":"ImageObject","inLanguage":"ga","@id":"https:\/\/www.lawreform.ie\/#\/schema\/logo\/image\/","url":"https:\/\/www.lawreform.ie\/wp-content\/uploads\/2026\/02\/logo_LRC.svg","contentUrl":"https:\/\/www.lawreform.ie\/wp-content\/uploads\/2026\/02\/logo_LRC.svg","width":1,"height":1,"caption":"Law Reform"},"image":{"@id":"https:\/\/www.lawreform.ie\/#\/schema\/logo\/image\/"}}]}},"_links":{"self":[{"href":"https:\/\/www.lawreform.ie\/ga\/wp-json\/wp\/v2\/pages\/988","targetHints":{"allow":["GET"]}}],"collection":[{"href":"https:\/\/www.lawreform.ie\/ga\/wp-json\/wp\/v2\/pages"}],"about":[{"href":"https:\/\/www.lawreform.ie\/ga\/wp-json\/wp\/v2\/types\/page"}],"author":[{"embeddable":true,"href":"https:\/\/www.lawreform.ie\/ga\/wp-json\/wp\/v2\/users\/1"}],"replies":[{"embeddable":true,"href":"https:\/\/www.lawreform.ie\/ga\/wp-json\/wp\/v2\/comments?post=988"}],"version-history":[{"count":0,"href":"https:\/\/www.lawreform.ie\/ga\/wp-json\/wp\/v2\/pages\/988\/revisions"}],"wp:attachment":[{"href":"https:\/\/www.lawreform.ie\/ga\/wp-json\/wp\/v2\/media?parent=988"}],"curies":[{"name":"wp","href":"https:\/\/api.w.org\/{rel}","templated":true}]}}