{"id":998,"date":"2026-03-13T16:54:54","date_gmt":"2026-03-13T16:54:54","guid":{"rendered":"https:\/\/www.lawreform.ie\/cistiu-dlithiochta-triu-pairti\/"},"modified":"2026-05-08T13:58:27","modified_gmt":"2026-05-08T13:58:27","slug":"cistiu-dlithiochta-triu-pairti","status":"publish","type":"page","link":"https:\/\/www.lawreform.ie\/ga\/cistiu-dlithiochta-triu-pairti\/","title":{"rendered":"Cisti\u00fa Dl\u00edth\u00edochta Tr\u00ed\u00fa P\u00e1irt\u00ed"},"content":{"rendered":"<div class=\"wrapper-section wrapper-section--light block--section-heading-block\">\n  <div class=\"ui-grid align-center\">\n    <div class=\"cell medium-10 large-8 text-center\">\n      <div class=\"flex-container flex-gap-20 flex-column\">\n          <p class=\"subheading\">Tionscadail Reatha<\/p>\n          <h2>Cisti\u00fa Dl\u00edth\u00edochta Tr\u00ed\u00fa P\u00e1irt\u00ed<\/h2>\n      <\/div>\n    <\/div>\n  <\/div>\n<\/div>\n\n<div class=\"wrapper-section wrapper-section--white\">\n    <div class=\"ui-grid\">\n        <div class=\"cell medium-12\">\n            <article class=\"content-flow wysiwyg\">\n                <h3>C\u00falra<\/h3>\n<p>Tar \u00e9is fhoilsi\u00fa an Ph\u00e1ip\u00e9ir Comhairli\u00fach\u00e1in sa bhliain 2023, athbhreithn\u00edtear sa tionscadal seo c\u00e9 acu ba cheart n\u00f3 n\u00e1r cheart na cionta stairi\u00fala arb \u00e9ard iad claonchoth\u00fa agus camph\u00e1irt\u00edocht a choime\u00e1d n\u00f3 a rial\u00e1il agus c\u00e9 acu ba cheart n\u00f3 n\u00e1r cheart cisti\u00fa tr\u00ed\u00fa p\u00e1irt\u00ed a chead\u00fa in \u00c9irinn, i bhfianaise na hacmhainneachta at\u00e1 aige rochtain ar cheartas a leathn\u00fa, comhionannas arm a neart\u00fa, agus cur lena tharraingt\u00ed at\u00e1 \u00c9ire mar ionad dl\u00edth\u00edochta. Breithn\u00edtear sa tionscadal freisin na h\u00e1bhair imn\u00ed beartais a cuireadh in i\u00fal maidir le cisti\u00fa dl\u00edth\u00edochta tr\u00ed\u00fa p\u00e1irt\u00ed a dh\u00e9anamh dleathach, lena n-\u00e1ir\u00edtear cosaint\u00ed do thomhalt\u00f3ir\u00ed soghonta, an baol go nd\u00e9anfa\u00ed ceartas a thr\u00e1chtearr\u00fa, costais mh\u00e9adaithe, tearc-ch\u00faiteamh, agus \u00e9ilimh amhantracha n\u00f3 chr\u00e1iteacha, agus ini\u00fachtar ann conas a d\u2019fh\u00e9adfadh creat rial\u00e1la cu\u00ed tac\u00fa le hearn\u00e1il cisti\u00fach\u00e1in dl\u00edth\u00edochta tr\u00ed\u00fa p\u00e1irt\u00ed at\u00e1 tr\u00e9dhearcach, iontaofa agus ioma\u00edoch.<\/p>\n<p>&nbsp;<\/p>\n<h3>Tionscadal<\/h3>\n<p>Scr\u00fada\u00edtear an m\u00e9id seo a leanas sa tionscadal seo:<\/p>\n<ul>\n<li>Cisti\u00fa brab\u00fas-spreagtha dl\u00edth\u00edochta: F\u00e9achtar sa tionscadal ar chisti\u00fa brab\u00fas-spreagtha dl\u00edth\u00edochta ag tr\u00ed\u00fa p\u00e1irtithe nach bhfuil aon leas acu sa n\u00ed ar shl\u00ed eile. Ag t\u00f3g\u00e1il ar an bP\u00e1ip\u00e9ar Comhairli\u00fach\u00e1in uainn, breithneofar sa Tuarasc\u00e1il c\u00e9 acu ba cheart n\u00f3 n\u00e1r cheart an cine\u00e1l seo Cisti\u00fach\u00e1in Dl\u00edth\u00edochta Tr\u00ed\u00fa P\u00e1irt\u00ed a dh\u00e9anamh dleathach in \u00c9irinn agus, d\u00e1 mba cheart, conas ba cheart \u00e9 a rial\u00e1il agus c\u00e9 na daoine ar cheart \u00e9 a rial\u00e1il.<\/li>\n<li>Raon saincheisteanna: Ini\u00fachtar sa Tuarasc\u00e1il raon leathan saincheisteanna, lena n-\u00e1ir\u00edtear nochtadh, coinbhleachta\u00ed leasa, foirceannadh comhaontuithe cisti\u00fach\u00e1in, agus rial\u00fa an mhaoinitheora ar imeachta\u00ed. Pl\u00e9itear inti freisin leasanna at\u00e1 san ioma\u00edocht le ch\u00e9ile, idir rochtain ar cheartas, leasanna cosant\u00f3ir\u00ed, agus leas an phobail sna c\u00fairteanna agus i riaradh an cheartais agus leasanna tr\u00e1cht\u00e1la maoinitheoir\u00ed.<\/li>\n<li>Dl\u00edns\u00ed Compar\u00e1ideacha: Anail\u00eds\u00edtear sa Tuarasc\u00e1il na saincheisteanna sin i bhfianaise na l\u00e9argas a gn\u00f3tha\u00edodh \u00f3 gheallsealbh\u00f3ir\u00ed, \u00f3 fhorbairt\u00ed a thit amach le d\u00e9ana\u00ed i ndl\u00edns\u00ed compar\u00e1ideacha, lena n-\u00e1ir\u00edtear Sasana agus an Bhreatain Bheag, an Astr\u00e1il agus Ceanada, agus \u00f3 fhoilseach\u00e1in \u00f3n gCoimisi\u00fan Eorpach agus \u00f3n Institi\u00faid Eorpach um an Dl\u00ed.<\/li>\n<\/ul>\n<p>&nbsp;<\/p>\n<h3><strong>Na ch\u00e9ad ch\u00e9imeanna eile<\/strong><\/h3>\n<p>T\u00e1 an tuarasc\u00e1il \u00e1 tabhairt chun cr\u00edche ag an gCoimisi\u00fan faoi l\u00e1thair, agus molta\u00ed \u00e1 gcur l\u00e9i maidir le Cisti\u00fa Dl\u00edth\u00edochta Tr\u00ed\u00fa P\u00e1irt\u00ed.<\/p>\n<p>&nbsp;<\/p>\n<h3>Doicim\u00e9id<\/h3>\n<p><a href=\"https:\/\/publications.lawreform.ie\/Portal\/External\/en-GB\/RecordView\/Index\/62671\">P\u00e1ip\u00e9ar Comhairli\u00fach\u00e1in ar Chisti\u00fa Dl\u00edth\u00edochta Tr\u00ed\u00fa P\u00e1irt\u00ed<\/a>, a foils\u00edodh sa bhliain 2023<\/p>\n<p>&nbsp;<\/p>\n<h3>An tEolas is Deireana\u00ed<\/h3>\n<p>T\u00e1 an Coimisi\u00fan ag s\u00fail leis go bhfoilseoidh s\u00e9 an Tuarasc\u00e1il uaidh ar an tionscadal seo sa bhliain 2026.<\/p>\n\n            <\/article>\n        <\/div>\n    <\/div>\n<\/div>","protected":false},"excerpt":{"rendered":"","protected":false},"author":12,"featured_media":0,"parent":0,"menu_order":0,"comment_status":"closed","ping_status":"closed","template":"","meta":{"_acf_changed":true,"footnotes":""},"class_list":["post-998","page","type-page","status-publish","hentry"],"acf":[],"yoast_head":"<!-- This site is optimized with the Yoast SEO plugin v27.6 - https:\/\/yoast.com\/product\/yoast-seo-wordpress\/ -->\n<title>Cisti\u00fa Dl\u00edth\u00edochta Tr\u00ed\u00fa P\u00e1irt\u00ed - Law Reform<\/title>\n<meta name=\"robots\" content=\"index, follow, max-snippet:-1, max-image-preview:large, max-video-preview:-1\" \/>\n<link rel=\"canonical\" href=\"https:\/\/www.lawreform.ie\/ga\/cistiu-dlithiochta-triu-pairti\/\" \/>\n<meta property=\"og:locale\" content=\"en_US\" \/>\n<meta property=\"og:type\" content=\"article\" \/>\n<meta property=\"og:title\" content=\"Cisti\u00fa Dl\u00edth\u00edochta Tr\u00ed\u00fa P\u00e1irt\u00ed - Law Reform\" \/>\n<meta property=\"og:url\" content=\"https:\/\/www.lawreform.ie\/ga\/cistiu-dlithiochta-triu-pairti\/\" \/>\n<meta property=\"og:site_name\" content=\"Law Reform\" \/>\n<meta property=\"article:modified_time\" content=\"2026-05-08T13:58:27+00:00\" \/>\n<meta name=\"twitter:card\" content=\"summary_large_image\" \/>\n<script type=\"application\/ld+json\" class=\"yoast-schema-graph\">{\"@context\":\"https:\\\/\\\/schema.org\",\"@graph\":[{\"@type\":\"WebPage\",\"@id\":\"https:\\\/\\\/www.lawreform.ie\\\/ga\\\/cistiu-dlithiochta-triu-pairti\\\/\",\"url\":\"https:\\\/\\\/www.lawreform.ie\\\/ga\\\/cistiu-dlithiochta-triu-pairti\\\/\",\"name\":\"Cisti\u00fa Dl\u00edth\u00edochta Tr\u00ed\u00fa P\u00e1irt\u00ed - Law Reform\",\"isPartOf\":{\"@id\":\"https:\\\/\\\/www.lawreform.ie\\\/#website\"},\"datePublished\":\"2026-03-13T16:54:54+00:00\",\"dateModified\":\"2026-05-08T13:58:27+00:00\",\"breadcrumb\":{\"@id\":\"https:\\\/\\\/www.lawreform.ie\\\/ga\\\/cistiu-dlithiochta-triu-pairti\\\/#breadcrumb\"},\"inLanguage\":\"ga\",\"potentialAction\":[{\"@type\":\"ReadAction\",\"target\":[\"https:\\\/\\\/www.lawreform.ie\\\/ga\\\/cistiu-dlithiochta-triu-pairti\\\/\"]}]},{\"@type\":\"BreadcrumbList\",\"@id\":\"https:\\\/\\\/www.lawreform.ie\\\/ga\\\/cistiu-dlithiochta-triu-pairti\\\/#breadcrumb\",\"itemListElement\":[{\"@type\":\"ListItem\",\"position\":1,\"name\":\"Home\",\"item\":\"https:\\\/\\\/www.lawreform.ie\\\/ga\\\/\"},{\"@type\":\"ListItem\",\"position\":2,\"name\":\"Cisti\u00fa Dl\u00edth\u00edochta Tr\u00ed\u00fa P\u00e1irt\u00ed\"}]},{\"@type\":\"WebSite\",\"@id\":\"https:\\\/\\\/www.lawreform.ie\\\/#website\",\"url\":\"https:\\\/\\\/www.lawreform.ie\\\/\",\"name\":\"Law Reform\",\"description\":\"\",\"publisher\":{\"@id\":\"https:\\\/\\\/www.lawreform.ie\\\/#organization\"},\"potentialAction\":[{\"@type\":\"SearchAction\",\"target\":{\"@type\":\"EntryPoint\",\"urlTemplate\":\"https:\\\/\\\/www.lawreform.ie\\\/?s={search_term_string}\"},\"query-input\":{\"@type\":\"PropertyValueSpecification\",\"valueRequired\":true,\"valueName\":\"search_term_string\"}}],\"inLanguage\":\"ga\"},{\"@type\":\"Organization\",\"@id\":\"https:\\\/\\\/www.lawreform.ie\\\/#organization\",\"name\":\"Law Reform\",\"url\":\"https:\\\/\\\/www.lawreform.ie\\\/\",\"logo\":{\"@type\":\"ImageObject\",\"inLanguage\":\"ga\",\"@id\":\"https:\\\/\\\/www.lawreform.ie\\\/#\\\/schema\\\/logo\\\/image\\\/\",\"url\":\"https:\\\/\\\/www.lawreform.ie\\\/wp-content\\\/uploads\\\/2026\\\/02\\\/logo_LRC.svg\",\"contentUrl\":\"https:\\\/\\\/www.lawreform.ie\\\/wp-content\\\/uploads\\\/2026\\\/02\\\/logo_LRC.svg\",\"width\":1,\"height\":1,\"caption\":\"Law Reform\"},\"image\":{\"@id\":\"https:\\\/\\\/www.lawreform.ie\\\/#\\\/schema\\\/logo\\\/image\\\/\"}}]}<\/script>\n<!-- \/ Yoast SEO plugin. -->","yoast_head_json":{"title":"Cisti\u00fa Dl\u00edth\u00edochta Tr\u00ed\u00fa P\u00e1irt\u00ed - Law Reform","robots":{"index":"index","follow":"follow","max-snippet":"max-snippet:-1","max-image-preview":"max-image-preview:large","max-video-preview":"max-video-preview:-1"},"canonical":"https:\/\/www.lawreform.ie\/ga\/cistiu-dlithiochta-triu-pairti\/","og_locale":"en_US","og_type":"article","og_title":"Cisti\u00fa Dl\u00edth\u00edochta Tr\u00ed\u00fa P\u00e1irt\u00ed - Law Reform","og_url":"https:\/\/www.lawreform.ie\/ga\/cistiu-dlithiochta-triu-pairti\/","og_site_name":"Law Reform","article_modified_time":"2026-05-08T13:58:27+00:00","twitter_card":"summary_large_image","schema":{"@context":"https:\/\/schema.org","@graph":[{"@type":"WebPage","@id":"https:\/\/www.lawreform.ie\/ga\/cistiu-dlithiochta-triu-pairti\/","url":"https:\/\/www.lawreform.ie\/ga\/cistiu-dlithiochta-triu-pairti\/","name":"Cisti\u00fa Dl\u00edth\u00edochta Tr\u00ed\u00fa P\u00e1irt\u00ed - Law Reform","isPartOf":{"@id":"https:\/\/www.lawreform.ie\/#website"},"datePublished":"2026-03-13T16:54:54+00:00","dateModified":"2026-05-08T13:58:27+00:00","breadcrumb":{"@id":"https:\/\/www.lawreform.ie\/ga\/cistiu-dlithiochta-triu-pairti\/#breadcrumb"},"inLanguage":"ga","potentialAction":[{"@type":"ReadAction","target":["https:\/\/www.lawreform.ie\/ga\/cistiu-dlithiochta-triu-pairti\/"]}]},{"@type":"BreadcrumbList","@id":"https:\/\/www.lawreform.ie\/ga\/cistiu-dlithiochta-triu-pairti\/#breadcrumb","itemListElement":[{"@type":"ListItem","position":1,"name":"Home","item":"https:\/\/www.lawreform.ie\/ga\/"},{"@type":"ListItem","position":2,"name":"Cisti\u00fa Dl\u00edth\u00edochta Tr\u00ed\u00fa P\u00e1irt\u00ed"}]},{"@type":"WebSite","@id":"https:\/\/www.lawreform.ie\/#website","url":"https:\/\/www.lawreform.ie\/","name":"Law Reform","description":"","publisher":{"@id":"https:\/\/www.lawreform.ie\/#organization"},"potentialAction":[{"@type":"SearchAction","target":{"@type":"EntryPoint","urlTemplate":"https:\/\/www.lawreform.ie\/?s={search_term_string}"},"query-input":{"@type":"PropertyValueSpecification","valueRequired":true,"valueName":"search_term_string"}}],"inLanguage":"ga"},{"@type":"Organization","@id":"https:\/\/www.lawreform.ie\/#organization","name":"Law Reform","url":"https:\/\/www.lawreform.ie\/","logo":{"@type":"ImageObject","inLanguage":"ga","@id":"https:\/\/www.lawreform.ie\/#\/schema\/logo\/image\/","url":"https:\/\/www.lawreform.ie\/wp-content\/uploads\/2026\/02\/logo_LRC.svg","contentUrl":"https:\/\/www.lawreform.ie\/wp-content\/uploads\/2026\/02\/logo_LRC.svg","width":1,"height":1,"caption":"Law Reform"},"image":{"@id":"https:\/\/www.lawreform.ie\/#\/schema\/logo\/image\/"}}]}},"_links":{"self":[{"href":"https:\/\/www.lawreform.ie\/ga\/wp-json\/wp\/v2\/pages\/998","targetHints":{"allow":["GET"]}}],"collection":[{"href":"https:\/\/www.lawreform.ie\/ga\/wp-json\/wp\/v2\/pages"}],"about":[{"href":"https:\/\/www.lawreform.ie\/ga\/wp-json\/wp\/v2\/types\/page"}],"author":[{"embeddable":true,"href":"https:\/\/www.lawreform.ie\/ga\/wp-json\/wp\/v2\/users\/12"}],"replies":[{"embeddable":true,"href":"https:\/\/www.lawreform.ie\/ga\/wp-json\/wp\/v2\/comments?post=998"}],"version-history":[{"count":0,"href":"https:\/\/www.lawreform.ie\/ga\/wp-json\/wp\/v2\/pages\/998\/revisions"}],"wp:attachment":[{"href":"https:\/\/www.lawreform.ie\/ga\/wp-json\/wp\/v2\/media?parent=998"}],"curies":[{"name":"wp","href":"https:\/\/api.w.org\/{rel}","templated":true}]}}