{"id":999,"date":"2026-03-13T16:57:28","date_gmt":"2026-03-13T16:57:28","guid":{"rendered":"https:\/\/www.lawreform.ie\/comhlachtai-tugtha-breithiunas-nach-cuirteanna-iad-agus-achomhairc-chun-na-gcuirteanna-a-athchoiriu\/"},"modified":"2026-05-08T14:04:27","modified_gmt":"2026-05-08T14:04:27","slug":"comhlachtai-tugtha-breithiunas-nach-cuirteanna-iad-agus-achomhairc-chun-na-gcuirteanna-a-athchoiriu","status":"publish","type":"page","link":"https:\/\/www.lawreform.ie\/ga\/comhlachtai-tugtha-breithiunas-nach-cuirteanna-iad-agus-achomhairc-chun-na-gcuirteanna-a-athchoiriu\/","title":{"rendered":"Comhlachta\u00ed Tugtha Breithi\u00fanas nach C\u00fairteanna iad agus Achomhairc chun na gC\u00fairteanna a Athch\u00f3iri\u00fa"},"content":{"rendered":"<div class=\"wrapper-section wrapper-section--light block--section-heading-block\">\n  <div class=\"ui-grid align-center\">\n    <div class=\"cell medium-10 large-8 text-center\">\n      <div class=\"flex-container flex-gap-20 flex-column\">\n          <p class=\"subheading\">Tionscadail Reatha<\/p>\n          <h2>Comhlachta\u00ed Tugtha Breithi\u00fanas nach C\u00fairteanna iad agus Achomhairc chun na gC\u00fairteanna a Athch\u00f3iri\u00fa<\/h2>\n      <\/div>\n    <\/div>\n  <\/div>\n<\/div>\n\n<div class=\"wrapper-section wrapper-section--white\">\n    <div class=\"ui-grid\">\n        <div class=\"cell medium-12\">\n            <article class=\"content-flow wysiwyg\">\n                <h3>C\u00falra<\/h3>\n<p>Sa bhliain 2019, thosaigh an Coimisi\u00fan ag obair ar chomhlachta\u00ed tugtha breithi\u00fanas nach c\u00fairteanna iad agus achomhairc chun na gc\u00fairteanna a athch\u00f3iri\u00fa faoina Ch\u00faigi\u00fa Cl\u00e1r um Athch\u00f3iri\u00fa an Dl\u00ed. T\u00e1 cuid mh\u00f3r comhlachta\u00ed garbhreithi\u00fanacha ann in \u00c9irinn, amhail an Coimisi\u00fan Plean\u00e1la, an Binse um Achomhairc i dtaobh Cosaint Idirn\u00e1isi\u00fanta, an Bord um Thion\u00f3ntachta\u00ed C\u00f3naithe, agus an Oifig Achomhairc Leasa Sh\u00f3isialaigh, ar comhlachta\u00ed iad a th\u00e1inig chun cinn gan aon chur chuige aontaithe i leith n\u00f3s imeachta n\u00e1 i leith achomharc.<\/p>\n<p>&nbsp;<\/p>\n<h3><strong>Tionscadal<\/strong><\/h3>\n<p>Pl\u00e9itear an m\u00e9id seo a leanas sa Ph\u00e1ip\u00e9ar Comhairli\u00fach\u00e1in:<\/p>\n<ul>\n<li><strong>An Iliomad N\u00f3sanna Imeachta agus Achomharc:<\/strong> Th\u00e1inig f\u00e1s org\u00e1nach ar na comhlachta\u00ed lena mbaineann, rud a d\u2019fh\u00e1g gur ann anois do rialacha neamhr\u00e9ireacha fianaise agus do bheala\u00ed \u00e9ags\u00fala achomhairc, mar a tugadh faoi deara sa Tuarasc\u00e1il ar Fhianaise a d\u2019fhoilsigh an Coimisi\u00fan sa bhliain 2016.<\/li>\n<li><strong>Eochaircheisteanna: <\/strong>Ar cheart cur chuige caighde\u00e1nach a bheith ann i leith nithe n\u00f3s imeachta, rialacha a bhaineann le fianaise, agus rochtain ar ionada\u00edocht dhl\u00edthi\u00fail? Conas is f\u00e9idir \u00e9 sin a bhaint amach gan an tsol\u00fabthacht a theasta\u00edonn \u00f3 gach comhlacht chun na feidhmeanna uath\u00fala tugtha breithi\u00fanas at\u00e1 aige a chomhl\u00edonadh a chailleadh? \u00a0Conas is f\u00e9idir feabhas a chur ar ch\u00e1il\u00edocht agus strucht\u00far na cinnteoireachta? Conas is f\u00e9idir beala\u00ed achomhairc a shimpli\u00fa?<\/li>\n<li><strong>Samhlacha Compar\u00e1ideacha: <\/strong>Athbhreithn\u00edtear sa tionscadal athch\u00f3irithe a rinneadh sa R\u00edocht Aontaithe faoin <em>Tribunals, Courts and Enforcement Act 2007<\/em>, rud lenar cuireadh molta\u00ed \u00f3 <em>Thuarasc\u00e1il Leggatt (2001)<\/em> chun feidhme. Leis an Acht sin, tugadh isteach bun\u00fas aonair do bhins\u00ed achomhairc, agus comhdhl\u00fatha\u00edodh bins\u00ed ina strucht\u00far aonfhoirmeach. Sa tionscadal freisin, anail\u00eds\u00edtear athch\u00f3irithe a rinneadh i gCeanada, sa Nua-Sh\u00e9alainn agus san Astr\u00e1il agus breithn\u00edtear c\u00e9 acu a bheadh n\u00f3 nach mbeadh aon cheann de na hathch\u00f3irithe sin inoibrithe i gcomhth\u00e9acs na h\u00c9ireann.<\/li>\n<li><strong>Comhth\u00e9acs na h\u00c9ireann:<\/strong> C\u00e9 go bhf\u00e9adfadh saincheisteanna bunreacht\u00fala teacht chun cinn faoi Airteagail 34 agus 37 de Bhunreacht na h\u00c9ireann mar thoradh ar chomhdhl\u00fath\u00fa den s\u00f3rt sin, ini\u00fachtar sa Tuarasc\u00e1il c\u00e9 acu a d\u2019fh\u00e9adfa\u00ed n\u00f3 nach bhf\u00e9adfa\u00ed gn\u00e9ithe de shamhail na R\u00edochta Aontaithe \u2013 n\u00f3 athch\u00f3irithe \u00f3 dhl\u00edns\u00ed eile \u2013 a oiri\u00fan\u00fa d\u2019\u00c9irinn.<\/li>\n<\/ul>\n<p>&nbsp;<\/p>\n<h3><strong>Na ch\u00e9ad ch\u00e9imeanna eile<\/strong><\/h3>\n<p>San am i l\u00e1thair, t\u00e1 an Coimisi\u00fan ag dul i gcomhairle maidir le togra\u00ed le haghaidh c\u00f3ras n\u00edos comhlean\u00fana\u00ed pr\u00f3iseas agus n\u00f3sanna imeachta cinnteoireachta agus maidir leis an bhf\u00e9idearthacht at\u00e1 ann achomhairc a chu\u00edch\u00f3iri\u00fa.The Commission is currently consulting on proposals for a more coherent system of decision-making processes and procedures and about the possibility of streamlining appeals.<\/p>\n<p>&nbsp;<\/p>\n<h3><strong>Doicim\u00e9id<\/strong><\/h3>\n<p><a href=\"https:\/\/publications.lawreform.ie\/Portal\/External\/en-GB\/RecordView\/Index\/63045\">P\u00e1ip\u00e9ar Comhairli\u00fach\u00e1in ar Chomhlachta\u00ed Tugtha Breithi\u00fanas nach C\u00fairteanna iad agus Achomhairc chun na gC\u00fairteanna<\/a>, a foils\u00edodh i m\u00ed na Nollag 2025<\/p>\n<p>&nbsp;<\/p>\n<h3><strong>An tEolas is Deireana\u00ed<\/strong><\/h3>\n<p>T\u00e1 an comhairli\u00fach\u00e1n ar oscailt anois, agus cuireann an Coimisi\u00fan f\u00e1ilte roimh aighneachta\u00ed \u00f3 ph\u00e1irtithe leasmhara. Is f\u00e9idir leat tuilleadh faisn\u00e9ise a fh\u00e1il <a href=\"https:\/\/www.lawreform.ie\/consultations\/\">anseo<\/a>.<\/p>\n<p>&nbsp;<\/p>\n<p>&nbsp;<\/p>\n<p>&nbsp;<\/p>\n\n            <\/article>\n        <\/div>\n    <\/div>\n<\/div>","protected":false},"excerpt":{"rendered":"","protected":false},"author":12,"featured_media":0,"parent":0,"menu_order":0,"comment_status":"closed","ping_status":"closed","template":"","meta":{"_acf_changed":true,"footnotes":""},"class_list":["post-999","page","type-page","status-publish","hentry"],"acf":[],"yoast_head":"<!-- This site is optimized with the Yoast SEO plugin v27.6 - https:\/\/yoast.com\/product\/yoast-seo-wordpress\/ -->\n<title>Comhlachta\u00ed Tugtha Breithi\u00fanas nach C\u00fairteanna iad agus Achomhairc chun na gC\u00fairteanna a Athch\u00f3iri\u00fa - Law Reform<\/title>\n<meta name=\"robots\" content=\"index, follow, max-snippet:-1, max-image-preview:large, max-video-preview:-1\" \/>\n<link rel=\"canonical\" href=\"https:\/\/www.lawreform.ie\/ga\/comhlachtai-tugtha-breithiunas-nach-cuirteanna-iad-agus-achomhairc-chun-na-gcuirteanna-a-athchoiriu\/\" \/>\n<meta property=\"og:locale\" content=\"en_US\" \/>\n<meta property=\"og:type\" content=\"article\" \/>\n<meta property=\"og:title\" content=\"Comhlachta\u00ed Tugtha Breithi\u00fanas nach C\u00fairteanna iad agus Achomhairc chun na gC\u00fairteanna a Athch\u00f3iri\u00fa - Law Reform\" \/>\n<meta property=\"og:url\" content=\"https:\/\/www.lawreform.ie\/ga\/comhlachtai-tugtha-breithiunas-nach-cuirteanna-iad-agus-achomhairc-chun-na-gcuirteanna-a-athchoiriu\/\" \/>\n<meta property=\"og:site_name\" content=\"Law Reform\" \/>\n<meta property=\"article:modified_time\" content=\"2026-05-08T14:04:27+00:00\" \/>\n<meta name=\"twitter:card\" content=\"summary_large_image\" \/>\n<script type=\"application\/ld+json\" class=\"yoast-schema-graph\">{\"@context\":\"https:\\\/\\\/schema.org\",\"@graph\":[{\"@type\":\"WebPage\",\"@id\":\"https:\\\/\\\/www.lawreform.ie\\\/ga\\\/comhlachtai-tugtha-breithiunas-nach-cuirteanna-iad-agus-achomhairc-chun-na-gcuirteanna-a-athchoiriu\\\/\",\"url\":\"https:\\\/\\\/www.lawreform.ie\\\/ga\\\/comhlachtai-tugtha-breithiunas-nach-cuirteanna-iad-agus-achomhairc-chun-na-gcuirteanna-a-athchoiriu\\\/\",\"name\":\"Comhlachta\u00ed Tugtha Breithi\u00fanas nach C\u00fairteanna iad agus Achomhairc chun na gC\u00fairteanna a Athch\u00f3iri\u00fa - Law Reform\",\"isPartOf\":{\"@id\":\"https:\\\/\\\/www.lawreform.ie\\\/#website\"},\"datePublished\":\"2026-03-13T16:57:28+00:00\",\"dateModified\":\"2026-05-08T14:04:27+00:00\",\"breadcrumb\":{\"@id\":\"https:\\\/\\\/www.lawreform.ie\\\/ga\\\/comhlachtai-tugtha-breithiunas-nach-cuirteanna-iad-agus-achomhairc-chun-na-gcuirteanna-a-athchoiriu\\\/#breadcrumb\"},\"inLanguage\":\"ga\",\"potentialAction\":[{\"@type\":\"ReadAction\",\"target\":[\"https:\\\/\\\/www.lawreform.ie\\\/ga\\\/comhlachtai-tugtha-breithiunas-nach-cuirteanna-iad-agus-achomhairc-chun-na-gcuirteanna-a-athchoiriu\\\/\"]}]},{\"@type\":\"BreadcrumbList\",\"@id\":\"https:\\\/\\\/www.lawreform.ie\\\/ga\\\/comhlachtai-tugtha-breithiunas-nach-cuirteanna-iad-agus-achomhairc-chun-na-gcuirteanna-a-athchoiriu\\\/#breadcrumb\",\"itemListElement\":[{\"@type\":\"ListItem\",\"position\":1,\"name\":\"Home\",\"item\":\"https:\\\/\\\/www.lawreform.ie\\\/ga\\\/\"},{\"@type\":\"ListItem\",\"position\":2,\"name\":\"Comhlachta\u00ed Tugtha Breithi\u00fanas nach C\u00fairteanna iad agus Achomhairc chun na gC\u00fairteanna a Athch\u00f3iri\u00fa\"}]},{\"@type\":\"WebSite\",\"@id\":\"https:\\\/\\\/www.lawreform.ie\\\/#website\",\"url\":\"https:\\\/\\\/www.lawreform.ie\\\/\",\"name\":\"Law Reform\",\"description\":\"\",\"publisher\":{\"@id\":\"https:\\\/\\\/www.lawreform.ie\\\/#organization\"},\"potentialAction\":[{\"@type\":\"SearchAction\",\"target\":{\"@type\":\"EntryPoint\",\"urlTemplate\":\"https:\\\/\\\/www.lawreform.ie\\\/?s={search_term_string}\"},\"query-input\":{\"@type\":\"PropertyValueSpecification\",\"valueRequired\":true,\"valueName\":\"search_term_string\"}}],\"inLanguage\":\"ga\"},{\"@type\":\"Organization\",\"@id\":\"https:\\\/\\\/www.lawreform.ie\\\/#organization\",\"name\":\"Law Reform\",\"url\":\"https:\\\/\\\/www.lawreform.ie\\\/\",\"logo\":{\"@type\":\"ImageObject\",\"inLanguage\":\"ga\",\"@id\":\"https:\\\/\\\/www.lawreform.ie\\\/#\\\/schema\\\/logo\\\/image\\\/\",\"url\":\"https:\\\/\\\/www.lawreform.ie\\\/wp-content\\\/uploads\\\/2026\\\/02\\\/logo_LRC.svg\",\"contentUrl\":\"https:\\\/\\\/www.lawreform.ie\\\/wp-content\\\/uploads\\\/2026\\\/02\\\/logo_LRC.svg\",\"width\":1,\"height\":1,\"caption\":\"Law Reform\"},\"image\":{\"@id\":\"https:\\\/\\\/www.lawreform.ie\\\/#\\\/schema\\\/logo\\\/image\\\/\"}}]}<\/script>\n<!-- \/ Yoast SEO plugin. -->","yoast_head_json":{"title":"Comhlachta\u00ed Tugtha Breithi\u00fanas nach C\u00fairteanna iad agus Achomhairc chun na gC\u00fairteanna a Athch\u00f3iri\u00fa - Law Reform","robots":{"index":"index","follow":"follow","max-snippet":"max-snippet:-1","max-image-preview":"max-image-preview:large","max-video-preview":"max-video-preview:-1"},"canonical":"https:\/\/www.lawreform.ie\/ga\/comhlachtai-tugtha-breithiunas-nach-cuirteanna-iad-agus-achomhairc-chun-na-gcuirteanna-a-athchoiriu\/","og_locale":"en_US","og_type":"article","og_title":"Comhlachta\u00ed Tugtha Breithi\u00fanas nach C\u00fairteanna iad agus Achomhairc chun na gC\u00fairteanna a Athch\u00f3iri\u00fa - Law Reform","og_url":"https:\/\/www.lawreform.ie\/ga\/comhlachtai-tugtha-breithiunas-nach-cuirteanna-iad-agus-achomhairc-chun-na-gcuirteanna-a-athchoiriu\/","og_site_name":"Law Reform","article_modified_time":"2026-05-08T14:04:27+00:00","twitter_card":"summary_large_image","schema":{"@context":"https:\/\/schema.org","@graph":[{"@type":"WebPage","@id":"https:\/\/www.lawreform.ie\/ga\/comhlachtai-tugtha-breithiunas-nach-cuirteanna-iad-agus-achomhairc-chun-na-gcuirteanna-a-athchoiriu\/","url":"https:\/\/www.lawreform.ie\/ga\/comhlachtai-tugtha-breithiunas-nach-cuirteanna-iad-agus-achomhairc-chun-na-gcuirteanna-a-athchoiriu\/","name":"Comhlachta\u00ed Tugtha Breithi\u00fanas nach C\u00fairteanna iad agus Achomhairc chun na gC\u00fairteanna a Athch\u00f3iri\u00fa - Law Reform","isPartOf":{"@id":"https:\/\/www.lawreform.ie\/#website"},"datePublished":"2026-03-13T16:57:28+00:00","dateModified":"2026-05-08T14:04:27+00:00","breadcrumb":{"@id":"https:\/\/www.lawreform.ie\/ga\/comhlachtai-tugtha-breithiunas-nach-cuirteanna-iad-agus-achomhairc-chun-na-gcuirteanna-a-athchoiriu\/#breadcrumb"},"inLanguage":"ga","potentialAction":[{"@type":"ReadAction","target":["https:\/\/www.lawreform.ie\/ga\/comhlachtai-tugtha-breithiunas-nach-cuirteanna-iad-agus-achomhairc-chun-na-gcuirteanna-a-athchoiriu\/"]}]},{"@type":"BreadcrumbList","@id":"https:\/\/www.lawreform.ie\/ga\/comhlachtai-tugtha-breithiunas-nach-cuirteanna-iad-agus-achomhairc-chun-na-gcuirteanna-a-athchoiriu\/#breadcrumb","itemListElement":[{"@type":"ListItem","position":1,"name":"Home","item":"https:\/\/www.lawreform.ie\/ga\/"},{"@type":"ListItem","position":2,"name":"Comhlachta\u00ed Tugtha Breithi\u00fanas nach C\u00fairteanna iad agus Achomhairc chun na gC\u00fairteanna a Athch\u00f3iri\u00fa"}]},{"@type":"WebSite","@id":"https:\/\/www.lawreform.ie\/#website","url":"https:\/\/www.lawreform.ie\/","name":"Law Reform","description":"","publisher":{"@id":"https:\/\/www.lawreform.ie\/#organization"},"potentialAction":[{"@type":"SearchAction","target":{"@type":"EntryPoint","urlTemplate":"https:\/\/www.lawreform.ie\/?s={search_term_string}"},"query-input":{"@type":"PropertyValueSpecification","valueRequired":true,"valueName":"search_term_string"}}],"inLanguage":"ga"},{"@type":"Organization","@id":"https:\/\/www.lawreform.ie\/#organization","name":"Law Reform","url":"https:\/\/www.lawreform.ie\/","logo":{"@type":"ImageObject","inLanguage":"ga","@id":"https:\/\/www.lawreform.ie\/#\/schema\/logo\/image\/","url":"https:\/\/www.lawreform.ie\/wp-content\/uploads\/2026\/02\/logo_LRC.svg","contentUrl":"https:\/\/www.lawreform.ie\/wp-content\/uploads\/2026\/02\/logo_LRC.svg","width":1,"height":1,"caption":"Law Reform"},"image":{"@id":"https:\/\/www.lawreform.ie\/#\/schema\/logo\/image\/"}}]}},"_links":{"self":[{"href":"https:\/\/www.lawreform.ie\/ga\/wp-json\/wp\/v2\/pages\/999","targetHints":{"allow":["GET"]}}],"collection":[{"href":"https:\/\/www.lawreform.ie\/ga\/wp-json\/wp\/v2\/pages"}],"about":[{"href":"https:\/\/www.lawreform.ie\/ga\/wp-json\/wp\/v2\/types\/page"}],"author":[{"embeddable":true,"href":"https:\/\/www.lawreform.ie\/ga\/wp-json\/wp\/v2\/users\/12"}],"replies":[{"embeddable":true,"href":"https:\/\/www.lawreform.ie\/ga\/wp-json\/wp\/v2\/comments?post=999"}],"version-history":[{"count":0,"href":"https:\/\/www.lawreform.ie\/ga\/wp-json\/wp\/v2\/pages\/999\/revisions"}],"wp:attachment":[{"href":"https:\/\/www.lawreform.ie\/ga\/wp-json\/wp\/v2\/media?parent=999"}],"curies":[{"name":"wp","href":"https:\/\/api.w.org\/{rel}","templated":true}]}}